{"id":854,"date":"2022-08-16T13:59:59","date_gmt":"2022-08-16T13:59:59","guid":{"rendered":"https:\/\/www.insel-moen.de\/steder-paa-oeen-moen\/harbolle\/"},"modified":"2024-02-02T07:25:48","modified_gmt":"2024-02-02T07:25:48","slug":"harbolle","status":"publish","type":"page","link":"https:\/\/www.insel-moen.de\/da\/steder-paa-oeen-moen\/harbolle\/","title":{"rendered":"Harbolle"},"content":{"rendered":"\n<p>Harbolle er en charmerende lille landsby p\u00e5 nord\u00f8stkysten af \u00f8en M\u00f8n i Danmark. Det ligger ved bredden af Pr\u00e6st\u00f8 Fjord, som er kendt for sin betagende natur og et bredt udvalg af vandsport. Harbolle selv er et idyllisk sted, der lover en afslappende ferie med sine maleriske gader og danske landejendomme.<\/p>\n\n<p>Strandelskere vil blive glade for at vide, at Harbolle har en smuk sandstrand. Uanset om du vil tilbringe en dag i solen, sv\u00f8mme i det klare, k\u00f8lige vand eller bare nyde freden og roen, er Harbolle strand det perfekte sted at g\u00f8re det. Det rolige vand i fjorden er ogs\u00e5 ideelt for familier med sm\u00e5 b\u00f8rn.<\/p>\n\n<p>Hvad ang\u00e5r restauranter, har Harbolle ikke meget at byde p\u00e5, men den n\u00e6rliggende by Stege, kun 15 minutter v\u00e6k i bil, tilbyder en r\u00e6kke kulinariske oplevelser. Fra det traditionelle danske k\u00f8kken til moderne, internationale retter &#8211; Stege vil tilfredsstille alle ganer. Glem ikke at pr\u00f8ve det ber\u00f8mte danske sm\u00f8rrebr\u00f8d eller frisk fisk fra regionen!<\/p>\n\n<p>Naturen omkring Harbolle er simpelthen betagende. \u00d8en M\u00f8n er ber\u00f8mt for sine hvide kridtklinter, M\u00f8ns Klint, som du simpelthen er n\u00f8dt til at se. De ligger kun en kort k\u00f8retur fra Harbolle og byder p\u00e5 en betagende udsigt over \u00d8sters\u00f8en. Omr\u00e5det omkring Harbolle byder ogs\u00e5 p\u00e5 fremragende muligheder for vandreture, cykling og fuglekiggeri.<\/p>\n\n<p>N\u00e5r det g\u00e6lder sev\u00e6rdigheder, byder \u00f8en M\u00f8n p\u00e5 mange attraktioner. Bes\u00f8g M\u00f8ns Museum i Stege for at l\u00e6re mere om \u00f8ens historie og kultur. Eller udforsk de mange historiske kirker p\u00e5 \u00f8en, herunder den imponerende Elmelunde Kirke med sine ber\u00f8mte fresker.<\/p>\n\n<p>Harbolle tilbyder derfor en perfekt blanding af afslapning, natur og kultur. Det er det ideelle sted for alle, der \u00f8nsker at opdage Danmarks sk\u00f8nhed uden for alfarvej.<\/p>\n\n<div style=\"width: 100%\" id=\"c24pp-holidayhome_dk-iframe\" data-q=\"Askeby\"><\/div><script src=\"https:\/\/files.check24.net\/widgets\/auto\/124552\/c24pp-holidayhome_dk-iframe\/holidayhome-iframe.js\"><\/script>","protected":false},"excerpt":{"rendered":"<p>Harbolle er en charmerende lille landsby p\u00e5 nord\u00f8stkysten af \u00f8en M\u00f8n i Danmark. Det ligger ved bredden af Pr\u00e6st\u00f8 Fjord, som er kendt for sin betagende natur og et bredt udvalg af vandsport. Harbolle selv er et idyllisk sted, der lover en afslappende ferie med sine maleriske gader og danske landejendomme. Strandelskere vil blive glade [&hellip;]<\/p>\n","protected":false},"author":3,"featured_media":0,"parent":847,"menu_order":0,"comment_status":"closed","ping_status":"closed","template":"templates\/template-full-width.php","meta":{"footnotes":""},"class_list":["post-854","page","type-page","status-publish","hentry"],"yoast_head":"<!-- This site is optimized with the Yoast SEO plugin v24.5 - https:\/\/yoast.com\/wordpress\/plugins\/seo\/ -->\n<title>Harbolle - Insel M\u00f6n<\/title>\n<meta name=\"robots\" content=\"index, follow, max-snippet:-1, max-image-preview:large, max-video-preview:-1\" \/>\n<link rel=\"canonical\" href=\"https:\/\/www.insel-moen.de\/da\/steder-paa-oeen-moen\/harbolle\/\" \/>\n<meta property=\"og:locale\" content=\"da_DK\" \/>\n<meta property=\"og:type\" content=\"article\" \/>\n<meta property=\"og:title\" content=\"Harbolle - Insel M\u00f6n\" \/>\n<meta property=\"og:description\" content=\"Harbolle er en charmerende lille landsby p\u00e5 nord\u00f8stkysten af \u00f8en M\u00f8n i Danmark. Det ligger ved bredden af Pr\u00e6st\u00f8 Fjord, som er kendt for sin betagende natur og et bredt udvalg af vandsport. Harbolle selv er et idyllisk sted, der lover en afslappende ferie med sine maleriske gader og danske landejendomme. Strandelskere vil blive glade [&hellip;]\" \/>\n<meta property=\"og:url\" content=\"https:\/\/www.insel-moen.de\/da\/steder-paa-oeen-moen\/harbolle\/\" \/>\n<meta property=\"og:site_name\" content=\"Insel M\u00f6n\" \/>\n<meta property=\"article:modified_time\" content=\"2024-02-02T07:25:48+00:00\" \/>\n<meta name=\"twitter:card\" content=\"summary_large_image\" \/>\n<meta name=\"twitter:label1\" content=\"Estimeret l\u00e6setid\" \/>\n\t<meta name=\"twitter:data1\" content=\"2 minutter\" \/>\n<script type=\"application\/ld+json\" class=\"yoast-schema-graph\">{\"@context\":\"https:\/\/schema.org\",\"@graph\":[{\"@type\":\"WebPage\",\"@id\":\"https:\/\/www.insel-moen.de\/da\/steder-paa-oeen-moen\/harbolle\/\",\"url\":\"https:\/\/www.insel-moen.de\/da\/steder-paa-oeen-moen\/harbolle\/\",\"name\":\"Harbolle - Insel M\u00f6n\",\"isPartOf\":{\"@id\":\"https:\/\/www.insel-moen.de\/da\/#website\"},\"datePublished\":\"2022-08-16T13:59:59+00:00\",\"dateModified\":\"2024-02-02T07:25:48+00:00\",\"breadcrumb\":{\"@id\":\"https:\/\/www.insel-moen.de\/da\/steder-paa-oeen-moen\/harbolle\/#breadcrumb\"},\"inLanguage\":\"da-DK\",\"potentialAction\":[{\"@type\":\"ReadAction\",\"target\":[\"https:\/\/www.insel-moen.de\/da\/steder-paa-oeen-moen\/harbolle\/\"]}]},{\"@type\":\"BreadcrumbList\",\"@id\":\"https:\/\/www.insel-moen.de\/da\/steder-paa-oeen-moen\/harbolle\/#breadcrumb\",\"itemListElement\":[{\"@type\":\"ListItem\",\"position\":1,\"name\":\"Startseite\",\"item\":\"https:\/\/www.insel-moen.de\/da\/\"},{\"@type\":\"ListItem\",\"position\":2,\"name\":\"Steder p\u00e5 \u00f8en M\u00f6n\",\"item\":\"https:\/\/www.insel-moen.de\/da\/steder-paa-oeen-moen\/\"},{\"@type\":\"ListItem\",\"position\":3,\"name\":\"Harbolle\"}]},{\"@type\":\"WebSite\",\"@id\":\"https:\/\/www.insel-moen.de\/da\/#website\",\"url\":\"https:\/\/www.insel-moen.de\/da\/\",\"name\":\"Insel M\u00f6n\",\"description\":\"INSEL M\u00d6N - Urlaub in der D\u00e4nischen S\u00fcdsee\",\"publisher\":{\"@id\":\"https:\/\/www.insel-moen.de\/da\/#organization\"},\"potentialAction\":[{\"@type\":\"SearchAction\",\"target\":{\"@type\":\"EntryPoint\",\"urlTemplate\":\"https:\/\/www.insel-moen.de\/da\/?s={search_term_string}\"},\"query-input\":{\"@type\":\"PropertyValueSpecification\",\"valueRequired\":true,\"valueName\":\"search_term_string\"}}],\"inLanguage\":\"da-DK\"},{\"@type\":\"Organization\",\"@id\":\"https:\/\/www.insel-moen.de\/da\/#organization\",\"name\":\"www.insel-moen.de\",\"url\":\"https:\/\/www.insel-moen.de\/da\/\",\"logo\":{\"@type\":\"ImageObject\",\"inLanguage\":\"da-DK\",\"@id\":\"https:\/\/www.insel-moen.de\/da\/#\/schema\/logo\/image\/\",\"url\":\"https:\/\/www.insel-moen.de\/wp-content\/uploads\/2023\/08\/cropped-daenemark-logo-neu-klein.png\",\"contentUrl\":\"https:\/\/www.insel-moen.de\/wp-content\/uploads\/2023\/08\/cropped-daenemark-logo-neu-klein.png\",\"width\":100,\"height\":101,\"caption\":\"www.insel-moen.de\"},\"image\":{\"@id\":\"https:\/\/www.insel-moen.de\/da\/#\/schema\/logo\/image\/\"}}]}<\/script>\n<!-- \/ Yoast SEO plugin. -->","yoast_head_json":{"title":"Harbolle - Insel M\u00f6n","robots":{"index":"index","follow":"follow","max-snippet":"max-snippet:-1","max-image-preview":"max-image-preview:large","max-video-preview":"max-video-preview:-1"},"canonical":"https:\/\/www.insel-moen.de\/da\/steder-paa-oeen-moen\/harbolle\/","og_locale":"da_DK","og_type":"article","og_title":"Harbolle - Insel M\u00f6n","og_description":"Harbolle er en charmerende lille landsby p\u00e5 nord\u00f8stkysten af \u00f8en M\u00f8n i Danmark. Det ligger ved bredden af Pr\u00e6st\u00f8 Fjord, som er kendt for sin betagende natur og et bredt udvalg af vandsport. Harbolle selv er et idyllisk sted, der lover en afslappende ferie med sine maleriske gader og danske landejendomme. Strandelskere vil blive glade [&hellip;]","og_url":"https:\/\/www.insel-moen.de\/da\/steder-paa-oeen-moen\/harbolle\/","og_site_name":"Insel M\u00f6n","article_modified_time":"2024-02-02T07:25:48+00:00","twitter_card":"summary_large_image","twitter_misc":{"Estimeret l\u00e6setid":"2 minutter"},"schema":{"@context":"https:\/\/schema.org","@graph":[{"@type":"WebPage","@id":"https:\/\/www.insel-moen.de\/da\/steder-paa-oeen-moen\/harbolle\/","url":"https:\/\/www.insel-moen.de\/da\/steder-paa-oeen-moen\/harbolle\/","name":"Harbolle - Insel M\u00f6n","isPartOf":{"@id":"https:\/\/www.insel-moen.de\/da\/#website"},"datePublished":"2022-08-16T13:59:59+00:00","dateModified":"2024-02-02T07:25:48+00:00","breadcrumb":{"@id":"https:\/\/www.insel-moen.de\/da\/steder-paa-oeen-moen\/harbolle\/#breadcrumb"},"inLanguage":"da-DK","potentialAction":[{"@type":"ReadAction","target":["https:\/\/www.insel-moen.de\/da\/steder-paa-oeen-moen\/harbolle\/"]}]},{"@type":"BreadcrumbList","@id":"https:\/\/www.insel-moen.de\/da\/steder-paa-oeen-moen\/harbolle\/#breadcrumb","itemListElement":[{"@type":"ListItem","position":1,"name":"Startseite","item":"https:\/\/www.insel-moen.de\/da\/"},{"@type":"ListItem","position":2,"name":"Steder p\u00e5 \u00f8en M\u00f6n","item":"https:\/\/www.insel-moen.de\/da\/steder-paa-oeen-moen\/"},{"@type":"ListItem","position":3,"name":"Harbolle"}]},{"@type":"WebSite","@id":"https:\/\/www.insel-moen.de\/da\/#website","url":"https:\/\/www.insel-moen.de\/da\/","name":"Insel M\u00f6n","description":"INSEL M\u00d6N - Urlaub in der D\u00e4nischen S\u00fcdsee","publisher":{"@id":"https:\/\/www.insel-moen.de\/da\/#organization"},"potentialAction":[{"@type":"SearchAction","target":{"@type":"EntryPoint","urlTemplate":"https:\/\/www.insel-moen.de\/da\/?s={search_term_string}"},"query-input":{"@type":"PropertyValueSpecification","valueRequired":true,"valueName":"search_term_string"}}],"inLanguage":"da-DK"},{"@type":"Organization","@id":"https:\/\/www.insel-moen.de\/da\/#organization","name":"www.insel-moen.de","url":"https:\/\/www.insel-moen.de\/da\/","logo":{"@type":"ImageObject","inLanguage":"da-DK","@id":"https:\/\/www.insel-moen.de\/da\/#\/schema\/logo\/image\/","url":"https:\/\/www.insel-moen.de\/wp-content\/uploads\/2023\/08\/cropped-daenemark-logo-neu-klein.png","contentUrl":"https:\/\/www.insel-moen.de\/wp-content\/uploads\/2023\/08\/cropped-daenemark-logo-neu-klein.png","width":100,"height":101,"caption":"www.insel-moen.de"},"image":{"@id":"https:\/\/www.insel-moen.de\/da\/#\/schema\/logo\/image\/"}}]}},"_links":{"self":[{"href":"https:\/\/www.insel-moen.de\/da\/wp-json\/wp\/v2\/pages\/854","targetHints":{"allow":["GET"]}}],"collection":[{"href":"https:\/\/www.insel-moen.de\/da\/wp-json\/wp\/v2\/pages"}],"about":[{"href":"https:\/\/www.insel-moen.de\/da\/wp-json\/wp\/v2\/types\/page"}],"author":[{"embeddable":true,"href":"https:\/\/www.insel-moen.de\/da\/wp-json\/wp\/v2\/users\/3"}],"replies":[{"embeddable":true,"href":"https:\/\/www.insel-moen.de\/da\/wp-json\/wp\/v2\/comments?post=854"}],"version-history":[{"count":2,"href":"https:\/\/www.insel-moen.de\/da\/wp-json\/wp\/v2\/pages\/854\/revisions"}],"predecessor-version":[{"id":6490,"href":"https:\/\/www.insel-moen.de\/da\/wp-json\/wp\/v2\/pages\/854\/revisions\/6490"}],"up":[{"embeddable":true,"href":"https:\/\/www.insel-moen.de\/da\/wp-json\/wp\/v2\/pages\/847"}],"wp:attachment":[{"href":"https:\/\/www.insel-moen.de\/da\/wp-json\/wp\/v2\/media?parent=854"}],"curies":[{"name":"wp","href":"https:\/\/api.w.org\/{rel}","templated":true}]}}