{"id":847,"date":"2022-08-16T13:59:58","date_gmt":"2022-08-16T13:59:58","guid":{"rendered":"https:\/\/www.insel-moen.de\/steder-paa-oeen-moen\/"},"modified":"2024-04-29T16:21:33","modified_gmt":"2024-04-29T16:21:33","slug":"steder-paa-oeen-moen","status":"publish","type":"page","link":"https:\/\/www.insel-moen.de\/da\/steder-paa-oeen-moen\/","title":{"rendered":"Steder p\u00e5 \u00f8en M\u00f6n"},"content":{"rendered":"\n<p>M\u00f8n er en dansk \u00f8 i den \u00f8stlige del af landet. \u00d8en har lidt over 5.000 indbyggere og er et popul\u00e6rt turistm\u00e5l. De vigtigste byer og landsbyer p\u00e5 \u00f8en er:<\/p>\n\n<p>Stege: Stege er den st\u00f8rste by p\u00e5 M\u00f8n og ligger i midten af \u00f8en. Byen har lidt over 3.000 indbyggere og er et popul\u00e6rt turistm\u00e5l. Stege er hjemsted for en r\u00e6kke butikker og restauranter samt en r\u00e6kke historiske bygninger.<\/p>\n\n<p>M\u00f8ns Klint: M\u00f8ns Klint er en lille landsby p\u00e5 \u00f8ens nordkyst. Landsbyen rummer en r\u00e6kke butikker og restauranter samt en r\u00e6kke historiske bygninger. M\u00f8ns Klint er et popul\u00e6rt turistm\u00e5l p\u00e5 grund af n\u00e6rheden til M\u00f8ns Klint, som er en 6 km lang kridtklint.<\/p>\n\n<p>Klintholm: Klintholm er en lille landsby p\u00e5 \u00f8ens sydkyst. Landsbyen rummer en r\u00e6kke butikker og restauranter samt en r\u00e6kke historiske bygninger. Klintholm er et popul\u00e6rt turistm\u00e5l p\u00e5 grund af sin n\u00e6rhed til Klintholm strand.<\/p>\n\n<p>Borre: Borre er en lille landsby i den \u00f8stlige del af \u00f8en. Landsbyen rummer en r\u00e6kke butikker og restauranter samt en r\u00e6kke historiske bygninger. Borre er et popul\u00e6rt rejsem\u00e5l p\u00e5 grund af n\u00e6rheden til Borrehuse-stranden.<\/p>\n","protected":false},"excerpt":{"rendered":"<p>M\u00f8n er en dansk \u00f8 i den \u00f8stlige del af landet. \u00d8en har lidt over 5.000 indbyggere og er et popul\u00e6rt turistm\u00e5l. De vigtigste byer og landsbyer p\u00e5 \u00f8en er: Stege: Stege er den st\u00f8rste by p\u00e5 M\u00f8n og ligger i midten af \u00f8en. Byen har lidt over 3.000 indbyggere og er et popul\u00e6rt turistm\u00e5l. [&hellip;]<\/p>\n","protected":false},"author":3,"featured_media":8651,"parent":0,"menu_order":0,"comment_status":"closed","ping_status":"closed","template":"","meta":{"footnotes":""},"class_list":["post-847","page","type-page","status-publish","has-post-thumbnail","hentry"],"yoast_head":"<!-- This site is optimized with the Yoast SEO plugin v24.5 - https:\/\/yoast.com\/wordpress\/plugins\/seo\/ -->\n<title>Steder p\u00e5 \u00f8en M\u00f6n<\/title>\n<meta name=\"robots\" content=\"index, follow, max-snippet:-1, max-image-preview:large, max-video-preview:-1\" \/>\n<link rel=\"canonical\" href=\"https:\/\/www.insel-moen.de\/da\/steder-paa-oeen-moen\/\" \/>\n<meta property=\"og:locale\" content=\"da_DK\" \/>\n<meta property=\"og:type\" content=\"article\" \/>\n<meta property=\"og:title\" content=\"Steder p\u00e5 \u00f8en M\u00f6n\" \/>\n<meta property=\"og:description\" content=\"M\u00f8n er en dansk \u00f8 i den \u00f8stlige del af landet. \u00d8en har lidt over 5.000 indbyggere og er et popul\u00e6rt turistm\u00e5l. De vigtigste byer og landsbyer p\u00e5 \u00f8en er: Stege: Stege er den st\u00f8rste by p\u00e5 M\u00f8n og ligger i midten af \u00f8en. Byen har lidt over 3.000 indbyggere og er et popul\u00e6rt turistm\u00e5l. [&hellip;]\" \/>\n<meta property=\"og:url\" content=\"https:\/\/www.insel-moen.de\/da\/steder-paa-oeen-moen\/\" \/>\n<meta property=\"og:site_name\" content=\"Insel M\u00f6n\" \/>\n<meta property=\"article:modified_time\" content=\"2024-04-29T16:21:33+00:00\" \/>\n<meta name=\"twitter:card\" content=\"summary_large_image\" \/>\n<meta name=\"twitter:label1\" content=\"Estimeret l\u00e6setid\" \/>\n\t<meta name=\"twitter:data1\" content=\"2 minutter\" \/>\n<script type=\"application\/ld+json\" class=\"yoast-schema-graph\">{\"@context\":\"https:\/\/schema.org\",\"@graph\":[{\"@type\":\"WebPage\",\"@id\":\"https:\/\/www.insel-moen.de\/da\/steder-paa-oeen-moen\/\",\"url\":\"https:\/\/www.insel-moen.de\/da\/steder-paa-oeen-moen\/\",\"name\":\"Steder p\u00e5 \u00f8en M\u00f6n\",\"isPartOf\":{\"@id\":\"https:\/\/www.insel-moen.de\/da\/#website\"},\"primaryImageOfPage\":{\"@id\":\"https:\/\/www.insel-moen.de\/da\/steder-paa-oeen-moen\/#primaryimage\"},\"image\":{\"@id\":\"https:\/\/www.insel-moen.de\/da\/steder-paa-oeen-moen\/#primaryimage\"},\"thumbnailUrl\":\"https:\/\/www.insel-moen.de\/wp-content\/uploads\/2024\/05\/Bildschirmfoto-2024-05-18-um-10.56.15.png\",\"datePublished\":\"2022-08-16T13:59:58+00:00\",\"dateModified\":\"2024-04-29T16:21:33+00:00\",\"breadcrumb\":{\"@id\":\"https:\/\/www.insel-moen.de\/da\/steder-paa-oeen-moen\/#breadcrumb\"},\"inLanguage\":\"da-DK\",\"potentialAction\":[{\"@type\":\"ReadAction\",\"target\":[\"https:\/\/www.insel-moen.de\/da\/steder-paa-oeen-moen\/\"]}]},{\"@type\":\"ImageObject\",\"inLanguage\":\"da-DK\",\"@id\":\"https:\/\/www.insel-moen.de\/da\/steder-paa-oeen-moen\/#primaryimage\",\"url\":\"https:\/\/www.insel-moen.de\/wp-content\/uploads\/2024\/05\/Bildschirmfoto-2024-05-18-um-10.56.15.png\",\"contentUrl\":\"https:\/\/www.insel-moen.de\/wp-content\/uploads\/2024\/05\/Bildschirmfoto-2024-05-18-um-10.56.15.png\",\"width\":1898,\"height\":936,\"caption\":\"Inselhauptstadt von Moen - Stege\"},{\"@type\":\"BreadcrumbList\",\"@id\":\"https:\/\/www.insel-moen.de\/da\/steder-paa-oeen-moen\/#breadcrumb\",\"itemListElement\":[{\"@type\":\"ListItem\",\"position\":1,\"name\":\"Startseite\",\"item\":\"https:\/\/www.insel-moen.de\/da\/\"},{\"@type\":\"ListItem\",\"position\":2,\"name\":\"Steder p\u00e5 \u00f8en M\u00f6n\"}]},{\"@type\":\"WebSite\",\"@id\":\"https:\/\/www.insel-moen.de\/da\/#website\",\"url\":\"https:\/\/www.insel-moen.de\/da\/\",\"name\":\"Insel M\u00f6n\",\"description\":\"INSEL M\u00d6N - Urlaub in der D\u00e4nischen S\u00fcdsee\",\"publisher\":{\"@id\":\"https:\/\/www.insel-moen.de\/da\/#organization\"},\"potentialAction\":[{\"@type\":\"SearchAction\",\"target\":{\"@type\":\"EntryPoint\",\"urlTemplate\":\"https:\/\/www.insel-moen.de\/da\/?s={search_term_string}\"},\"query-input\":{\"@type\":\"PropertyValueSpecification\",\"valueRequired\":true,\"valueName\":\"search_term_string\"}}],\"inLanguage\":\"da-DK\"},{\"@type\":\"Organization\",\"@id\":\"https:\/\/www.insel-moen.de\/da\/#organization\",\"name\":\"www.insel-moen.de\",\"url\":\"https:\/\/www.insel-moen.de\/da\/\",\"logo\":{\"@type\":\"ImageObject\",\"inLanguage\":\"da-DK\",\"@id\":\"https:\/\/www.insel-moen.de\/da\/#\/schema\/logo\/image\/\",\"url\":\"https:\/\/www.insel-moen.de\/wp-content\/uploads\/2023\/08\/cropped-daenemark-logo-neu-klein.png\",\"contentUrl\":\"https:\/\/www.insel-moen.de\/wp-content\/uploads\/2023\/08\/cropped-daenemark-logo-neu-klein.png\",\"width\":100,\"height\":101,\"caption\":\"www.insel-moen.de\"},\"image\":{\"@id\":\"https:\/\/www.insel-moen.de\/da\/#\/schema\/logo\/image\/\"}}]}<\/script>\n<!-- \/ Yoast SEO plugin. -->","yoast_head_json":{"title":"Steder p\u00e5 \u00f8en M\u00f6n","robots":{"index":"index","follow":"follow","max-snippet":"max-snippet:-1","max-image-preview":"max-image-preview:large","max-video-preview":"max-video-preview:-1"},"canonical":"https:\/\/www.insel-moen.de\/da\/steder-paa-oeen-moen\/","og_locale":"da_DK","og_type":"article","og_title":"Steder p\u00e5 \u00f8en M\u00f6n","og_description":"M\u00f8n er en dansk \u00f8 i den \u00f8stlige del af landet. \u00d8en har lidt over 5.000 indbyggere og er et popul\u00e6rt turistm\u00e5l. De vigtigste byer og landsbyer p\u00e5 \u00f8en er: Stege: Stege er den st\u00f8rste by p\u00e5 M\u00f8n og ligger i midten af \u00f8en. Byen har lidt over 3.000 indbyggere og er et popul\u00e6rt turistm\u00e5l. [&hellip;]","og_url":"https:\/\/www.insel-moen.de\/da\/steder-paa-oeen-moen\/","og_site_name":"Insel M\u00f6n","article_modified_time":"2024-04-29T16:21:33+00:00","twitter_card":"summary_large_image","twitter_misc":{"Estimeret l\u00e6setid":"2 minutter"},"schema":{"@context":"https:\/\/schema.org","@graph":[{"@type":"WebPage","@id":"https:\/\/www.insel-moen.de\/da\/steder-paa-oeen-moen\/","url":"https:\/\/www.insel-moen.de\/da\/steder-paa-oeen-moen\/","name":"Steder p\u00e5 \u00f8en M\u00f6n","isPartOf":{"@id":"https:\/\/www.insel-moen.de\/da\/#website"},"primaryImageOfPage":{"@id":"https:\/\/www.insel-moen.de\/da\/steder-paa-oeen-moen\/#primaryimage"},"image":{"@id":"https:\/\/www.insel-moen.de\/da\/steder-paa-oeen-moen\/#primaryimage"},"thumbnailUrl":"https:\/\/www.insel-moen.de\/wp-content\/uploads\/2024\/05\/Bildschirmfoto-2024-05-18-um-10.56.15.png","datePublished":"2022-08-16T13:59:58+00:00","dateModified":"2024-04-29T16:21:33+00:00","breadcrumb":{"@id":"https:\/\/www.insel-moen.de\/da\/steder-paa-oeen-moen\/#breadcrumb"},"inLanguage":"da-DK","potentialAction":[{"@type":"ReadAction","target":["https:\/\/www.insel-moen.de\/da\/steder-paa-oeen-moen\/"]}]},{"@type":"ImageObject","inLanguage":"da-DK","@id":"https:\/\/www.insel-moen.de\/da\/steder-paa-oeen-moen\/#primaryimage","url":"https:\/\/www.insel-moen.de\/wp-content\/uploads\/2024\/05\/Bildschirmfoto-2024-05-18-um-10.56.15.png","contentUrl":"https:\/\/www.insel-moen.de\/wp-content\/uploads\/2024\/05\/Bildschirmfoto-2024-05-18-um-10.56.15.png","width":1898,"height":936,"caption":"Inselhauptstadt von Moen - Stege"},{"@type":"BreadcrumbList","@id":"https:\/\/www.insel-moen.de\/da\/steder-paa-oeen-moen\/#breadcrumb","itemListElement":[{"@type":"ListItem","position":1,"name":"Startseite","item":"https:\/\/www.insel-moen.de\/da\/"},{"@type":"ListItem","position":2,"name":"Steder p\u00e5 \u00f8en M\u00f6n"}]},{"@type":"WebSite","@id":"https:\/\/www.insel-moen.de\/da\/#website","url":"https:\/\/www.insel-moen.de\/da\/","name":"Insel M\u00f6n","description":"INSEL M\u00d6N - Urlaub in der D\u00e4nischen S\u00fcdsee","publisher":{"@id":"https:\/\/www.insel-moen.de\/da\/#organization"},"potentialAction":[{"@type":"SearchAction","target":{"@type":"EntryPoint","urlTemplate":"https:\/\/www.insel-moen.de\/da\/?s={search_term_string}"},"query-input":{"@type":"PropertyValueSpecification","valueRequired":true,"valueName":"search_term_string"}}],"inLanguage":"da-DK"},{"@type":"Organization","@id":"https:\/\/www.insel-moen.de\/da\/#organization","name":"www.insel-moen.de","url":"https:\/\/www.insel-moen.de\/da\/","logo":{"@type":"ImageObject","inLanguage":"da-DK","@id":"https:\/\/www.insel-moen.de\/da\/#\/schema\/logo\/image\/","url":"https:\/\/www.insel-moen.de\/wp-content\/uploads\/2023\/08\/cropped-daenemark-logo-neu-klein.png","contentUrl":"https:\/\/www.insel-moen.de\/wp-content\/uploads\/2023\/08\/cropped-daenemark-logo-neu-klein.png","width":100,"height":101,"caption":"www.insel-moen.de"},"image":{"@id":"https:\/\/www.insel-moen.de\/da\/#\/schema\/logo\/image\/"}}]}},"_links":{"self":[{"href":"https:\/\/www.insel-moen.de\/da\/wp-json\/wp\/v2\/pages\/847","targetHints":{"allow":["GET"]}}],"collection":[{"href":"https:\/\/www.insel-moen.de\/da\/wp-json\/wp\/v2\/pages"}],"about":[{"href":"https:\/\/www.insel-moen.de\/da\/wp-json\/wp\/v2\/types\/page"}],"author":[{"embeddable":true,"href":"https:\/\/www.insel-moen.de\/da\/wp-json\/wp\/v2\/users\/3"}],"replies":[{"embeddable":true,"href":"https:\/\/www.insel-moen.de\/da\/wp-json\/wp\/v2\/comments?post=847"}],"version-history":[{"count":1,"href":"https:\/\/www.insel-moen.de\/da\/wp-json\/wp\/v2\/pages\/847\/revisions"}],"predecessor-version":[{"id":849,"href":"https:\/\/www.insel-moen.de\/da\/wp-json\/wp\/v2\/pages\/847\/revisions\/849"}],"wp:featuredmedia":[{"embeddable":true,"href":"https:\/\/www.insel-moen.de\/da\/wp-json\/wp\/v2\/media\/8651"}],"wp:attachment":[{"href":"https:\/\/www.insel-moen.de\/da\/wp-json\/wp\/v2\/media?parent=847"}],"curies":[{"name":"wp","href":"https:\/\/api.w.org\/{rel}","templated":true}]}}