{"id":839,"date":"2022-08-16T13:36:00","date_gmt":"2022-08-16T13:36:00","guid":{"rendered":"https:\/\/www.insel-moen.de\/ferieboliger-paa-oeen-moen\/sommerhus-moen-med-havudsigt\/"},"modified":"2022-08-20T06:17:50","modified_gmt":"2022-08-20T06:17:50","slug":"sommerhus-moen-med-havudsigt","status":"publish","type":"page","link":"https:\/\/www.insel-moen.de\/da\/ferieboliger-paa-oeen-moen\/sommerhus-moen-med-havudsigt\/","title":{"rendered":"Sommerhus M\u00f6n med havudsigt"},"content":{"rendered":"\n<h2 class=\"wp-block-heading\">Udsigt til havet fra terrassen<\/h2>\n\n\n\n<p class=\"has-drop-cap\">Der er intet bedre end at v\u00e5gne op til lyden af b\u00f8lgerne, der sl\u00e5r mod kysten uden for dit ferieboligs vindue. Hvad er bedre end at nyde landskabet p\u00e5 den smukke \u00f8 M\u00f6n, mens du drikker din kaffe p\u00e5 balkonen i dit eget feriehus ved stranden? Forestil dig, at du v\u00e5gner op og ser havet foran dig. Det er s\u00e5 fredfyldt at se p\u00e5 fuglene, mens du drikker din morgenkaffe p\u00e5 din balkon og t\u00e6nker p\u00e5, hvilken strand du vil bes\u00f8ge i dag.<\/p>\n\n\n\n<p><a href=\"https:\/\/a.check24.net\/misc\/click.php?pid=124552&amp;aid=325&amp;cat=12&amp;deep=?voucher=strand21\" target=\"_blank\" rel=\"noreferrer noopener\">Indl\u00f8s et gavekort p\u00e5 50 \u20ac nu til feriehusreservationer!<\/a><\/p>\n\n\n\n<p>Listen over ferieboliger omfatter alle relevante udbydere som Novasol, Feriepartner og DanCenter.<\/p>\n\n\n\n<script type=\"text\/javascript\" src=\"https:\/\/p2026.atraveo.com\/index.php?controller=partnerintegration&#038;action=default&#038;art=search&#038;landiso=DK&#038;regionid=123&#038;lg=da&#038;cur=EUR&#038;versionname=weltfoto\"><\/script>\n\n\n\n<h2 class=\"wp-block-heading\">Ferieboliger p\u00e5 M\u00f6n p\u00e5 \u00f8ens kort<\/h2>\n\n\n<div class=\"wp-block-image\">\n<figure class=\"aligncenter\"><img loading=\"lazy\" decoding=\"async\" width=\"758\" height=\"478\" src=\"https:\/\/www.insel-moen.de\/wp-content\/uploads\/2019\/04\/ferienhaeuser-insel-moen-mit-meerblick.png\" alt=\"Ferieboliger ved vandet p\u00e5 M\u00f6n\" class=\"wp-image-776\" srcset=\"https:\/\/www.insel-moen.de\/wp-content\/uploads\/2019\/04\/ferienhaeuser-insel-moen-mit-meerblick.png 758w, https:\/\/www.insel-moen.de\/wp-content\/uploads\/2019\/04\/ferienhaeuser-insel-moen-mit-meerblick-300x189.png 300w, https:\/\/www.insel-moen.de\/wp-content\/uploads\/2019\/04\/ferienhaeuser-insel-moen-mit-meerblick-560x353.png 560w, https:\/\/www.insel-moen.de\/wp-content\/uploads\/2019\/04\/ferienhaeuser-insel-moen-mit-meerblick-120x76.png 120w, https:\/\/www.insel-moen.de\/wp-content\/uploads\/2019\/04\/ferienhaeuser-insel-moen-mit-meerblick-600x378.png 600w\" sizes=\"auto, (max-width: 758px) 100vw, 758px\" \/><figcaption>Feriehuse p\u00e5 \u00f8en Mon med havudsigt<\/figcaption><\/figure>\n<\/div>\n\n\n<h2 class=\"wp-block-heading\">Feriehuse p\u00e5 Mon med havudsigt<\/h2>\n\n\n\n<p>Feriehuse med havudsigt er s\u00e6rligt popul\u00e6re p\u00e5 \u00f8en M\u00f6n. \u00d8en M\u00f6n er n\u00e6sten helt omgivet af vand, s\u00e5 der er mange sommerhuse p\u00e5 stranden her. Meget popul\u00e6re her er Klintholm Havn, Rabylle Strand og Ulvshale. Men der er ogs\u00e5 huse direkte ved vandet i Stege &#8211; her dog uden sandstrand.<\/p>\n\n\n\n<p>Hvad er bedre end at tilbringe sommerferien med familien p\u00e5 en ferie p\u00e5 \u00f8en M\u00f6n ved de ber\u00f8mte kridtklipper? G\u00e5tur i parken ved Liselung Slot. Denne lille \u00f8 ud for Danmarks kyst byder p\u00e5 alt fra en stille b\u00f8rnevenlig strand til en klippekyst, der er perfekt til fiskeri! I centrum af Stege er der en k\u00f8bmand, en almindelig butik og en bager, s\u00e5 du er godt udstyret til din ferie.  <\/p>\n\n\n\n<p>S\u00e5 hvis du er p\u00e5 udkig efter et fredeligt sted, hvor du kan slappe af med din familie, er feriehuset ved havet det perfekte sted. Denne lille perle ligger uden for de slagne stier, men er et bes\u00f8g v\u00e6rd. Geocenter M\u00f6ns Klint giver interesserede en sp\u00e6ndende geologisk indsigt.<\/p>\n\n\n\n<h2 class=\"wp-block-heading\">Hvorfor leje et hus med havudsigt i Mon?  <\/h2>\n\n\n\n<p>Jeg elsker at tage til stranden om sommeren. Vandet er s\u00e5 forfriskende, n\u00e5r det rammer min hud, og jeg kan sidde i timevis og bare se b\u00f8lgerne skvulpe op og ned. Det er s\u00e5 smukt. Det er ogs\u00e5 en tiltr\u00e6ngt pause fra bylivets travlhed og travlhed. Efter et langt \u00e5r i byen har jeg brug for ro og ensomhed ved \u00d8sters\u00f8en til at slappe af og komme til h\u00e6gterne. Jeg f\u00f8ler mig frisk og forynget og klar til at tage livet op igen.<\/p>\n\n\n\n<h2 class=\"wp-block-heading\">Hvorfor leje et hus med havudsigt?  <\/h2>\n\n\n\n<p>Vi dr\u00f8mmer alle om en dag at kunne tilbringe en weekend eller en uge i et feriehus med havudsigt. Hvis du har penge nok til at k\u00f8be et sommerhus, er der mange muligheder, du kan benytte dig af. Men at leje en feriebolig er en fantastisk m\u00e5de at udleve sin dr\u00f8m p\u00e5, uden at man beh\u00f8ver at forpligte sig \u00f8konomisk til et k\u00f8b, som m\u00e5ske ikke er alt det, man havde h\u00e5bet p\u00e5. Og s\u00e5 er der de store besparelser, som udlejning af et feriehus giver. Du kan v\u00e6re sikker p\u00e5, at dine penge g\u00e5r til noget, som du nyder og vil vende tilbage til igen og igen.<\/p>\n\n\n\n<h2 class=\"wp-block-heading\">Hvor er de bedste ferieboliger med havudsigt?<\/h2>\n\n\n\n<p>Tag et kig p\u00e5 Ulfshale Strand . Vandet er klart og rent, og mens nogle strande er overfyldte med mennesker, er Ulvshale altid tomt. Men ogs\u00e5 Stege og R\u00e5bylille Strand har feriehuse lige ved vandet<\/p>\n\n\n\n<h2 class=\"wp-block-heading\">Naturens h\u00f8jdepunkter p\u00e5 M\u00f6n<\/h2>\n\n\n\n<p>\u00d8en Mon er p\u00e5 alle m\u00e5der enest\u00e5ende og n\u00e6sten et kontinent i sig selv. Den flade, engkl\u00e6dte vestlige del af \u00f8en bliver langsomt til bakkeland og krones af de enorme kridtklipper, som R\u00fcgen og Dover er meget misundelige p\u00e5. Sandstrande, fossilsamling, cykling og svampesamling, g\u00e5ture i Liselund Park eller shopping i Stege. At leje et sommerhus p\u00e5 M\u00f8n er som at holde ferie i tre lande p\u00e5 \u00e9n gang.<\/p>\n\n\n\n<h2 class=\"wp-block-heading\">Det bedste tidspunkt at rejse til en feriebolig p\u00e5 Mon<\/h2>\n\n\n\n<p>Det bedste tidspunkt er altid Fisk efter store hav\u00f8rreder om vinteren, g\u00e5 i G\u00fcnter Grass&#8217; fodspor i Ulfshale, eller drik te p\u00e5 hyggelige restauranter om efter\u00e5ret. Om sommeren kan du solbade p\u00e5 de smukke sandstrande og sejle i kano eller drage i b\u00f8lgerne. S\u00e5 det bedste tidspunkt at rejse p\u00e5 er altid.  <\/p>\n\n\n\n<p>Der er st\u00f8rre sandsynlighed for at finde ledige sommerhuse med havudsigt i lavs\u00e6sonen end i h\u00f8jsommeren, hvor hele Danmark vil p\u00e5 ferie p\u00e5 M\u00f8n.  <\/p>\n\n\n\n<h2 class=\"wp-block-heading\">Ferieboliger p\u00e5 Mon med hund<\/h2>\n\n\n\n<p>I mange feriehuse kan du naturligvis ogs\u00e5 medbringe dit yndlingsdyr og lade det boltre sig p\u00e5 stranden eller i hundeskoven. Lad. <\/p>\n\n\n\n<p>Du vil finde en liste over feriehuse med hund p\u00e5 M\u00f6n<a href=\"https:\/\/www.insel-moen.de\/ferienhaus\/ferienhaus-mit-hund\/\"> <strong>her<\/strong><\/a>.<\/p>\n","protected":false},"excerpt":{"rendered":"<p>Udsigt til havet fra terrassen Der er intet bedre end at v\u00e5gne op til lyden af b\u00f8lgerne, der sl\u00e5r mod kysten uden for dit ferieboligs vindue. Hvad er bedre end at nyde landskabet p\u00e5 den smukke \u00f8 M\u00f6n, mens du drikker din kaffe p\u00e5 balkonen i dit eget feriehus ved stranden? Forestil dig, at du [&hellip;]<\/p>\n","protected":false},"author":3,"featured_media":819,"parent":830,"menu_order":0,"comment_status":"closed","ping_status":"closed","template":"templates\/template-full-width.php","meta":{"footnotes":""},"class_list":["post-839","page","type-page","status-publish","has-post-thumbnail","hentry"],"yoast_head":"<!-- This site is optimized with the Yoast SEO plugin v24.5 - https:\/\/yoast.com\/wordpress\/plugins\/seo\/ -->\n<title>Sommerhus M\u00f6n med havudsigt - Insel M\u00f6n<\/title>\n<meta name=\"robots\" content=\"index, follow, max-snippet:-1, max-image-preview:large, max-video-preview:-1\" \/>\n<link rel=\"canonical\" href=\"https:\/\/www.insel-moen.de\/da\/ferieboliger-paa-oeen-moen\/sommerhus-moen-med-havudsigt\/\" \/>\n<meta property=\"og:locale\" content=\"da_DK\" \/>\n<meta property=\"og:type\" content=\"article\" \/>\n<meta property=\"og:title\" content=\"Sommerhus M\u00f6n med havudsigt - Insel M\u00f6n\" \/>\n<meta property=\"og:description\" content=\"Udsigt til havet fra terrassen Der er intet bedre end at v\u00e5gne op til lyden af b\u00f8lgerne, der sl\u00e5r mod kysten uden for dit ferieboligs vindue. Hvad er bedre end at nyde landskabet p\u00e5 den smukke \u00f8 M\u00f6n, mens du drikker din kaffe p\u00e5 balkonen i dit eget feriehus ved stranden? Forestil dig, at du [&hellip;]\" \/>\n<meta property=\"og:url\" content=\"https:\/\/www.insel-moen.de\/da\/ferieboliger-paa-oeen-moen\/sommerhus-moen-med-havudsigt\/\" \/>\n<meta property=\"og:site_name\" content=\"Insel M\u00f6n\" \/>\n<meta property=\"article:modified_time\" content=\"2022-08-20T06:17:50+00:00\" \/>\n<meta property=\"og:image\" content=\"https:\/\/www.insel-moen.de\/wp-content\/uploads\/2021\/10\/Ferienhaus-auf-moen-mit-meerblick.jpg\" \/>\n\t<meta property=\"og:image:width\" content=\"770\" \/>\n\t<meta property=\"og:image:height\" content=\"511\" \/>\n\t<meta property=\"og:image:type\" content=\"image\/jpeg\" \/>\n<meta name=\"twitter:card\" content=\"summary_large_image\" \/>\n<meta name=\"twitter:label1\" content=\"Estimeret l\u00e6setid\" \/>\n\t<meta name=\"twitter:data1\" content=\"4 minutter\" \/>\n<script type=\"application\/ld+json\" class=\"yoast-schema-graph\">{\"@context\":\"https:\/\/schema.org\",\"@graph\":[{\"@type\":\"WebPage\",\"@id\":\"https:\/\/www.insel-moen.de\/da\/ferieboliger-paa-oeen-moen\/sommerhus-moen-med-havudsigt\/\",\"url\":\"https:\/\/www.insel-moen.de\/da\/ferieboliger-paa-oeen-moen\/sommerhus-moen-med-havudsigt\/\",\"name\":\"Sommerhus M\u00f6n med havudsigt - Insel M\u00f6n\",\"isPartOf\":{\"@id\":\"https:\/\/www.insel-moen.de\/da\/#website\"},\"primaryImageOfPage\":{\"@id\":\"https:\/\/www.insel-moen.de\/da\/ferieboliger-paa-oeen-moen\/sommerhus-moen-med-havudsigt\/#primaryimage\"},\"image\":{\"@id\":\"https:\/\/www.insel-moen.de\/da\/ferieboliger-paa-oeen-moen\/sommerhus-moen-med-havudsigt\/#primaryimage\"},\"thumbnailUrl\":\"https:\/\/www.insel-moen.de\/wp-content\/uploads\/2021\/10\/Ferienhaus-auf-moen-mit-meerblick.jpg\",\"datePublished\":\"2022-08-16T13:36:00+00:00\",\"dateModified\":\"2022-08-20T06:17:50+00:00\",\"breadcrumb\":{\"@id\":\"https:\/\/www.insel-moen.de\/da\/ferieboliger-paa-oeen-moen\/sommerhus-moen-med-havudsigt\/#breadcrumb\"},\"inLanguage\":\"da-DK\",\"potentialAction\":[{\"@type\":\"ReadAction\",\"target\":[\"https:\/\/www.insel-moen.de\/da\/ferieboliger-paa-oeen-moen\/sommerhus-moen-med-havudsigt\/\"]}]},{\"@type\":\"ImageObject\",\"inLanguage\":\"da-DK\",\"@id\":\"https:\/\/www.insel-moen.de\/da\/ferieboliger-paa-oeen-moen\/sommerhus-moen-med-havudsigt\/#primaryimage\",\"url\":\"https:\/\/www.insel-moen.de\/wp-content\/uploads\/2021\/10\/Ferienhaus-auf-moen-mit-meerblick.jpg\",\"contentUrl\":\"https:\/\/www.insel-moen.de\/wp-content\/uploads\/2021\/10\/Ferienhaus-auf-moen-mit-meerblick.jpg\",\"width\":770,\"height\":511},{\"@type\":\"BreadcrumbList\",\"@id\":\"https:\/\/www.insel-moen.de\/da\/ferieboliger-paa-oeen-moen\/sommerhus-moen-med-havudsigt\/#breadcrumb\",\"itemListElement\":[{\"@type\":\"ListItem\",\"position\":1,\"name\":\"Startseite\",\"item\":\"https:\/\/www.insel-moen.de\/da\/\"},{\"@type\":\"ListItem\",\"position\":2,\"name\":\"Ferieboliger p\u00e5 \u00f8en M\u00f6n\",\"item\":\"https:\/\/www.insel-moen.de\/da\/ferieboliger-paa-oeen-moen\/\"},{\"@type\":\"ListItem\",\"position\":3,\"name\":\"Sommerhus M\u00f6n med havudsigt\"}]},{\"@type\":\"WebSite\",\"@id\":\"https:\/\/www.insel-moen.de\/da\/#website\",\"url\":\"https:\/\/www.insel-moen.de\/da\/\",\"name\":\"Insel M\u00f6n\",\"description\":\"INSEL M\u00d6N - Urlaub in der D\u00e4nischen S\u00fcdsee\",\"publisher\":{\"@id\":\"https:\/\/www.insel-moen.de\/da\/#organization\"},\"potentialAction\":[{\"@type\":\"SearchAction\",\"target\":{\"@type\":\"EntryPoint\",\"urlTemplate\":\"https:\/\/www.insel-moen.de\/da\/?s={search_term_string}\"},\"query-input\":{\"@type\":\"PropertyValueSpecification\",\"valueRequired\":true,\"valueName\":\"search_term_string\"}}],\"inLanguage\":\"da-DK\"},{\"@type\":\"Organization\",\"@id\":\"https:\/\/www.insel-moen.de\/da\/#organization\",\"name\":\"www.insel-moen.de\",\"url\":\"https:\/\/www.insel-moen.de\/da\/\",\"logo\":{\"@type\":\"ImageObject\",\"inLanguage\":\"da-DK\",\"@id\":\"https:\/\/www.insel-moen.de\/da\/#\/schema\/logo\/image\/\",\"url\":\"https:\/\/www.insel-moen.de\/wp-content\/uploads\/2023\/08\/cropped-daenemark-logo-neu-klein.png\",\"contentUrl\":\"https:\/\/www.insel-moen.de\/wp-content\/uploads\/2023\/08\/cropped-daenemark-logo-neu-klein.png\",\"width\":100,\"height\":101,\"caption\":\"www.insel-moen.de\"},\"image\":{\"@id\":\"https:\/\/www.insel-moen.de\/da\/#\/schema\/logo\/image\/\"}}]}<\/script>\n<!-- \/ Yoast SEO plugin. -->","yoast_head_json":{"title":"Sommerhus M\u00f6n med havudsigt - Insel M\u00f6n","robots":{"index":"index","follow":"follow","max-snippet":"max-snippet:-1","max-image-preview":"max-image-preview:large","max-video-preview":"max-video-preview:-1"},"canonical":"https:\/\/www.insel-moen.de\/da\/ferieboliger-paa-oeen-moen\/sommerhus-moen-med-havudsigt\/","og_locale":"da_DK","og_type":"article","og_title":"Sommerhus M\u00f6n med havudsigt - Insel M\u00f6n","og_description":"Udsigt til havet fra terrassen Der er intet bedre end at v\u00e5gne op til lyden af b\u00f8lgerne, der sl\u00e5r mod kysten uden for dit ferieboligs vindue. Hvad er bedre end at nyde landskabet p\u00e5 den smukke \u00f8 M\u00f6n, mens du drikker din kaffe p\u00e5 balkonen i dit eget feriehus ved stranden? Forestil dig, at du [&hellip;]","og_url":"https:\/\/www.insel-moen.de\/da\/ferieboliger-paa-oeen-moen\/sommerhus-moen-med-havudsigt\/","og_site_name":"Insel M\u00f6n","article_modified_time":"2022-08-20T06:17:50+00:00","og_image":[{"width":770,"height":511,"url":"https:\/\/www.insel-moen.de\/wp-content\/uploads\/2021\/10\/Ferienhaus-auf-moen-mit-meerblick.jpg","type":"image\/jpeg"}],"twitter_card":"summary_large_image","twitter_misc":{"Estimeret l\u00e6setid":"4 minutter"},"schema":{"@context":"https:\/\/schema.org","@graph":[{"@type":"WebPage","@id":"https:\/\/www.insel-moen.de\/da\/ferieboliger-paa-oeen-moen\/sommerhus-moen-med-havudsigt\/","url":"https:\/\/www.insel-moen.de\/da\/ferieboliger-paa-oeen-moen\/sommerhus-moen-med-havudsigt\/","name":"Sommerhus M\u00f6n med havudsigt - Insel M\u00f6n","isPartOf":{"@id":"https:\/\/www.insel-moen.de\/da\/#website"},"primaryImageOfPage":{"@id":"https:\/\/www.insel-moen.de\/da\/ferieboliger-paa-oeen-moen\/sommerhus-moen-med-havudsigt\/#primaryimage"},"image":{"@id":"https:\/\/www.insel-moen.de\/da\/ferieboliger-paa-oeen-moen\/sommerhus-moen-med-havudsigt\/#primaryimage"},"thumbnailUrl":"https:\/\/www.insel-moen.de\/wp-content\/uploads\/2021\/10\/Ferienhaus-auf-moen-mit-meerblick.jpg","datePublished":"2022-08-16T13:36:00+00:00","dateModified":"2022-08-20T06:17:50+00:00","breadcrumb":{"@id":"https:\/\/www.insel-moen.de\/da\/ferieboliger-paa-oeen-moen\/sommerhus-moen-med-havudsigt\/#breadcrumb"},"inLanguage":"da-DK","potentialAction":[{"@type":"ReadAction","target":["https:\/\/www.insel-moen.de\/da\/ferieboliger-paa-oeen-moen\/sommerhus-moen-med-havudsigt\/"]}]},{"@type":"ImageObject","inLanguage":"da-DK","@id":"https:\/\/www.insel-moen.de\/da\/ferieboliger-paa-oeen-moen\/sommerhus-moen-med-havudsigt\/#primaryimage","url":"https:\/\/www.insel-moen.de\/wp-content\/uploads\/2021\/10\/Ferienhaus-auf-moen-mit-meerblick.jpg","contentUrl":"https:\/\/www.insel-moen.de\/wp-content\/uploads\/2021\/10\/Ferienhaus-auf-moen-mit-meerblick.jpg","width":770,"height":511},{"@type":"BreadcrumbList","@id":"https:\/\/www.insel-moen.de\/da\/ferieboliger-paa-oeen-moen\/sommerhus-moen-med-havudsigt\/#breadcrumb","itemListElement":[{"@type":"ListItem","position":1,"name":"Startseite","item":"https:\/\/www.insel-moen.de\/da\/"},{"@type":"ListItem","position":2,"name":"Ferieboliger p\u00e5 \u00f8en M\u00f6n","item":"https:\/\/www.insel-moen.de\/da\/ferieboliger-paa-oeen-moen\/"},{"@type":"ListItem","position":3,"name":"Sommerhus M\u00f6n med havudsigt"}]},{"@type":"WebSite","@id":"https:\/\/www.insel-moen.de\/da\/#website","url":"https:\/\/www.insel-moen.de\/da\/","name":"Insel M\u00f6n","description":"INSEL M\u00d6N - Urlaub in der D\u00e4nischen S\u00fcdsee","publisher":{"@id":"https:\/\/www.insel-moen.de\/da\/#organization"},"potentialAction":[{"@type":"SearchAction","target":{"@type":"EntryPoint","urlTemplate":"https:\/\/www.insel-moen.de\/da\/?s={search_term_string}"},"query-input":{"@type":"PropertyValueSpecification","valueRequired":true,"valueName":"search_term_string"}}],"inLanguage":"da-DK"},{"@type":"Organization","@id":"https:\/\/www.insel-moen.de\/da\/#organization","name":"www.insel-moen.de","url":"https:\/\/www.insel-moen.de\/da\/","logo":{"@type":"ImageObject","inLanguage":"da-DK","@id":"https:\/\/www.insel-moen.de\/da\/#\/schema\/logo\/image\/","url":"https:\/\/www.insel-moen.de\/wp-content\/uploads\/2023\/08\/cropped-daenemark-logo-neu-klein.png","contentUrl":"https:\/\/www.insel-moen.de\/wp-content\/uploads\/2023\/08\/cropped-daenemark-logo-neu-klein.png","width":100,"height":101,"caption":"www.insel-moen.de"},"image":{"@id":"https:\/\/www.insel-moen.de\/da\/#\/schema\/logo\/image\/"}}]}},"_links":{"self":[{"href":"https:\/\/www.insel-moen.de\/da\/wp-json\/wp\/v2\/pages\/839","targetHints":{"allow":["GET"]}}],"collection":[{"href":"https:\/\/www.insel-moen.de\/da\/wp-json\/wp\/v2\/pages"}],"about":[{"href":"https:\/\/www.insel-moen.de\/da\/wp-json\/wp\/v2\/types\/page"}],"author":[{"embeddable":true,"href":"https:\/\/www.insel-moen.de\/da\/wp-json\/wp\/v2\/users\/3"}],"replies":[{"embeddable":true,"href":"https:\/\/www.insel-moen.de\/da\/wp-json\/wp\/v2\/comments?post=839"}],"version-history":[{"count":4,"href":"https:\/\/www.insel-moen.de\/da\/wp-json\/wp\/v2\/pages\/839\/revisions"}],"predecessor-version":[{"id":899,"href":"https:\/\/www.insel-moen.de\/da\/wp-json\/wp\/v2\/pages\/839\/revisions\/899"}],"up":[{"embeddable":true,"href":"https:\/\/www.insel-moen.de\/da\/wp-json\/wp\/v2\/pages\/830"}],"wp:featuredmedia":[{"embeddable":true,"href":"https:\/\/www.insel-moen.de\/da\/wp-json\/wp\/v2\/media\/819"}],"wp:attachment":[{"href":"https:\/\/www.insel-moen.de\/da\/wp-json\/wp\/v2\/media?parent=839"}],"curies":[{"name":"wp","href":"https:\/\/api.w.org\/{rel}","templated":true}]}}