{"id":834,"date":"2022-08-16T13:35:56","date_gmt":"2022-08-16T13:35:56","guid":{"rendered":"https:\/\/www.insel-moen.de\/aktiviteter-paa-oeen-moen\/badning-paa-oeen-moen\/"},"modified":"2024-04-29T16:22:44","modified_gmt":"2024-04-29T16:22:44","slug":"badning-paa-oeen-moen","status":"publish","type":"page","link":"https:\/\/www.insel-moen.de\/da\/aktiviteter-paa-oeen-moen\/badning-paa-oeen-moen\/","title":{"rendered":"Badning p\u00e5 \u00f8en M\u00f6n"},"content":{"rendered":"\n<p>M\u00f8n er kendt for sine forskelligartede kystlandskaber (i alt 140 km kystlinje) og ikke mindst for sine strande. Her er der nogle meget fine sandstrande &#8211; ikke helt s\u00e5 fine som p\u00e5 Bornholm, men omtrent lige s\u00e5 fine som p\u00e5 R\u00fcgen. Vi viser dig de bedste strande p\u00e5 Mon.<br\/>P\u00e5 Moen bestr\u00e6ber man sig p\u00e5 at bevare strandene med deres mangfoldighed af flora og fauna. Der er delvist sanit\u00e6re faciliteter, og stranden bliver j\u00e6vnligt renset for alger og opskyllede ting.<\/p>\n\n<h2 class=\"wp-block-heading\">Klintholm Havn  <\/h2>\n\n<p>Der sker meget her. Der er mange turister p\u00e5 vejen. Ikke desto mindre kan alle finde et roligt sted her. al info om stranden<br\/>Klintholm Havn strand er en smuk sandstrand og ligger p\u00e5 begge sider af den smukke fiskerihavn<br\/>mange faciliteter, lystb\u00e5dehavn, restauranter, butikker og indkvartering.<br\/>Video om stranden<\/p>\n\n<h2 class=\"wp-block-heading\">S\u00f8hundehavn (naturist)<\/h2>\n\n<p>Nudiststranden ligger \u00f8st for Ulvshale og har fint hvidt sukkersand. Der sker ikke meget her. Med lidt held kan du have stranden helt for dig selv. al info om stranden<\/p>\n\n<h2 class=\"wp-block-heading\">Ulsvhale (naturist)<\/h2>\n\n<p>Hovedstranden str\u00e6kker sig fra <a href=\"https:\/\/www.dansk.de\/mon\/ulvshale\/\" target=\"_blank\" rel=\"noreferrer noopener\">Ulvshale-halv\u00f8en<\/a> flere kilometer mod \u00f8st langs den nordvestlige kyst. Denne sektion med en samlet bredde p\u00e5 n\u00e6sten 450 meter har finkornet sand og en lavvandet indgang samt en b\u00f8rnepark. Det anses for at v\u00e6re et fremragende sted at sv\u00f8mme og er ogs\u00e5 fremragende til ridning, hvilket tiltr\u00e6kker unge mennesker i massevis.<\/p>\n\n<p>Der er ret mange turister p\u00e5 stedet. Stranden er 5 km lang og har f\u00e5et et bl\u00e5t flag, men den g\u00e5r tabt, s\u00e5 du kan ogs\u00e5 bade nudistbadning her uden at blive forstyrret. Ikke et spor af tr\u00e6ngsel. Der er smukke klitter og fint hvidt sukkersand. Der er ogs\u00e5 adgang for k\u00f8restolsbrugere, toilet og indk\u00f8bsmuligheder. De seneste nyheder kan ses p\u00e5 en informationstavle p\u00e5 stranden.<br\/>Stranden ved Ulvshale er lavvandet og derfor meget b\u00f8rnevenlig.<\/p>\n\n<h2 class=\"wp-block-heading\">Rabylille Strand p\u00e5 sydkysten af M\u00f8n<\/h2>\n\n<p>er et smukt boligomr\u00e5de og en naturstrand med mange b\u00f8lgebroer. Der er nogle klipper og tang mellem bynkerne. Du kan dog finde nogle gode bademuligheder under en tur langs stranden. Det er muligt at g\u00e5 langs stranden &#8211; til Klintholm Havn.<\/p>\n\n<h2 class=\"wp-block-heading\">Rytzebaek Strand p\u00e5 Vestm\u00f8n<\/h2>\n\n<p>Stranden har gode parkeringsmuligheder lige bag stranden, men ingen yderligere faciliteter. Det er en naturlig strand med sand og et par sten i vandet. Stranden er meget velegnet til vandreture, b\u00e5de mod \u00f8st mod kridtklipperne og mod vest mod Fanefjordskoven med de smukke, store b\u00f8getr\u00e6er. En smuk strand for naturelskere.<\/p>\n\n<h2 class=\"wp-block-heading\">Harb\u00f8lle Strand er en stor strand med klitter og sand.<\/h2>\n\n<p>Her er en campingplads lige ved siden af stranden. Badeg\u00e6ster bruger de offentlige parkeringspladser, hvorfra en sti f\u00f8rer ned til stranden. Ikke langt herfra (ved stenbruddet) er der gode fiskemuligheder. Der er en kiosk, toiletter og en hyggelig atmosf\u00e6re.<\/p>\n\n<h2 class=\"wp-block-heading\">Oddermose strand<\/h2>\n\n<p>Hvis du vil have fred og ro p\u00e5 stranden, skal du helt sikkert tage til Oddermose. Stranden kan ogs\u00e5 varmt anbefales til hundeelskere. Der er endda en toiletbygning p\u00e5 parkeringspladsen, som fungerer som midlertidigt opbevaringsomr\u00e5de for store sten. Selve stranden er meget stenet, men der er ogs\u00e5 gode sandomr\u00e5der. Der kan ogs\u00e5 findes kuglesvampe og lynnedslag.<\/p>\n\n<h2 class=\"wp-block-heading\">K\u00f8benhavns L\u00e6rerforenings Kolonier &#8211; \u00d8sters\u00f8en<\/h2>\n\n<p>Rigtig god strand med masser af sand og ogs\u00e5 sten. Du kan ogs\u00e5 leje noget her.  <a href=\"https:\/\/kolonierne.dk\/koloni\/oestersoeen\/\">Link<\/a><\/p>\n\n<div class=\"wp-block-cover has-background-dim-10 has-background-dim\"><img loading=\"lazy\" decoding=\"async\" width=\"500\" height=\"279\" class=\"wp-block-cover__image-background wp-image-118\" alt=\"\" src=\"https:\/\/www.insel-moen.de\/wp-content\/uploads\/2019\/04\/straende-auf-moen.jpg\" data-object-fit=\"cover\" srcset=\"https:\/\/www.insel-moen.de\/wp-content\/uploads\/2019\/04\/straende-auf-moen.jpg 500w, https:\/\/www.insel-moen.de\/wp-content\/uploads\/2019\/04\/straende-auf-moen-300x167.jpg 300w, https:\/\/www.insel-moen.de\/wp-content\/uploads\/2019\/04\/straende-auf-moen-120x67.jpg 120w\" sizes=\"auto, (max-width: 500px) 100vw, 500px\" \/><div class=\"wp-block-cover__inner-container is-layout-flow wp-block-cover-is-layout-flow\">\n<p class=\"has-text-align-center has-large-font-size\"><em>En sv\u00f8mmetur i \u00d8sters\u00f8en p\u00e5 M\u00f6n<\/em><\/p>\n<\/div><\/div>\n","protected":false},"excerpt":{"rendered":"<p>M\u00f8n er kendt for sine forskelligartede kystlandskaber (i alt 140 km kystlinje) og ikke mindst for sine strande. Her er der nogle meget fine sandstrande &#8211; ikke helt s\u00e5 fine som p\u00e5 Bornholm, men omtrent lige s\u00e5 fine som p\u00e5 R\u00fcgen. Vi viser dig de bedste strande p\u00e5 Mon.P\u00e5 Moen bestr\u00e6ber man sig p\u00e5 at [&hellip;]<\/p>\n","protected":false},"author":3,"featured_media":818,"parent":825,"menu_order":0,"comment_status":"closed","ping_status":"closed","template":"templates\/template-full-width.php","meta":{"footnotes":""},"class_list":["post-834","page","type-page","status-publish","has-post-thumbnail","hentry"],"yoast_head":"<!-- This site is optimized with the Yoast SEO plugin v24.5 - https:\/\/yoast.com\/wordpress\/plugins\/seo\/ -->\n<title>Badning p\u00e5 \u00f8en M\u00f6n<\/title>\n<meta name=\"robots\" content=\"index, follow, max-snippet:-1, max-image-preview:large, max-video-preview:-1\" \/>\n<link rel=\"canonical\" href=\"https:\/\/www.insel-moen.de\/da\/aktiviteter-paa-oeen-moen\/badning-paa-oeen-moen\/\" \/>\n<meta property=\"og:locale\" content=\"da_DK\" \/>\n<meta property=\"og:type\" content=\"article\" \/>\n<meta property=\"og:title\" content=\"Badning p\u00e5 \u00f8en M\u00f6n\" \/>\n<meta property=\"og:description\" content=\"M\u00f8n er kendt for sine forskelligartede kystlandskaber (i alt 140 km kystlinje) og ikke mindst for sine strande. Her er der nogle meget fine sandstrande &#8211; ikke helt s\u00e5 fine som p\u00e5 Bornholm, men omtrent lige s\u00e5 fine som p\u00e5 R\u00fcgen. Vi viser dig de bedste strande p\u00e5 Mon.P\u00e5 Moen bestr\u00e6ber man sig p\u00e5 at [&hellip;]\" \/>\n<meta property=\"og:url\" content=\"https:\/\/www.insel-moen.de\/da\/aktiviteter-paa-oeen-moen\/badning-paa-oeen-moen\/\" \/>\n<meta property=\"og:site_name\" content=\"Insel M\u00f6n\" \/>\n<meta property=\"article:modified_time\" content=\"2024-04-29T16:22:44+00:00\" \/>\n<meta property=\"og:image\" content=\"https:\/\/www.insel-moen.de\/wp-content\/uploads\/2021\/10\/Born-leger-pa\u030a-strand_25387-scaled.jpg\" \/>\n\t<meta property=\"og:image:width\" content=\"2560\" \/>\n\t<meta property=\"og:image:height\" content=\"1707\" \/>\n\t<meta property=\"og:image:type\" content=\"image\/jpeg\" \/>\n<meta name=\"twitter:card\" content=\"summary_large_image\" \/>\n<meta name=\"twitter:label1\" content=\"Estimeret l\u00e6setid\" \/>\n\t<meta name=\"twitter:data1\" content=\"3 minutter\" \/>\n<script type=\"application\/ld+json\" class=\"yoast-schema-graph\">{\"@context\":\"https:\/\/schema.org\",\"@graph\":[{\"@type\":\"WebPage\",\"@id\":\"https:\/\/www.insel-moen.de\/da\/aktiviteter-paa-oeen-moen\/badning-paa-oeen-moen\/\",\"url\":\"https:\/\/www.insel-moen.de\/da\/aktiviteter-paa-oeen-moen\/badning-paa-oeen-moen\/\",\"name\":\"Badning p\u00e5 \u00f8en M\u00f6n\",\"isPartOf\":{\"@id\":\"https:\/\/www.insel-moen.de\/da\/#website\"},\"primaryImageOfPage\":{\"@id\":\"https:\/\/www.insel-moen.de\/da\/aktiviteter-paa-oeen-moen\/badning-paa-oeen-moen\/#primaryimage\"},\"image\":{\"@id\":\"https:\/\/www.insel-moen.de\/da\/aktiviteter-paa-oeen-moen\/badning-paa-oeen-moen\/#primaryimage\"},\"thumbnailUrl\":\"https:\/\/www.insel-moen.de\/wp-content\/uploads\/2021\/10\/Born-leger-pa\u030a-strand_25387-scaled.jpg\",\"datePublished\":\"2022-08-16T13:35:56+00:00\",\"dateModified\":\"2024-04-29T16:22:44+00:00\",\"breadcrumb\":{\"@id\":\"https:\/\/www.insel-moen.de\/da\/aktiviteter-paa-oeen-moen\/badning-paa-oeen-moen\/#breadcrumb\"},\"inLanguage\":\"da-DK\",\"potentialAction\":[{\"@type\":\"ReadAction\",\"target\":[\"https:\/\/www.insel-moen.de\/da\/aktiviteter-paa-oeen-moen\/badning-paa-oeen-moen\/\"]}]},{\"@type\":\"ImageObject\",\"inLanguage\":\"da-DK\",\"@id\":\"https:\/\/www.insel-moen.de\/da\/aktiviteter-paa-oeen-moen\/badning-paa-oeen-moen\/#primaryimage\",\"url\":\"https:\/\/www.insel-moen.de\/wp-content\/uploads\/2021\/10\/Born-leger-pa\u030a-strand_25387-scaled.jpg\",\"contentUrl\":\"https:\/\/www.insel-moen.de\/wp-content\/uploads\/2021\/10\/Born-leger-pa\u030a-strand_25387-scaled.jpg\",\"width\":2560,\"height\":1707},{\"@type\":\"BreadcrumbList\",\"@id\":\"https:\/\/www.insel-moen.de\/da\/aktiviteter-paa-oeen-moen\/badning-paa-oeen-moen\/#breadcrumb\",\"itemListElement\":[{\"@type\":\"ListItem\",\"position\":1,\"name\":\"Startseite\",\"item\":\"https:\/\/www.insel-moen.de\/da\/\"},{\"@type\":\"ListItem\",\"position\":2,\"name\":\"Sev\u00e6rdigheder og aktiviteter p\u00e5 M\u00f8n\",\"item\":\"https:\/\/www.insel-moen.de\/da\/aktiviteter-paa-oeen-moen\/\"},{\"@type\":\"ListItem\",\"position\":3,\"name\":\"Badning p\u00e5 \u00f8en M\u00f6n\"}]},{\"@type\":\"WebSite\",\"@id\":\"https:\/\/www.insel-moen.de\/da\/#website\",\"url\":\"https:\/\/www.insel-moen.de\/da\/\",\"name\":\"Insel M\u00f6n\",\"description\":\"INSEL M\u00d6N - Urlaub in der D\u00e4nischen S\u00fcdsee\",\"publisher\":{\"@id\":\"https:\/\/www.insel-moen.de\/da\/#organization\"},\"potentialAction\":[{\"@type\":\"SearchAction\",\"target\":{\"@type\":\"EntryPoint\",\"urlTemplate\":\"https:\/\/www.insel-moen.de\/da\/?s={search_term_string}\"},\"query-input\":{\"@type\":\"PropertyValueSpecification\",\"valueRequired\":true,\"valueName\":\"search_term_string\"}}],\"inLanguage\":\"da-DK\"},{\"@type\":\"Organization\",\"@id\":\"https:\/\/www.insel-moen.de\/da\/#organization\",\"name\":\"www.insel-moen.de\",\"url\":\"https:\/\/www.insel-moen.de\/da\/\",\"logo\":{\"@type\":\"ImageObject\",\"inLanguage\":\"da-DK\",\"@id\":\"https:\/\/www.insel-moen.de\/da\/#\/schema\/logo\/image\/\",\"url\":\"https:\/\/www.insel-moen.de\/wp-content\/uploads\/2023\/08\/cropped-daenemark-logo-neu-klein.png\",\"contentUrl\":\"https:\/\/www.insel-moen.de\/wp-content\/uploads\/2023\/08\/cropped-daenemark-logo-neu-klein.png\",\"width\":100,\"height\":101,\"caption\":\"www.insel-moen.de\"},\"image\":{\"@id\":\"https:\/\/www.insel-moen.de\/da\/#\/schema\/logo\/image\/\"}}]}<\/script>\n<!-- \/ Yoast SEO plugin. -->","yoast_head_json":{"title":"Badning p\u00e5 \u00f8en M\u00f6n","robots":{"index":"index","follow":"follow","max-snippet":"max-snippet:-1","max-image-preview":"max-image-preview:large","max-video-preview":"max-video-preview:-1"},"canonical":"https:\/\/www.insel-moen.de\/da\/aktiviteter-paa-oeen-moen\/badning-paa-oeen-moen\/","og_locale":"da_DK","og_type":"article","og_title":"Badning p\u00e5 \u00f8en M\u00f6n","og_description":"M\u00f8n er kendt for sine forskelligartede kystlandskaber (i alt 140 km kystlinje) og ikke mindst for sine strande. Her er der nogle meget fine sandstrande &#8211; ikke helt s\u00e5 fine som p\u00e5 Bornholm, men omtrent lige s\u00e5 fine som p\u00e5 R\u00fcgen. Vi viser dig de bedste strande p\u00e5 Mon.P\u00e5 Moen bestr\u00e6ber man sig p\u00e5 at [&hellip;]","og_url":"https:\/\/www.insel-moen.de\/da\/aktiviteter-paa-oeen-moen\/badning-paa-oeen-moen\/","og_site_name":"Insel M\u00f6n","article_modified_time":"2024-04-29T16:22:44+00:00","og_image":[{"width":2560,"height":1707,"url":"https:\/\/www.insel-moen.de\/wp-content\/uploads\/2021\/10\/Born-leger-pa\u030a-strand_25387-scaled.jpg","type":"image\/jpeg"}],"twitter_card":"summary_large_image","twitter_misc":{"Estimeret l\u00e6setid":"3 minutter"},"schema":{"@context":"https:\/\/schema.org","@graph":[{"@type":"WebPage","@id":"https:\/\/www.insel-moen.de\/da\/aktiviteter-paa-oeen-moen\/badning-paa-oeen-moen\/","url":"https:\/\/www.insel-moen.de\/da\/aktiviteter-paa-oeen-moen\/badning-paa-oeen-moen\/","name":"Badning p\u00e5 \u00f8en M\u00f6n","isPartOf":{"@id":"https:\/\/www.insel-moen.de\/da\/#website"},"primaryImageOfPage":{"@id":"https:\/\/www.insel-moen.de\/da\/aktiviteter-paa-oeen-moen\/badning-paa-oeen-moen\/#primaryimage"},"image":{"@id":"https:\/\/www.insel-moen.de\/da\/aktiviteter-paa-oeen-moen\/badning-paa-oeen-moen\/#primaryimage"},"thumbnailUrl":"https:\/\/www.insel-moen.de\/wp-content\/uploads\/2021\/10\/Born-leger-pa\u030a-strand_25387-scaled.jpg","datePublished":"2022-08-16T13:35:56+00:00","dateModified":"2024-04-29T16:22:44+00:00","breadcrumb":{"@id":"https:\/\/www.insel-moen.de\/da\/aktiviteter-paa-oeen-moen\/badning-paa-oeen-moen\/#breadcrumb"},"inLanguage":"da-DK","potentialAction":[{"@type":"ReadAction","target":["https:\/\/www.insel-moen.de\/da\/aktiviteter-paa-oeen-moen\/badning-paa-oeen-moen\/"]}]},{"@type":"ImageObject","inLanguage":"da-DK","@id":"https:\/\/www.insel-moen.de\/da\/aktiviteter-paa-oeen-moen\/badning-paa-oeen-moen\/#primaryimage","url":"https:\/\/www.insel-moen.de\/wp-content\/uploads\/2021\/10\/Born-leger-pa\u030a-strand_25387-scaled.jpg","contentUrl":"https:\/\/www.insel-moen.de\/wp-content\/uploads\/2021\/10\/Born-leger-pa\u030a-strand_25387-scaled.jpg","width":2560,"height":1707},{"@type":"BreadcrumbList","@id":"https:\/\/www.insel-moen.de\/da\/aktiviteter-paa-oeen-moen\/badning-paa-oeen-moen\/#breadcrumb","itemListElement":[{"@type":"ListItem","position":1,"name":"Startseite","item":"https:\/\/www.insel-moen.de\/da\/"},{"@type":"ListItem","position":2,"name":"Sev\u00e6rdigheder og aktiviteter p\u00e5 M\u00f8n","item":"https:\/\/www.insel-moen.de\/da\/aktiviteter-paa-oeen-moen\/"},{"@type":"ListItem","position":3,"name":"Badning p\u00e5 \u00f8en M\u00f6n"}]},{"@type":"WebSite","@id":"https:\/\/www.insel-moen.de\/da\/#website","url":"https:\/\/www.insel-moen.de\/da\/","name":"Insel M\u00f6n","description":"INSEL M\u00d6N - Urlaub in der D\u00e4nischen S\u00fcdsee","publisher":{"@id":"https:\/\/www.insel-moen.de\/da\/#organization"},"potentialAction":[{"@type":"SearchAction","target":{"@type":"EntryPoint","urlTemplate":"https:\/\/www.insel-moen.de\/da\/?s={search_term_string}"},"query-input":{"@type":"PropertyValueSpecification","valueRequired":true,"valueName":"search_term_string"}}],"inLanguage":"da-DK"},{"@type":"Organization","@id":"https:\/\/www.insel-moen.de\/da\/#organization","name":"www.insel-moen.de","url":"https:\/\/www.insel-moen.de\/da\/","logo":{"@type":"ImageObject","inLanguage":"da-DK","@id":"https:\/\/www.insel-moen.de\/da\/#\/schema\/logo\/image\/","url":"https:\/\/www.insel-moen.de\/wp-content\/uploads\/2023\/08\/cropped-daenemark-logo-neu-klein.png","contentUrl":"https:\/\/www.insel-moen.de\/wp-content\/uploads\/2023\/08\/cropped-daenemark-logo-neu-klein.png","width":100,"height":101,"caption":"www.insel-moen.de"},"image":{"@id":"https:\/\/www.insel-moen.de\/da\/#\/schema\/logo\/image\/"}}]}},"_links":{"self":[{"href":"https:\/\/www.insel-moen.de\/da\/wp-json\/wp\/v2\/pages\/834","targetHints":{"allow":["GET"]}}],"collection":[{"href":"https:\/\/www.insel-moen.de\/da\/wp-json\/wp\/v2\/pages"}],"about":[{"href":"https:\/\/www.insel-moen.de\/da\/wp-json\/wp\/v2\/types\/page"}],"author":[{"embeddable":true,"href":"https:\/\/www.insel-moen.de\/da\/wp-json\/wp\/v2\/users\/3"}],"replies":[{"embeddable":true,"href":"https:\/\/www.insel-moen.de\/da\/wp-json\/wp\/v2\/comments?post=834"}],"version-history":[{"count":1,"href":"https:\/\/www.insel-moen.de\/da\/wp-json\/wp\/v2\/pages\/834\/revisions"}],"predecessor-version":[{"id":835,"href":"https:\/\/www.insel-moen.de\/da\/wp-json\/wp\/v2\/pages\/834\/revisions\/835"}],"up":[{"embeddable":true,"href":"https:\/\/www.insel-moen.de\/da\/wp-json\/wp\/v2\/pages\/825"}],"wp:featuredmedia":[{"embeddable":true,"href":"https:\/\/www.insel-moen.de\/da\/wp-json\/wp\/v2\/media\/818"}],"wp:attachment":[{"href":"https:\/\/www.insel-moen.de\/da\/wp-json\/wp\/v2\/media?parent=834"}],"curies":[{"name":"wp","href":"https:\/\/api.w.org\/{rel}","templated":true}]}}