{"id":832,"date":"2022-08-16T13:35:54","date_gmt":"2022-08-16T13:35:54","guid":{"rendered":"https:\/\/www.insel-moen.de\/ferieboliger-paa-oeen-moen\/sommerhus-paa-mon-med-hund\/"},"modified":"2022-08-16T13:35:54","modified_gmt":"2022-08-16T13:35:54","slug":"sommerhus-paa-mon-med-hund","status":"publish","type":"page","link":"https:\/\/www.insel-moen.de\/da\/ferieboliger-paa-oeen-moen\/sommerhus-paa-mon-med-hund\/","title":{"rendered":"Sommerhus p\u00e5 Mon med hund"},"content":{"rendered":"<div style=\"width: 100%\" id=\"c24pp-holidayhome-iframe\" data-q=\"M\u00f8n\" region_id=\"71\" data-animals_maximum_min=\"1\"><\/div>\n<p><script src=\"https:\/\/files.check24.net\/widgets\/auto\/124552\/c24pp-holidayhome-iframe\/holidayhome-iframe.js\"><\/script><\/p>\n\n<h2 class=\"wp-block-heading\">Med hunden til M\u00f6n<\/h2>\n\n<p>  \u00d8en M\u00f6n er perfekt til en ferie med din hund. Vi har mange ferieboliger i denne ferieregion med tilladelse til k\u00e6ledyr i programmet, som tillader og ogs\u00e5 er udstyret til at tage en hund med. Stranden p\u00e5 M\u00f6n byder p\u00e5 nok plads til din firbenede ven.  <\/p>\n\n<h2 class=\"wp-block-heading\"><strong>Ferieboliger p\u00e5 Mon you med hund<\/strong><\/h2>\n\n<h3 class=\"wp-block-heading\">Indkvartering p\u00e5 Mon med hund tilladt &#8211; uden ekstra gebyr.<br\/><\/h3>\n\n<p>Ferietid er familietid, og dit k\u00e6ledyr er et vigtigt medlem af familien! Ligesom sine &#8220;mennesker&#8221; nyder hunden lange g\u00e5ture, hyggelige legestunder, afslappende timer i skyggen eller &#8220;vandsport&#8221; p\u00e5 stranden. Det er en del af billedet af en harmonisk familieferie.<\/p>\n\n<p>P\u00e5 Atraveo kan du medbringe dit k\u00e6ledyr i mange af ferieboligerne. Hvis du leder efter et feriehus, hvor du \u00f8nsker at din hund skal bo sammen med dig, skal du blot v\u00e6lge s\u00f8gekriteriet &#8220;Husdyr tilladt&#8221; og markere dette med &#8220;Ja&#8221;. S\u00e5 f\u00e5r du alle de ferieboliger, der vil tage imod de firbenede ferieg\u00e6ster.<br\/><\/p>\n\n<h3 class=\"wp-block-heading\"><strong>Det er nemt og bekvemt at have hunden med i en hytte p\u00e5 ferie<\/strong><\/h3>\n\n<p>Begge huskategorier tillader max. 2 dyr af arterne: hund, kat, kanin, marsvin, hamster og skildpadde. Hvis du f.eks. tager din hund med i et sommerhus, skal du ikke bekymre dig om ekstra reng\u00f8ringsomkostninger. Det er helt gratis at medbringe din hund i et Novasol feriehus. Husk at g\u00f8re hunden ren og reng\u00f8re den som s\u00e6dvanlig, n\u00e5r du g\u00e5r. Du kan naturligvis ogs\u00e5 v\u00e6lge en slutreng\u00f8ring, og i s\u00e5 fald svinger vi st\u00f8vsugeren ind i sommerhuset.<br\/><\/p>\n\n<h3 class=\"wp-block-heading\"><strong>N\u00e5r du booker din feriebolig p\u00e5 Mon, er det tilr\u00e5deligt altid at angive, om du medbringer husdyr.<\/strong><\/h3>\n\n<p><strong>I alle feriehuse, der er markeret med symbolet p\u00e5 hunden, er alle firbenede ferieg\u00e6ster velkomne p\u00e5 M\u00f6n.<\/strong><\/p>\n\n<p>Du m\u00e5 ikke overstige Medbring 2 k\u00e6ledyr under opholdet, medmindre andet er angivet i henhold til M\u00f6n.<\/p>\n\n<p>Hvis du vil vide mere om reglerne for at rejse med hund i naturen, kan du finde dem p\u00e5 Skov- og Naturstyrelsen.<br\/><\/p>\n\n<h3 class=\"wp-block-heading\">Hundeskove i Danmark<\/h3>\n\n<p><\/p>\n\n<p>I Danmark er der mange hundeskove, hvor man m\u00e5 f\u00e6rdes med hund uden snor. Du kan finde en oversigt over skovene i Danmark p\u00e5 denne side:  <\/p>\n\n<p><a href=\"http:\/\/www.naturstyrelsen.dk\/Udgivelser\/Foldere\/Hunde\/hund.htm\">http:\/\/www.naturstyrelsen.dk\/Udgivelser\/Foldere\/Hunde\/hund.htm<\/a><\/p>\n\n<figure class=\"wp-block-embed\"><div class=\"wp-block-embed__wrapper\">\nhttps:\/\/dyr.dk\/hundeskove\n<\/div><\/figure>\n\n<p>Sv\u00f8mning i havet s\u00e6tter gang i kredsl\u00f8bet og s\u00e6tter gang i hunden. Det varierede landskab p\u00e5 \u00f8en M\u00f6n med M\u00f6ns Klint eller den n\u00e6rliggende safaripark giver din hund masser af nye oplevelser. Hunde er ogs\u00e5 tilladt p\u00e5 f\u00e6rgen til Danmark (Rostock-&gt;Gedser p\u00e5 Falster) &#8211; der er drikkesk\u00e5le til r\u00e5dighed. S\u00e5 fork\u00e6l dig selv og din hund med en ferie p\u00e5 den danske \u00f8 Mon. Vi anbefaler Ulvshale, Bog\u00f6 eller \u00f8ens hovedstad Stege.  <\/p>\n","protected":false},"excerpt":{"rendered":"<p>Med hunden til M\u00f6n \u00d8en M\u00f6n er perfekt til en ferie med din hund. Vi har mange ferieboliger i denne ferieregion med tilladelse til k\u00e6ledyr i programmet, som tillader og ogs\u00e5 er udstyret til at tage en hund med. Stranden p\u00e5 M\u00f6n byder p\u00e5 nok plads til din firbenede ven. Ferieboliger p\u00e5 Mon you med [&hellip;]<\/p>\n","protected":false},"author":3,"featured_media":794,"parent":830,"menu_order":0,"comment_status":"closed","ping_status":"closed","template":"","meta":{"footnotes":""},"class_list":["post-832","page","type-page","status-publish","has-post-thumbnail","hentry"],"yoast_head":"<!-- This site is optimized with the Yoast SEO plugin v24.5 - https:\/\/yoast.com\/wordpress\/plugins\/seo\/ -->\n<title>Sommerhus p\u00e5 Mon med hund - Insel M\u00f6n<\/title>\n<meta name=\"robots\" content=\"index, follow, max-snippet:-1, max-image-preview:large, max-video-preview:-1\" \/>\n<link rel=\"canonical\" href=\"https:\/\/www.insel-moen.de\/da\/ferieboliger-paa-oeen-moen\/sommerhus-paa-mon-med-hund\/\" \/>\n<meta property=\"og:locale\" content=\"da_DK\" \/>\n<meta property=\"og:type\" content=\"article\" \/>\n<meta property=\"og:title\" content=\"Sommerhus p\u00e5 Mon med hund - Insel M\u00f6n\" \/>\n<meta property=\"og:description\" content=\"Med hunden til M\u00f6n \u00d8en M\u00f6n er perfekt til en ferie med din hund. Vi har mange ferieboliger i denne ferieregion med tilladelse til k\u00e6ledyr i programmet, som tillader og ogs\u00e5 er udstyret til at tage en hund med. Stranden p\u00e5 M\u00f6n byder p\u00e5 nok plads til din firbenede ven. Ferieboliger p\u00e5 Mon you med [&hellip;]\" \/>\n<meta property=\"og:url\" content=\"https:\/\/www.insel-moen.de\/da\/ferieboliger-paa-oeen-moen\/sommerhus-paa-mon-med-hund\/\" \/>\n<meta property=\"og:site_name\" content=\"Insel M\u00f6n\" \/>\n<meta property=\"og:image\" content=\"https:\/\/www.insel-moen.de\/wp-content\/uploads\/2019\/06\/L\u00f8kken_32275-large.jpg\" \/>\n\t<meta property=\"og:image:width\" content=\"1920\" \/>\n\t<meta property=\"og:image:height\" content=\"1281\" \/>\n\t<meta property=\"og:image:type\" content=\"image\/jpeg\" \/>\n<meta name=\"twitter:card\" content=\"summary_large_image\" \/>\n<meta name=\"twitter:label1\" content=\"Estimeret l\u00e6setid\" \/>\n\t<meta name=\"twitter:data1\" content=\"2 minutter\" \/>\n<script type=\"application\/ld+json\" class=\"yoast-schema-graph\">{\"@context\":\"https:\/\/schema.org\",\"@graph\":[{\"@type\":\"WebPage\",\"@id\":\"https:\/\/www.insel-moen.de\/da\/ferieboliger-paa-oeen-moen\/sommerhus-paa-mon-med-hund\/\",\"url\":\"https:\/\/www.insel-moen.de\/da\/ferieboliger-paa-oeen-moen\/sommerhus-paa-mon-med-hund\/\",\"name\":\"Sommerhus p\u00e5 Mon med hund - Insel M\u00f6n\",\"isPartOf\":{\"@id\":\"https:\/\/www.insel-moen.de\/da\/#website\"},\"primaryImageOfPage\":{\"@id\":\"https:\/\/www.insel-moen.de\/da\/ferieboliger-paa-oeen-moen\/sommerhus-paa-mon-med-hund\/#primaryimage\"},\"image\":{\"@id\":\"https:\/\/www.insel-moen.de\/da\/ferieboliger-paa-oeen-moen\/sommerhus-paa-mon-med-hund\/#primaryimage\"},\"thumbnailUrl\":\"https:\/\/www.insel-moen.de\/wp-content\/uploads\/2019\/06\/L\u00f8kken_32275-large.jpg\",\"datePublished\":\"2022-08-16T13:35:54+00:00\",\"breadcrumb\":{\"@id\":\"https:\/\/www.insel-moen.de\/da\/ferieboliger-paa-oeen-moen\/sommerhus-paa-mon-med-hund\/#breadcrumb\"},\"inLanguage\":\"da-DK\",\"potentialAction\":[{\"@type\":\"ReadAction\",\"target\":[\"https:\/\/www.insel-moen.de\/da\/ferieboliger-paa-oeen-moen\/sommerhus-paa-mon-med-hund\/\"]}]},{\"@type\":\"ImageObject\",\"inLanguage\":\"da-DK\",\"@id\":\"https:\/\/www.insel-moen.de\/da\/ferieboliger-paa-oeen-moen\/sommerhus-paa-mon-med-hund\/#primaryimage\",\"url\":\"https:\/\/www.insel-moen.de\/wp-content\/uploads\/2019\/06\/L\u00f8kken_32275-large.jpg\",\"contentUrl\":\"https:\/\/www.insel-moen.de\/wp-content\/uploads\/2019\/06\/L\u00f8kken_32275-large.jpg\",\"width\":1920,\"height\":1281},{\"@type\":\"BreadcrumbList\",\"@id\":\"https:\/\/www.insel-moen.de\/da\/ferieboliger-paa-oeen-moen\/sommerhus-paa-mon-med-hund\/#breadcrumb\",\"itemListElement\":[{\"@type\":\"ListItem\",\"position\":1,\"name\":\"Startseite\",\"item\":\"https:\/\/www.insel-moen.de\/da\/\"},{\"@type\":\"ListItem\",\"position\":2,\"name\":\"Ferieboliger p\u00e5 \u00f8en M\u00f6n\",\"item\":\"https:\/\/www.insel-moen.de\/da\/ferieboliger-paa-oeen-moen\/\"},{\"@type\":\"ListItem\",\"position\":3,\"name\":\"Sommerhus p\u00e5 Mon med hund\"}]},{\"@type\":\"WebSite\",\"@id\":\"https:\/\/www.insel-moen.de\/da\/#website\",\"url\":\"https:\/\/www.insel-moen.de\/da\/\",\"name\":\"Insel M\u00f6n\",\"description\":\"INSEL M\u00d6N - Urlaub in der D\u00e4nischen S\u00fcdsee\",\"publisher\":{\"@id\":\"https:\/\/www.insel-moen.de\/da\/#organization\"},\"potentialAction\":[{\"@type\":\"SearchAction\",\"target\":{\"@type\":\"EntryPoint\",\"urlTemplate\":\"https:\/\/www.insel-moen.de\/da\/?s={search_term_string}\"},\"query-input\":{\"@type\":\"PropertyValueSpecification\",\"valueRequired\":true,\"valueName\":\"search_term_string\"}}],\"inLanguage\":\"da-DK\"},{\"@type\":\"Organization\",\"@id\":\"https:\/\/www.insel-moen.de\/da\/#organization\",\"name\":\"www.insel-moen.de\",\"url\":\"https:\/\/www.insel-moen.de\/da\/\",\"logo\":{\"@type\":\"ImageObject\",\"inLanguage\":\"da-DK\",\"@id\":\"https:\/\/www.insel-moen.de\/da\/#\/schema\/logo\/image\/\",\"url\":\"https:\/\/www.insel-moen.de\/wp-content\/uploads\/2023\/08\/cropped-daenemark-logo-neu-klein.png\",\"contentUrl\":\"https:\/\/www.insel-moen.de\/wp-content\/uploads\/2023\/08\/cropped-daenemark-logo-neu-klein.png\",\"width\":100,\"height\":101,\"caption\":\"www.insel-moen.de\"},\"image\":{\"@id\":\"https:\/\/www.insel-moen.de\/da\/#\/schema\/logo\/image\/\"}}]}<\/script>\n<!-- \/ Yoast SEO plugin. -->","yoast_head_json":{"title":"Sommerhus p\u00e5 Mon med hund - Insel M\u00f6n","robots":{"index":"index","follow":"follow","max-snippet":"max-snippet:-1","max-image-preview":"max-image-preview:large","max-video-preview":"max-video-preview:-1"},"canonical":"https:\/\/www.insel-moen.de\/da\/ferieboliger-paa-oeen-moen\/sommerhus-paa-mon-med-hund\/","og_locale":"da_DK","og_type":"article","og_title":"Sommerhus p\u00e5 Mon med hund - Insel M\u00f6n","og_description":"Med hunden til M\u00f6n \u00d8en M\u00f6n er perfekt til en ferie med din hund. Vi har mange ferieboliger i denne ferieregion med tilladelse til k\u00e6ledyr i programmet, som tillader og ogs\u00e5 er udstyret til at tage en hund med. Stranden p\u00e5 M\u00f6n byder p\u00e5 nok plads til din firbenede ven. Ferieboliger p\u00e5 Mon you med [&hellip;]","og_url":"https:\/\/www.insel-moen.de\/da\/ferieboliger-paa-oeen-moen\/sommerhus-paa-mon-med-hund\/","og_site_name":"Insel M\u00f6n","og_image":[{"width":1920,"height":1281,"url":"https:\/\/www.insel-moen.de\/wp-content\/uploads\/2019\/06\/L\u00f8kken_32275-large.jpg","type":"image\/jpeg"}],"twitter_card":"summary_large_image","twitter_misc":{"Estimeret l\u00e6setid":"2 minutter"},"schema":{"@context":"https:\/\/schema.org","@graph":[{"@type":"WebPage","@id":"https:\/\/www.insel-moen.de\/da\/ferieboliger-paa-oeen-moen\/sommerhus-paa-mon-med-hund\/","url":"https:\/\/www.insel-moen.de\/da\/ferieboliger-paa-oeen-moen\/sommerhus-paa-mon-med-hund\/","name":"Sommerhus p\u00e5 Mon med hund - Insel M\u00f6n","isPartOf":{"@id":"https:\/\/www.insel-moen.de\/da\/#website"},"primaryImageOfPage":{"@id":"https:\/\/www.insel-moen.de\/da\/ferieboliger-paa-oeen-moen\/sommerhus-paa-mon-med-hund\/#primaryimage"},"image":{"@id":"https:\/\/www.insel-moen.de\/da\/ferieboliger-paa-oeen-moen\/sommerhus-paa-mon-med-hund\/#primaryimage"},"thumbnailUrl":"https:\/\/www.insel-moen.de\/wp-content\/uploads\/2019\/06\/L\u00f8kken_32275-large.jpg","datePublished":"2022-08-16T13:35:54+00:00","breadcrumb":{"@id":"https:\/\/www.insel-moen.de\/da\/ferieboliger-paa-oeen-moen\/sommerhus-paa-mon-med-hund\/#breadcrumb"},"inLanguage":"da-DK","potentialAction":[{"@type":"ReadAction","target":["https:\/\/www.insel-moen.de\/da\/ferieboliger-paa-oeen-moen\/sommerhus-paa-mon-med-hund\/"]}]},{"@type":"ImageObject","inLanguage":"da-DK","@id":"https:\/\/www.insel-moen.de\/da\/ferieboliger-paa-oeen-moen\/sommerhus-paa-mon-med-hund\/#primaryimage","url":"https:\/\/www.insel-moen.de\/wp-content\/uploads\/2019\/06\/L\u00f8kken_32275-large.jpg","contentUrl":"https:\/\/www.insel-moen.de\/wp-content\/uploads\/2019\/06\/L\u00f8kken_32275-large.jpg","width":1920,"height":1281},{"@type":"BreadcrumbList","@id":"https:\/\/www.insel-moen.de\/da\/ferieboliger-paa-oeen-moen\/sommerhus-paa-mon-med-hund\/#breadcrumb","itemListElement":[{"@type":"ListItem","position":1,"name":"Startseite","item":"https:\/\/www.insel-moen.de\/da\/"},{"@type":"ListItem","position":2,"name":"Ferieboliger p\u00e5 \u00f8en M\u00f6n","item":"https:\/\/www.insel-moen.de\/da\/ferieboliger-paa-oeen-moen\/"},{"@type":"ListItem","position":3,"name":"Sommerhus p\u00e5 Mon med hund"}]},{"@type":"WebSite","@id":"https:\/\/www.insel-moen.de\/da\/#website","url":"https:\/\/www.insel-moen.de\/da\/","name":"Insel M\u00f6n","description":"INSEL M\u00d6N - Urlaub in der D\u00e4nischen S\u00fcdsee","publisher":{"@id":"https:\/\/www.insel-moen.de\/da\/#organization"},"potentialAction":[{"@type":"SearchAction","target":{"@type":"EntryPoint","urlTemplate":"https:\/\/www.insel-moen.de\/da\/?s={search_term_string}"},"query-input":{"@type":"PropertyValueSpecification","valueRequired":true,"valueName":"search_term_string"}}],"inLanguage":"da-DK"},{"@type":"Organization","@id":"https:\/\/www.insel-moen.de\/da\/#organization","name":"www.insel-moen.de","url":"https:\/\/www.insel-moen.de\/da\/","logo":{"@type":"ImageObject","inLanguage":"da-DK","@id":"https:\/\/www.insel-moen.de\/da\/#\/schema\/logo\/image\/","url":"https:\/\/www.insel-moen.de\/wp-content\/uploads\/2023\/08\/cropped-daenemark-logo-neu-klein.png","contentUrl":"https:\/\/www.insel-moen.de\/wp-content\/uploads\/2023\/08\/cropped-daenemark-logo-neu-klein.png","width":100,"height":101,"caption":"www.insel-moen.de"},"image":{"@id":"https:\/\/www.insel-moen.de\/da\/#\/schema\/logo\/image\/"}}]}},"_links":{"self":[{"href":"https:\/\/www.insel-moen.de\/da\/wp-json\/wp\/v2\/pages\/832","targetHints":{"allow":["GET"]}}],"collection":[{"href":"https:\/\/www.insel-moen.de\/da\/wp-json\/wp\/v2\/pages"}],"about":[{"href":"https:\/\/www.insel-moen.de\/da\/wp-json\/wp\/v2\/types\/page"}],"author":[{"embeddable":true,"href":"https:\/\/www.insel-moen.de\/da\/wp-json\/wp\/v2\/users\/3"}],"replies":[{"embeddable":true,"href":"https:\/\/www.insel-moen.de\/da\/wp-json\/wp\/v2\/comments?post=832"}],"version-history":[{"count":1,"href":"https:\/\/www.insel-moen.de\/da\/wp-json\/wp\/v2\/pages\/832\/revisions"}],"predecessor-version":[{"id":833,"href":"https:\/\/www.insel-moen.de\/da\/wp-json\/wp\/v2\/pages\/832\/revisions\/833"}],"up":[{"embeddable":true,"href":"https:\/\/www.insel-moen.de\/da\/wp-json\/wp\/v2\/pages\/830"}],"wp:featuredmedia":[{"embeddable":true,"href":"https:\/\/www.insel-moen.de\/da\/wp-json\/wp\/v2\/media\/794"}],"wp:attachment":[{"href":"https:\/\/www.insel-moen.de\/da\/wp-json\/wp\/v2\/media?parent=832"}],"curies":[{"name":"wp","href":"https:\/\/api.w.org\/{rel}","templated":true}]}}