{"id":830,"date":"2022-08-16T13:35:54","date_gmt":"2022-08-16T13:35:54","guid":{"rendered":"https:\/\/www.insel-moen.de\/ferieboliger-paa-oeen-moen\/"},"modified":"2024-05-16T08:15:44","modified_gmt":"2024-05-16T08:15:44","slug":"ferieboliger-paa-oeen-moen","status":"publish","type":"page","link":"https:\/\/www.insel-moen.de\/da\/ferieboliger-paa-oeen-moen\/","title":{"rendered":"Ferieboliger p\u00e5 \u00f8en M\u00f6n"},"content":{"rendered":"\n<div class=\"wp-block-columns has-2-columns is-layout-flex wp-container-core-columns-is-layout-9d6595d7 wp-block-columns-is-layout-flex\">\n<div class=\"wp-block-column is-layout-flow wp-block-column-is-layout-flow\">\n<figure class=\"wp-block-image\"><img loading=\"lazy\" decoding=\"async\" width=\"600\" height=\"400\" src=\"https:\/\/www.insel-moen.de\/wp-content\/uploads\/2019\/05\/Ferienhaeuser-in-Stege-auf-Moen.jpg\" alt=\"\" class=\"wp-image-199\" srcset=\"https:\/\/www.insel-moen.de\/wp-content\/uploads\/2019\/05\/Ferienhaeuser-in-Stege-auf-Moen.jpg 600w, https:\/\/www.insel-moen.de\/wp-content\/uploads\/2019\/05\/Ferienhaeuser-in-Stege-auf-Moen-300x200.jpg 300w, https:\/\/www.insel-moen.de\/wp-content\/uploads\/2019\/05\/Ferienhaeuser-in-Stege-auf-Moen-560x373.jpg 560w, https:\/\/www.insel-moen.de\/wp-content\/uploads\/2019\/05\/Ferienhaeuser-in-Stege-auf-Moen-120x80.jpg 120w\" sizes=\"auto, (max-width: 600px) 100vw, 600px\" \/><\/figure>\n\n\n<div class=\"wp-block-button\"><a class=\"wp-block-button__link has-very-dark-gray-color has-luminous-vivid-amber-background-color has-text-color has-background wp-element-button\" href=\"https:\/\/www.insel-moen.de\/da\/steder-paa-oeen-moen\/broer\/\">Ferieboliger i Stege<\/a><\/div>\n<\/div>\n\n\n\n<div class=\"wp-block-column is-layout-flow wp-block-column-is-layout-flow\">\n<figure class=\"wp-block-image\"><img loading=\"lazy\" decoding=\"async\" width=\"600\" height=\"400\" src=\"https:\/\/www.insel-moen.de\/wp-content\/uploads\/2019\/05\/ferienhaeuser-in-klintholm-havn-auf-moen-daenemark.jpg\" alt=\"\" class=\"wp-image-200\" srcset=\"https:\/\/www.insel-moen.de\/wp-content\/uploads\/2019\/05\/ferienhaeuser-in-klintholm-havn-auf-moen-daenemark.jpg 600w, https:\/\/www.insel-moen.de\/wp-content\/uploads\/2019\/05\/ferienhaeuser-in-klintholm-havn-auf-moen-daenemark-300x200.jpg 300w, https:\/\/www.insel-moen.de\/wp-content\/uploads\/2019\/05\/ferienhaeuser-in-klintholm-havn-auf-moen-daenemark-560x373.jpg 560w, https:\/\/www.insel-moen.de\/wp-content\/uploads\/2019\/05\/ferienhaeuser-in-klintholm-havn-auf-moen-daenemark-120x80.jpg 120w\" sizes=\"auto, (max-width: 600px) 100vw, 600px\" \/><\/figure>\n\n\n<div class=\"wp-block-button\"><a class=\"wp-block-button__link has-very-dark-gray-color has-luminous-vivid-amber-background-color has-text-color has-background wp-element-button\" href=\"https:\/\/www.insel-moen.de\/da\/steder-paa-oeen-moen\/klintholm-havn\/\">Ferieboliger i Klintholm Havn<\/a><\/div>\n<\/div>\n<\/div>\n\n<div style=\"width: 100%\" id=\"c24pp-holidayhome-iframe\" data-q=\"m\u00f8n\" data-tid=\"moen-de-ferienhaus\"><\/div>\n<script src=\"https:\/\/files.check24.net\/widgets\/auto\/124552\/c24pp-holidayhome-iframe\/holidayhome-iframe.js\"><\/script>\n<div class=\"wp-block-buttons is-horizontal is-content-justification-center is-layout-flex wp-container-core-buttons-is-layout-499968f5 wp-block-buttons-is-layout-flex\">\n<div class=\"wp-block-button\"><a class=\"wp-block-button__link wp-element-button\" href=\"https:\/\/a.check24.net\/misc\/click.php?pid=124552&amp;aid=18&amp;cat=12\">Se alle ledige ferieboliger<\/a><\/div>\n<\/div>\n\n<h2 class=\"wp-block-heading\">Oversigt over feriehus M\u00f6n<\/h2>\n\n<p>Den lille \u00f8 M\u00f8n, der ligger i det danske Sydhav, er et fantastisk sted at holde ferie i et sommerhus. Der findes ferieboliger for n\u00e6sten enhver smag i alle dele af \u00f8en. Nogle af disse ferieboliger ligger direkte p\u00e5 stranden. Stranden p\u00e5 M\u00f6n er dels sandstrand, dels klippestrand. Afh\u00e6ngigt af om du rejser med familien, som par eller alene, er der forskellige krav til et sommerhus p\u00e5 M\u00f6n.<\/p>\n\n<h2 class=\"wp-block-heading\">Popul\u00e6re ferieboliger p\u00e5 \u00f8en M\u00f6n<\/h2>\n\n<p>Sommerhuse i Ulvshale, Stege, Stevns Klint, Borre, Oddermose og Klintholm Havn er s\u00e6rligt popul\u00e6re. Hvis du kan lide det mere turbulent, kan du booke et feriehus direkte i Stege, \u00f8ens hovedstad.<\/p>\n\n<h2 class=\"wp-block-heading\">Book dit sommerhus p\u00e5 M\u00f6n i god tid<\/h2>\n\n<p>Der er kun ca. 300 feriehuse p\u00e5 M\u00f6n. Derfor b\u00f8r du booke i god tid, is\u00e6r hvis du planl\u00e6gger en l\u00e6ngere ferie i h\u00f8js\u00e6sonen. De bedste ferieboliger p\u00e5 Mon er hurtigt booket op.<br\/>Nyd naturen, bjergene, klippekysten\/kridtklipperne og vandet under en overnatning p\u00e5 M\u00f6n.<\/p>\n\n<h2 class=\"wp-block-heading\"><strong>Feriepartner M\u00f8n<\/strong><\/h2>\n\n<p>Feriehusene p\u00e5 M\u00f8n administreres i vid udstr\u00e6kning af <strong>Feriepartner M\u00f8n<\/strong>. Feriepartner M\u00f6n st\u00e5r for uds\u00f8gt kvalitet og p\u00e5lidelige standarder og service.<\/p>\n\n<div class=\"wp-block-columns has-2-columns is-layout-flex wp-container-core-columns-is-layout-9d6595d7 wp-block-columns-is-layout-flex\">\n<div class=\"wp-block-column is-layout-flow wp-block-column-is-layout-flow\">\n<figure class=\"wp-block-image\"><img loading=\"lazy\" decoding=\"async\" width=\"600\" height=\"400\" src=\"https:\/\/www.insel-moen.de\/wp-content\/uploads\/2019\/05\/ferienhaeuser-in-ulvshale-auf-moen-daenemark.jpg\" alt=\"\" class=\"wp-image-207\" srcset=\"https:\/\/www.insel-moen.de\/wp-content\/uploads\/2019\/05\/ferienhaeuser-in-ulvshale-auf-moen-daenemark.jpg 600w, https:\/\/www.insel-moen.de\/wp-content\/uploads\/2019\/05\/ferienhaeuser-in-ulvshale-auf-moen-daenemark-300x200.jpg 300w, https:\/\/www.insel-moen.de\/wp-content\/uploads\/2019\/05\/ferienhaeuser-in-ulvshale-auf-moen-daenemark-560x373.jpg 560w, https:\/\/www.insel-moen.de\/wp-content\/uploads\/2019\/05\/ferienhaeuser-in-ulvshale-auf-moen-daenemark-120x80.jpg 120w\" sizes=\"auto, (max-width: 600px) 100vw, 600px\" \/><\/figure>\n\n\n<div class=\"wp-block-button\"><a class=\"wp-block-button__link has-very-dark-gray-color has-luminous-vivid-amber-background-color has-text-color has-background wp-element-button\" href=\"https:\/\/www.insel-moen.de\/da\/steder-paa-oeen-moen\/ferieboliger-i-ulvshale\/\">Ferieboliger i Ulvshale<\/a><\/div>\n<\/div>\n\n\n\n<div class=\"wp-block-column is-layout-flow wp-block-column-is-layout-flow\">\n<figure class=\"wp-block-image\"><img loading=\"lazy\" decoding=\"async\" width=\"600\" height=\"400\" src=\"https:\/\/www.insel-moen.de\/wp-content\/uploads\/2019\/05\/Ferienhaus-in-Harbolle-auf-der-insel-moen-in-harbolle.jpg\" alt=\"\" class=\"wp-image-205\" srcset=\"https:\/\/www.insel-moen.de\/wp-content\/uploads\/2019\/05\/Ferienhaus-in-Harbolle-auf-der-insel-moen-in-harbolle.jpg 600w, https:\/\/www.insel-moen.de\/wp-content\/uploads\/2019\/05\/Ferienhaus-in-Harbolle-auf-der-insel-moen-in-harbolle-300x200.jpg 300w, https:\/\/www.insel-moen.de\/wp-content\/uploads\/2019\/05\/Ferienhaus-in-Harbolle-auf-der-insel-moen-in-harbolle-560x373.jpg 560w, https:\/\/www.insel-moen.de\/wp-content\/uploads\/2019\/05\/Ferienhaus-in-Harbolle-auf-der-insel-moen-in-harbolle-120x80.jpg 120w\" sizes=\"auto, (max-width: 600px) 100vw, 600px\" \/><\/figure>\n\n\n<div class=\"wp-block-button\"><a class=\"wp-block-button__link has-very-dark-gray-color has-luminous-vivid-amber-background-color has-text-color has-background wp-element-button\" href=\"https:\/\/www.insel-moen.de\/da\/steder-paa-oeen-moen\/harbolle\/\">Ferieboliger i Harbolle<\/a><\/div>\n<\/div>\n<\/div>\n","protected":false},"excerpt":{"rendered":"<p>Oversigt over feriehus M\u00f6n Den lille \u00f8 M\u00f8n, der ligger i det danske Sydhav, er et fantastisk sted at holde ferie i et sommerhus. Der findes ferieboliger for n\u00e6sten enhver smag i alle dele af \u00f8en. Nogle af disse ferieboliger ligger direkte p\u00e5 stranden. Stranden p\u00e5 M\u00f6n er dels sandstrand, dels klippestrand. Afh\u00e6ngigt af om [&hellip;]<\/p>\n","protected":false},"author":3,"featured_media":0,"parent":0,"menu_order":0,"comment_status":"closed","ping_status":"closed","template":"templates\/template-full-width.php","meta":{"footnotes":""},"class_list":["post-830","page","type-page","status-publish","hentry"],"yoast_head":"<!-- This site is optimized with the Yoast SEO plugin v24.5 - https:\/\/yoast.com\/wordpress\/plugins\/seo\/ -->\n<title>Ferieboliger p\u00e5 \u00f8en M\u00f6n<\/title>\n<meta name=\"robots\" content=\"index, follow, max-snippet:-1, max-image-preview:large, max-video-preview:-1\" \/>\n<link rel=\"canonical\" href=\"https:\/\/www.insel-moen.de\/da\/ferieboliger-paa-oeen-moen\/\" \/>\n<meta property=\"og:locale\" content=\"da_DK\" \/>\n<meta property=\"og:type\" content=\"article\" \/>\n<meta property=\"og:title\" content=\"Ferieboliger p\u00e5 \u00f8en M\u00f6n\" \/>\n<meta property=\"og:description\" content=\"Oversigt over feriehus M\u00f6n Den lille \u00f8 M\u00f8n, der ligger i det danske Sydhav, er et fantastisk sted at holde ferie i et sommerhus. Der findes ferieboliger for n\u00e6sten enhver smag i alle dele af \u00f8en. Nogle af disse ferieboliger ligger direkte p\u00e5 stranden. Stranden p\u00e5 M\u00f6n er dels sandstrand, dels klippestrand. Afh\u00e6ngigt af om [&hellip;]\" \/>\n<meta property=\"og:url\" content=\"https:\/\/www.insel-moen.de\/da\/ferieboliger-paa-oeen-moen\/\" \/>\n<meta property=\"og:site_name\" content=\"Insel M\u00f6n\" \/>\n<meta property=\"article:modified_time\" content=\"2024-05-16T08:15:44+00:00\" \/>\n<meta property=\"og:image\" content=\"https:\/\/www.insel-moen.de\/wp-content\/uploads\/2019\/05\/Ferienhaeuser-in-Stege-auf-Moen.jpg\" \/>\n<meta name=\"twitter:card\" content=\"summary_large_image\" \/>\n<meta name=\"twitter:label1\" content=\"Estimeret l\u00e6setid\" \/>\n\t<meta name=\"twitter:data1\" content=\"1 minut\" \/>\n<script type=\"application\/ld+json\" class=\"yoast-schema-graph\">{\"@context\":\"https:\/\/schema.org\",\"@graph\":[{\"@type\":\"WebPage\",\"@id\":\"https:\/\/www.insel-moen.de\/da\/ferieboliger-paa-oeen-moen\/\",\"url\":\"https:\/\/www.insel-moen.de\/da\/ferieboliger-paa-oeen-moen\/\",\"name\":\"Ferieboliger p\u00e5 \u00f8en M\u00f6n\",\"isPartOf\":{\"@id\":\"https:\/\/www.insel-moen.de\/da\/#website\"},\"primaryImageOfPage\":{\"@id\":\"https:\/\/www.insel-moen.de\/da\/ferieboliger-paa-oeen-moen\/#primaryimage\"},\"image\":{\"@id\":\"https:\/\/www.insel-moen.de\/da\/ferieboliger-paa-oeen-moen\/#primaryimage\"},\"thumbnailUrl\":\"https:\/\/www.insel-moen.de\/wp-content\/uploads\/2019\/05\/Ferienhaeuser-in-Stege-auf-Moen.jpg\",\"datePublished\":\"2022-08-16T13:35:54+00:00\",\"dateModified\":\"2024-05-16T08:15:44+00:00\",\"breadcrumb\":{\"@id\":\"https:\/\/www.insel-moen.de\/da\/ferieboliger-paa-oeen-moen\/#breadcrumb\"},\"inLanguage\":\"da-DK\",\"potentialAction\":[{\"@type\":\"ReadAction\",\"target\":[\"https:\/\/www.insel-moen.de\/da\/ferieboliger-paa-oeen-moen\/\"]}]},{\"@type\":\"ImageObject\",\"inLanguage\":\"da-DK\",\"@id\":\"https:\/\/www.insel-moen.de\/da\/ferieboliger-paa-oeen-moen\/#primaryimage\",\"url\":\"https:\/\/www.insel-moen.de\/wp-content\/uploads\/2019\/05\/Ferienhaeuser-in-Stege-auf-Moen.jpg\",\"contentUrl\":\"https:\/\/www.insel-moen.de\/wp-content\/uploads\/2019\/05\/Ferienhaeuser-in-Stege-auf-Moen.jpg\"},{\"@type\":\"BreadcrumbList\",\"@id\":\"https:\/\/www.insel-moen.de\/da\/ferieboliger-paa-oeen-moen\/#breadcrumb\",\"itemListElement\":[{\"@type\":\"ListItem\",\"position\":1,\"name\":\"Startseite\",\"item\":\"https:\/\/www.insel-moen.de\/da\/\"},{\"@type\":\"ListItem\",\"position\":2,\"name\":\"Ferieboliger p\u00e5 \u00f8en M\u00f6n\"}]},{\"@type\":\"WebSite\",\"@id\":\"https:\/\/www.insel-moen.de\/da\/#website\",\"url\":\"https:\/\/www.insel-moen.de\/da\/\",\"name\":\"Insel M\u00f6n\",\"description\":\"INSEL M\u00d6N - Urlaub in der D\u00e4nischen S\u00fcdsee\",\"publisher\":{\"@id\":\"https:\/\/www.insel-moen.de\/da\/#organization\"},\"potentialAction\":[{\"@type\":\"SearchAction\",\"target\":{\"@type\":\"EntryPoint\",\"urlTemplate\":\"https:\/\/www.insel-moen.de\/da\/?s={search_term_string}\"},\"query-input\":{\"@type\":\"PropertyValueSpecification\",\"valueRequired\":true,\"valueName\":\"search_term_string\"}}],\"inLanguage\":\"da-DK\"},{\"@type\":\"Organization\",\"@id\":\"https:\/\/www.insel-moen.de\/da\/#organization\",\"name\":\"www.insel-moen.de\",\"url\":\"https:\/\/www.insel-moen.de\/da\/\",\"logo\":{\"@type\":\"ImageObject\",\"inLanguage\":\"da-DK\",\"@id\":\"https:\/\/www.insel-moen.de\/da\/#\/schema\/logo\/image\/\",\"url\":\"https:\/\/www.insel-moen.de\/wp-content\/uploads\/2023\/08\/cropped-daenemark-logo-neu-klein.png\",\"contentUrl\":\"https:\/\/www.insel-moen.de\/wp-content\/uploads\/2023\/08\/cropped-daenemark-logo-neu-klein.png\",\"width\":100,\"height\":101,\"caption\":\"www.insel-moen.de\"},\"image\":{\"@id\":\"https:\/\/www.insel-moen.de\/da\/#\/schema\/logo\/image\/\"}}]}<\/script>\n<!-- \/ Yoast SEO plugin. -->","yoast_head_json":{"title":"Ferieboliger p\u00e5 \u00f8en M\u00f6n","robots":{"index":"index","follow":"follow","max-snippet":"max-snippet:-1","max-image-preview":"max-image-preview:large","max-video-preview":"max-video-preview:-1"},"canonical":"https:\/\/www.insel-moen.de\/da\/ferieboliger-paa-oeen-moen\/","og_locale":"da_DK","og_type":"article","og_title":"Ferieboliger p\u00e5 \u00f8en M\u00f6n","og_description":"Oversigt over feriehus M\u00f6n Den lille \u00f8 M\u00f8n, der ligger i det danske Sydhav, er et fantastisk sted at holde ferie i et sommerhus. Der findes ferieboliger for n\u00e6sten enhver smag i alle dele af \u00f8en. Nogle af disse ferieboliger ligger direkte p\u00e5 stranden. Stranden p\u00e5 M\u00f6n er dels sandstrand, dels klippestrand. Afh\u00e6ngigt af om [&hellip;]","og_url":"https:\/\/www.insel-moen.de\/da\/ferieboliger-paa-oeen-moen\/","og_site_name":"Insel M\u00f6n","article_modified_time":"2024-05-16T08:15:44+00:00","og_image":[{"url":"https:\/\/www.insel-moen.de\/wp-content\/uploads\/2019\/05\/Ferienhaeuser-in-Stege-auf-Moen.jpg","type":"","width":"","height":""}],"twitter_card":"summary_large_image","twitter_misc":{"Estimeret l\u00e6setid":"1 minut"},"schema":{"@context":"https:\/\/schema.org","@graph":[{"@type":"WebPage","@id":"https:\/\/www.insel-moen.de\/da\/ferieboliger-paa-oeen-moen\/","url":"https:\/\/www.insel-moen.de\/da\/ferieboliger-paa-oeen-moen\/","name":"Ferieboliger p\u00e5 \u00f8en M\u00f6n","isPartOf":{"@id":"https:\/\/www.insel-moen.de\/da\/#website"},"primaryImageOfPage":{"@id":"https:\/\/www.insel-moen.de\/da\/ferieboliger-paa-oeen-moen\/#primaryimage"},"image":{"@id":"https:\/\/www.insel-moen.de\/da\/ferieboliger-paa-oeen-moen\/#primaryimage"},"thumbnailUrl":"https:\/\/www.insel-moen.de\/wp-content\/uploads\/2019\/05\/Ferienhaeuser-in-Stege-auf-Moen.jpg","datePublished":"2022-08-16T13:35:54+00:00","dateModified":"2024-05-16T08:15:44+00:00","breadcrumb":{"@id":"https:\/\/www.insel-moen.de\/da\/ferieboliger-paa-oeen-moen\/#breadcrumb"},"inLanguage":"da-DK","potentialAction":[{"@type":"ReadAction","target":["https:\/\/www.insel-moen.de\/da\/ferieboliger-paa-oeen-moen\/"]}]},{"@type":"ImageObject","inLanguage":"da-DK","@id":"https:\/\/www.insel-moen.de\/da\/ferieboliger-paa-oeen-moen\/#primaryimage","url":"https:\/\/www.insel-moen.de\/wp-content\/uploads\/2019\/05\/Ferienhaeuser-in-Stege-auf-Moen.jpg","contentUrl":"https:\/\/www.insel-moen.de\/wp-content\/uploads\/2019\/05\/Ferienhaeuser-in-Stege-auf-Moen.jpg"},{"@type":"BreadcrumbList","@id":"https:\/\/www.insel-moen.de\/da\/ferieboliger-paa-oeen-moen\/#breadcrumb","itemListElement":[{"@type":"ListItem","position":1,"name":"Startseite","item":"https:\/\/www.insel-moen.de\/da\/"},{"@type":"ListItem","position":2,"name":"Ferieboliger p\u00e5 \u00f8en M\u00f6n"}]},{"@type":"WebSite","@id":"https:\/\/www.insel-moen.de\/da\/#website","url":"https:\/\/www.insel-moen.de\/da\/","name":"Insel M\u00f6n","description":"INSEL M\u00d6N - Urlaub in der D\u00e4nischen S\u00fcdsee","publisher":{"@id":"https:\/\/www.insel-moen.de\/da\/#organization"},"potentialAction":[{"@type":"SearchAction","target":{"@type":"EntryPoint","urlTemplate":"https:\/\/www.insel-moen.de\/da\/?s={search_term_string}"},"query-input":{"@type":"PropertyValueSpecification","valueRequired":true,"valueName":"search_term_string"}}],"inLanguage":"da-DK"},{"@type":"Organization","@id":"https:\/\/www.insel-moen.de\/da\/#organization","name":"www.insel-moen.de","url":"https:\/\/www.insel-moen.de\/da\/","logo":{"@type":"ImageObject","inLanguage":"da-DK","@id":"https:\/\/www.insel-moen.de\/da\/#\/schema\/logo\/image\/","url":"https:\/\/www.insel-moen.de\/wp-content\/uploads\/2023\/08\/cropped-daenemark-logo-neu-klein.png","contentUrl":"https:\/\/www.insel-moen.de\/wp-content\/uploads\/2023\/08\/cropped-daenemark-logo-neu-klein.png","width":100,"height":101,"caption":"www.insel-moen.de"},"image":{"@id":"https:\/\/www.insel-moen.de\/da\/#\/schema\/logo\/image\/"}}]}},"_links":{"self":[{"href":"https:\/\/www.insel-moen.de\/da\/wp-json\/wp\/v2\/pages\/830","targetHints":{"allow":["GET"]}}],"collection":[{"href":"https:\/\/www.insel-moen.de\/da\/wp-json\/wp\/v2\/pages"}],"about":[{"href":"https:\/\/www.insel-moen.de\/da\/wp-json\/wp\/v2\/types\/page"}],"author":[{"embeddable":true,"href":"https:\/\/www.insel-moen.de\/da\/wp-json\/wp\/v2\/users\/3"}],"replies":[{"embeddable":true,"href":"https:\/\/www.insel-moen.de\/da\/wp-json\/wp\/v2\/comments?post=830"}],"version-history":[{"count":17,"href":"https:\/\/www.insel-moen.de\/da\/wp-json\/wp\/v2\/pages\/830\/revisions"}],"predecessor-version":[{"id":6602,"href":"https:\/\/www.insel-moen.de\/da\/wp-json\/wp\/v2\/pages\/830\/revisions\/6602"}],"wp:attachment":[{"href":"https:\/\/www.insel-moen.de\/da\/wp-json\/wp\/v2\/media?parent=830"}],"curies":[{"name":"wp","href":"https:\/\/api.w.org\/{rel}","templated":true}]}}