{"id":828,"date":"2022-08-16T13:35:53","date_gmt":"2022-08-16T13:35:53","guid":{"rendered":"https:\/\/www.insel-moen.de\/natur\/"},"modified":"2022-08-16T13:35:53","modified_gmt":"2022-08-16T13:35:53","slug":"natur","status":"publish","type":"page","link":"https:\/\/www.insel-moen.de\/da\/natur\/","title":{"rendered":"Natur"},"content":{"rendered":"\n<p class=\"has-drop-cap\">Kilometervis af sandstrande indbyder til at pr\u00f8ve at surfe og m\u00e6rke den friske saltst\u00f8v p\u00e5 og i n\u00e6sen og \u00f8rerne og m\u00e5ske &#8211; ja, m\u00e5ske &#8211; endda smage den. M\u00e5ske. Men der er ogs\u00e5 de fredelige skove med rolige landskaber, masser af friluftsliv overalt&#8230;.<\/p>\n\n<p>Skoven i den nordlige del af \u00f8en beskrives ofte af bes\u00f8gende som en eventyrskov. Apropos ferieg\u00e6ster, mange elsker at v\u00e6re aktive, mens de er p\u00e5 \u00f8en, s\u00e5 nyd nogle golfspil p\u00e5 en utrolig unik \u00f8 med udsigt til flere dage.<\/p>\n\n<p>M\u00f8n er en \u00f8 p\u00e5 den syd\u00f8stlige kyst af den skandinaviske halv\u00f8 og h\u00f8rer til Sj\u00e6lland og Danmark. Den geologiske sammens\u00e6tning omfatter kridt og muslingekalksten fra det mellemste og \u00f8vre Eoc\u00e6n, og derfor er den ogs\u00e5 kendt som s\u00f8ster\u00f8en til R\u00fcgen (Tyskland).<\/p>\n\n<p>Denne klippe er 128 meter h\u00f8j og 8 km lang. Overalt f\u00f8rer trapper ned til stranden, men det er lidt risikabelt p\u00e5 grund af faren for nedstyrtende kalksten. Kystens rynkede udseende \u00e6ndrer sig j\u00e6vnligt p\u00e5 grund af forskellige vejrforhold som f.eks. sol, regn, frost og is.<\/p>\n","protected":false},"excerpt":{"rendered":"<p>Kilometervis af sandstrande indbyder til at pr\u00f8ve at surfe og m\u00e6rke den friske saltst\u00f8v p\u00e5 og i n\u00e6sen og \u00f8rerne og m\u00e5ske &#8211; ja, m\u00e5ske &#8211; endda smage den. M\u00e5ske. Men der er ogs\u00e5 de fredelige skove med rolige landskaber, masser af friluftsliv overalt&#8230;. Skoven i den nordlige del af \u00f8en beskrives ofte af bes\u00f8gende [&hellip;]<\/p>\n","protected":false},"author":3,"featured_media":803,"parent":0,"menu_order":0,"comment_status":"closed","ping_status":"closed","template":"templates\/template-full-width.php","meta":{"footnotes":""},"class_list":["post-828","page","type-page","status-publish","has-post-thumbnail","hentry"],"yoast_head":"<!-- This site is optimized with the Yoast SEO plugin v24.5 - https:\/\/yoast.com\/wordpress\/plugins\/seo\/ -->\n<title>Natur - Insel M\u00f6n<\/title>\n<meta name=\"robots\" content=\"index, follow, max-snippet:-1, max-image-preview:large, max-video-preview:-1\" \/>\n<link rel=\"canonical\" href=\"https:\/\/www.insel-moen.de\/da\/natur\/\" \/>\n<meta property=\"og:locale\" content=\"da_DK\" \/>\n<meta property=\"og:type\" content=\"article\" \/>\n<meta property=\"og:title\" content=\"Natur - Insel M\u00f6n\" \/>\n<meta property=\"og:description\" content=\"Kilometervis af sandstrande indbyder til at pr\u00f8ve at surfe og m\u00e6rke den friske saltst\u00f8v p\u00e5 og i n\u00e6sen og \u00f8rerne og m\u00e5ske &#8211; ja, m\u00e5ske &#8211; endda smage den. M\u00e5ske. Men der er ogs\u00e5 de fredelige skove med rolige landskaber, masser af friluftsliv overalt&#8230;. Skoven i den nordlige del af \u00f8en beskrives ofte af bes\u00f8gende [&hellip;]\" \/>\n<meta property=\"og:url\" content=\"https:\/\/www.insel-moen.de\/da\/natur\/\" \/>\n<meta property=\"og:site_name\" content=\"Insel M\u00f6n\" \/>\n<meta property=\"og:image\" content=\"https:\/\/www.insel-moen.de\/wp-content\/uploads\/2021\/09\/berge-und-wasser-auf-moen.jpg\" \/>\n\t<meta property=\"og:image:width\" content=\"1600\" \/>\n\t<meta property=\"og:image:height\" content=\"1067\" \/>\n\t<meta property=\"og:image:type\" content=\"image\/jpeg\" \/>\n<meta name=\"twitter:card\" content=\"summary_large_image\" \/>\n<meta name=\"twitter:label1\" content=\"Estimeret l\u00e6setid\" \/>\n\t<meta name=\"twitter:data1\" content=\"1 minut\" \/>\n<script type=\"application\/ld+json\" class=\"yoast-schema-graph\">{\"@context\":\"https:\/\/schema.org\",\"@graph\":[{\"@type\":\"WebPage\",\"@id\":\"https:\/\/www.insel-moen.de\/da\/natur\/\",\"url\":\"https:\/\/www.insel-moen.de\/da\/natur\/\",\"name\":\"Natur - Insel M\u00f6n\",\"isPartOf\":{\"@id\":\"https:\/\/www.insel-moen.de\/da\/#website\"},\"primaryImageOfPage\":{\"@id\":\"https:\/\/www.insel-moen.de\/da\/natur\/#primaryimage\"},\"image\":{\"@id\":\"https:\/\/www.insel-moen.de\/da\/natur\/#primaryimage\"},\"thumbnailUrl\":\"https:\/\/www.insel-moen.de\/wp-content\/uploads\/2021\/09\/berge-und-wasser-auf-moen.jpg\",\"datePublished\":\"2022-08-16T13:35:53+00:00\",\"breadcrumb\":{\"@id\":\"https:\/\/www.insel-moen.de\/da\/natur\/#breadcrumb\"},\"inLanguage\":\"da-DK\",\"potentialAction\":[{\"@type\":\"ReadAction\",\"target\":[\"https:\/\/www.insel-moen.de\/da\/natur\/\"]}]},{\"@type\":\"ImageObject\",\"inLanguage\":\"da-DK\",\"@id\":\"https:\/\/www.insel-moen.de\/da\/natur\/#primaryimage\",\"url\":\"https:\/\/www.insel-moen.de\/wp-content\/uploads\/2021\/09\/berge-und-wasser-auf-moen.jpg\",\"contentUrl\":\"https:\/\/www.insel-moen.de\/wp-content\/uploads\/2021\/09\/berge-und-wasser-auf-moen.jpg\",\"width\":1600,\"height\":1067,\"caption\":\"Landskab \u00d8 M\u00f6n\"},{\"@type\":\"BreadcrumbList\",\"@id\":\"https:\/\/www.insel-moen.de\/da\/natur\/#breadcrumb\",\"itemListElement\":[{\"@type\":\"ListItem\",\"position\":1,\"name\":\"Startseite\",\"item\":\"https:\/\/www.insel-moen.de\/da\/\"},{\"@type\":\"ListItem\",\"position\":2,\"name\":\"Natur\"}]},{\"@type\":\"WebSite\",\"@id\":\"https:\/\/www.insel-moen.de\/da\/#website\",\"url\":\"https:\/\/www.insel-moen.de\/da\/\",\"name\":\"Insel M\u00f6n\",\"description\":\"INSEL M\u00d6N - Urlaub in der D\u00e4nischen S\u00fcdsee\",\"publisher\":{\"@id\":\"https:\/\/www.insel-moen.de\/da\/#organization\"},\"potentialAction\":[{\"@type\":\"SearchAction\",\"target\":{\"@type\":\"EntryPoint\",\"urlTemplate\":\"https:\/\/www.insel-moen.de\/da\/?s={search_term_string}\"},\"query-input\":{\"@type\":\"PropertyValueSpecification\",\"valueRequired\":true,\"valueName\":\"search_term_string\"}}],\"inLanguage\":\"da-DK\"},{\"@type\":\"Organization\",\"@id\":\"https:\/\/www.insel-moen.de\/da\/#organization\",\"name\":\"www.insel-moen.de\",\"url\":\"https:\/\/www.insel-moen.de\/da\/\",\"logo\":{\"@type\":\"ImageObject\",\"inLanguage\":\"da-DK\",\"@id\":\"https:\/\/www.insel-moen.de\/da\/#\/schema\/logo\/image\/\",\"url\":\"https:\/\/www.insel-moen.de\/wp-content\/uploads\/2023\/08\/cropped-daenemark-logo-neu-klein.png\",\"contentUrl\":\"https:\/\/www.insel-moen.de\/wp-content\/uploads\/2023\/08\/cropped-daenemark-logo-neu-klein.png\",\"width\":100,\"height\":101,\"caption\":\"www.insel-moen.de\"},\"image\":{\"@id\":\"https:\/\/www.insel-moen.de\/da\/#\/schema\/logo\/image\/\"}}]}<\/script>\n<!-- \/ Yoast SEO plugin. -->","yoast_head_json":{"title":"Natur - Insel M\u00f6n","robots":{"index":"index","follow":"follow","max-snippet":"max-snippet:-1","max-image-preview":"max-image-preview:large","max-video-preview":"max-video-preview:-1"},"canonical":"https:\/\/www.insel-moen.de\/da\/natur\/","og_locale":"da_DK","og_type":"article","og_title":"Natur - Insel M\u00f6n","og_description":"Kilometervis af sandstrande indbyder til at pr\u00f8ve at surfe og m\u00e6rke den friske saltst\u00f8v p\u00e5 og i n\u00e6sen og \u00f8rerne og m\u00e5ske &#8211; ja, m\u00e5ske &#8211; endda smage den. M\u00e5ske. Men der er ogs\u00e5 de fredelige skove med rolige landskaber, masser af friluftsliv overalt&#8230;. Skoven i den nordlige del af \u00f8en beskrives ofte af bes\u00f8gende [&hellip;]","og_url":"https:\/\/www.insel-moen.de\/da\/natur\/","og_site_name":"Insel M\u00f6n","og_image":[{"width":1600,"height":1067,"url":"https:\/\/www.insel-moen.de\/wp-content\/uploads\/2021\/09\/berge-und-wasser-auf-moen.jpg","type":"image\/jpeg"}],"twitter_card":"summary_large_image","twitter_misc":{"Estimeret l\u00e6setid":"1 minut"},"schema":{"@context":"https:\/\/schema.org","@graph":[{"@type":"WebPage","@id":"https:\/\/www.insel-moen.de\/da\/natur\/","url":"https:\/\/www.insel-moen.de\/da\/natur\/","name":"Natur - Insel M\u00f6n","isPartOf":{"@id":"https:\/\/www.insel-moen.de\/da\/#website"},"primaryImageOfPage":{"@id":"https:\/\/www.insel-moen.de\/da\/natur\/#primaryimage"},"image":{"@id":"https:\/\/www.insel-moen.de\/da\/natur\/#primaryimage"},"thumbnailUrl":"https:\/\/www.insel-moen.de\/wp-content\/uploads\/2021\/09\/berge-und-wasser-auf-moen.jpg","datePublished":"2022-08-16T13:35:53+00:00","breadcrumb":{"@id":"https:\/\/www.insel-moen.de\/da\/natur\/#breadcrumb"},"inLanguage":"da-DK","potentialAction":[{"@type":"ReadAction","target":["https:\/\/www.insel-moen.de\/da\/natur\/"]}]},{"@type":"ImageObject","inLanguage":"da-DK","@id":"https:\/\/www.insel-moen.de\/da\/natur\/#primaryimage","url":"https:\/\/www.insel-moen.de\/wp-content\/uploads\/2021\/09\/berge-und-wasser-auf-moen.jpg","contentUrl":"https:\/\/www.insel-moen.de\/wp-content\/uploads\/2021\/09\/berge-und-wasser-auf-moen.jpg","width":1600,"height":1067,"caption":"Landskab \u00d8 M\u00f6n"},{"@type":"BreadcrumbList","@id":"https:\/\/www.insel-moen.de\/da\/natur\/#breadcrumb","itemListElement":[{"@type":"ListItem","position":1,"name":"Startseite","item":"https:\/\/www.insel-moen.de\/da\/"},{"@type":"ListItem","position":2,"name":"Natur"}]},{"@type":"WebSite","@id":"https:\/\/www.insel-moen.de\/da\/#website","url":"https:\/\/www.insel-moen.de\/da\/","name":"Insel M\u00f6n","description":"INSEL M\u00d6N - Urlaub in der D\u00e4nischen S\u00fcdsee","publisher":{"@id":"https:\/\/www.insel-moen.de\/da\/#organization"},"potentialAction":[{"@type":"SearchAction","target":{"@type":"EntryPoint","urlTemplate":"https:\/\/www.insel-moen.de\/da\/?s={search_term_string}"},"query-input":{"@type":"PropertyValueSpecification","valueRequired":true,"valueName":"search_term_string"}}],"inLanguage":"da-DK"},{"@type":"Organization","@id":"https:\/\/www.insel-moen.de\/da\/#organization","name":"www.insel-moen.de","url":"https:\/\/www.insel-moen.de\/da\/","logo":{"@type":"ImageObject","inLanguage":"da-DK","@id":"https:\/\/www.insel-moen.de\/da\/#\/schema\/logo\/image\/","url":"https:\/\/www.insel-moen.de\/wp-content\/uploads\/2023\/08\/cropped-daenemark-logo-neu-klein.png","contentUrl":"https:\/\/www.insel-moen.de\/wp-content\/uploads\/2023\/08\/cropped-daenemark-logo-neu-klein.png","width":100,"height":101,"caption":"www.insel-moen.de"},"image":{"@id":"https:\/\/www.insel-moen.de\/da\/#\/schema\/logo\/image\/"}}]}},"_links":{"self":[{"href":"https:\/\/www.insel-moen.de\/da\/wp-json\/wp\/v2\/pages\/828","targetHints":{"allow":["GET"]}}],"collection":[{"href":"https:\/\/www.insel-moen.de\/da\/wp-json\/wp\/v2\/pages"}],"about":[{"href":"https:\/\/www.insel-moen.de\/da\/wp-json\/wp\/v2\/types\/page"}],"author":[{"embeddable":true,"href":"https:\/\/www.insel-moen.de\/da\/wp-json\/wp\/v2\/users\/3"}],"replies":[{"embeddable":true,"href":"https:\/\/www.insel-moen.de\/da\/wp-json\/wp\/v2\/comments?post=828"}],"version-history":[{"count":1,"href":"https:\/\/www.insel-moen.de\/da\/wp-json\/wp\/v2\/pages\/828\/revisions"}],"predecessor-version":[{"id":829,"href":"https:\/\/www.insel-moen.de\/da\/wp-json\/wp\/v2\/pages\/828\/revisions\/829"}],"wp:featuredmedia":[{"embeddable":true,"href":"https:\/\/www.insel-moen.de\/da\/wp-json\/wp\/v2\/media\/803"}],"wp:attachment":[{"href":"https:\/\/www.insel-moen.de\/da\/wp-json\/wp\/v2\/media?parent=828"}],"curies":[{"name":"wp","href":"https:\/\/api.w.org\/{rel}","templated":true}]}}