{"id":827,"date":"2022-08-16T13:35:53","date_gmt":"2022-08-16T13:35:53","guid":{"rendered":"https:\/\/www.insel-moen.de\/tryk\/"},"modified":"2022-08-16T13:35:53","modified_gmt":"2022-08-16T13:35:53","slug":"tryk","status":"publish","type":"page","link":"https:\/\/www.insel-moen.de\/da\/tryk\/","title":{"rendered":"Tryk"},"content":{"rendered":"<p>Ingo Kroll<br \/>\nLudwigstra\u00dfe 10<br \/>\n18055 Rostock<br \/>\nTelefon: +49 381 3 43 56 56 78<br \/>\nE-mail: ingo.kroll@googlemail.com<br \/>\nInternet: www.insel-moen.de<\/p>\n<p>Ansvarlig for indholdet i henhold til \u00a7 55, stk. 2 RStV: Ingo Kroll (adresse som ovenfor) ****<\/p>\n<p>Ansvarsfraskrivelse: Trods omhyggelig kontrol af indholdet p\u00e5tager vi os ikke noget ansvar for indholdet af eksterne links. Operat\u00f8rerne af de linkede sider er alene ansvarlige for deres indhold.<\/p>\n","protected":false},"excerpt":{"rendered":"<p>Ingo Kroll Ludwigstra\u00dfe 10 18055 Rostock Telefon: +49 381 3 43 56 56 78 E-mail: ingo.kroll@googlemail.com Internet: www.insel-moen.de Ansvarlig for indholdet i henhold til \u00a7 55, stk. 2 RStV: Ingo Kroll (adresse som ovenfor) **** Ansvarsfraskrivelse: Trods omhyggelig kontrol af indholdet p\u00e5tager vi os ikke noget ansvar for indholdet af eksterne links. Operat\u00f8rerne af de [&hellip;]<\/p>\n","protected":false},"author":3,"featured_media":0,"parent":0,"menu_order":0,"comment_status":"closed","ping_status":"closed","template":"","meta":{"footnotes":""},"class_list":["post-827","page","type-page","status-publish","hentry"],"yoast_head":"<!-- This site is optimized with the Yoast SEO plugin v24.5 - https:\/\/yoast.com\/wordpress\/plugins\/seo\/ -->\n<title>Tryk - Insel M\u00f6n<\/title>\n<meta name=\"robots\" content=\"index, follow, max-snippet:-1, max-image-preview:large, max-video-preview:-1\" \/>\n<link rel=\"canonical\" href=\"https:\/\/www.insel-moen.de\/da\/tryk\/\" \/>\n<meta property=\"og:locale\" content=\"da_DK\" \/>\n<meta property=\"og:type\" content=\"article\" \/>\n<meta property=\"og:title\" content=\"Tryk - Insel M\u00f6n\" \/>\n<meta property=\"og:description\" content=\"Ingo Kroll Ludwigstra\u00dfe 10 18055 Rostock Telefon: +49 381 3 43 56 56 78 E-mail: ingo.kroll@googlemail.com Internet: www.insel-moen.de Ansvarlig for indholdet i henhold til \u00a7 55, stk. 2 RStV: Ingo Kroll (adresse som ovenfor) **** Ansvarsfraskrivelse: Trods omhyggelig kontrol af indholdet p\u00e5tager vi os ikke noget ansvar for indholdet af eksterne links. Operat\u00f8rerne af de [&hellip;]\" \/>\n<meta property=\"og:url\" content=\"https:\/\/www.insel-moen.de\/da\/tryk\/\" \/>\n<meta property=\"og:site_name\" content=\"Insel M\u00f6n\" \/>\n<meta name=\"twitter:card\" content=\"summary_large_image\" \/>\n<script type=\"application\/ld+json\" class=\"yoast-schema-graph\">{\"@context\":\"https:\/\/schema.org\",\"@graph\":[{\"@type\":\"WebPage\",\"@id\":\"https:\/\/www.insel-moen.de\/da\/tryk\/\",\"url\":\"https:\/\/www.insel-moen.de\/da\/tryk\/\",\"name\":\"Tryk - Insel M\u00f6n\",\"isPartOf\":{\"@id\":\"https:\/\/www.insel-moen.de\/da\/#website\"},\"datePublished\":\"2022-08-16T13:35:53+00:00\",\"breadcrumb\":{\"@id\":\"https:\/\/www.insel-moen.de\/da\/tryk\/#breadcrumb\"},\"inLanguage\":\"da-DK\",\"potentialAction\":[{\"@type\":\"ReadAction\",\"target\":[\"https:\/\/www.insel-moen.de\/da\/tryk\/\"]}]},{\"@type\":\"BreadcrumbList\",\"@id\":\"https:\/\/www.insel-moen.de\/da\/tryk\/#breadcrumb\",\"itemListElement\":[{\"@type\":\"ListItem\",\"position\":1,\"name\":\"Startseite\",\"item\":\"https:\/\/www.insel-moen.de\/da\/\"},{\"@type\":\"ListItem\",\"position\":2,\"name\":\"Tryk\"}]},{\"@type\":\"WebSite\",\"@id\":\"https:\/\/www.insel-moen.de\/da\/#website\",\"url\":\"https:\/\/www.insel-moen.de\/da\/\",\"name\":\"Insel M\u00f6n\",\"description\":\"INSEL M\u00d6N - Urlaub in der D\u00e4nischen S\u00fcdsee\",\"publisher\":{\"@id\":\"https:\/\/www.insel-moen.de\/da\/#organization\"},\"potentialAction\":[{\"@type\":\"SearchAction\",\"target\":{\"@type\":\"EntryPoint\",\"urlTemplate\":\"https:\/\/www.insel-moen.de\/da\/?s={search_term_string}\"},\"query-input\":{\"@type\":\"PropertyValueSpecification\",\"valueRequired\":true,\"valueName\":\"search_term_string\"}}],\"inLanguage\":\"da-DK\"},{\"@type\":\"Organization\",\"@id\":\"https:\/\/www.insel-moen.de\/da\/#organization\",\"name\":\"www.insel-moen.de\",\"url\":\"https:\/\/www.insel-moen.de\/da\/\",\"logo\":{\"@type\":\"ImageObject\",\"inLanguage\":\"da-DK\",\"@id\":\"https:\/\/www.insel-moen.de\/da\/#\/schema\/logo\/image\/\",\"url\":\"https:\/\/www.insel-moen.de\/wp-content\/uploads\/2023\/08\/cropped-daenemark-logo-neu-klein.png\",\"contentUrl\":\"https:\/\/www.insel-moen.de\/wp-content\/uploads\/2023\/08\/cropped-daenemark-logo-neu-klein.png\",\"width\":100,\"height\":101,\"caption\":\"www.insel-moen.de\"},\"image\":{\"@id\":\"https:\/\/www.insel-moen.de\/da\/#\/schema\/logo\/image\/\"}}]}<\/script>\n<!-- \/ Yoast SEO plugin. -->","yoast_head_json":{"title":"Tryk - Insel M\u00f6n","robots":{"index":"index","follow":"follow","max-snippet":"max-snippet:-1","max-image-preview":"max-image-preview:large","max-video-preview":"max-video-preview:-1"},"canonical":"https:\/\/www.insel-moen.de\/da\/tryk\/","og_locale":"da_DK","og_type":"article","og_title":"Tryk - Insel M\u00f6n","og_description":"Ingo Kroll Ludwigstra\u00dfe 10 18055 Rostock Telefon: +49 381 3 43 56 56 78 E-mail: ingo.kroll@googlemail.com Internet: www.insel-moen.de Ansvarlig for indholdet i henhold til \u00a7 55, stk. 2 RStV: Ingo Kroll (adresse som ovenfor) **** Ansvarsfraskrivelse: Trods omhyggelig kontrol af indholdet p\u00e5tager vi os ikke noget ansvar for indholdet af eksterne links. Operat\u00f8rerne af de [&hellip;]","og_url":"https:\/\/www.insel-moen.de\/da\/tryk\/","og_site_name":"Insel M\u00f6n","twitter_card":"summary_large_image","schema":{"@context":"https:\/\/schema.org","@graph":[{"@type":"WebPage","@id":"https:\/\/www.insel-moen.de\/da\/tryk\/","url":"https:\/\/www.insel-moen.de\/da\/tryk\/","name":"Tryk - Insel M\u00f6n","isPartOf":{"@id":"https:\/\/www.insel-moen.de\/da\/#website"},"datePublished":"2022-08-16T13:35:53+00:00","breadcrumb":{"@id":"https:\/\/www.insel-moen.de\/da\/tryk\/#breadcrumb"},"inLanguage":"da-DK","potentialAction":[{"@type":"ReadAction","target":["https:\/\/www.insel-moen.de\/da\/tryk\/"]}]},{"@type":"BreadcrumbList","@id":"https:\/\/www.insel-moen.de\/da\/tryk\/#breadcrumb","itemListElement":[{"@type":"ListItem","position":1,"name":"Startseite","item":"https:\/\/www.insel-moen.de\/da\/"},{"@type":"ListItem","position":2,"name":"Tryk"}]},{"@type":"WebSite","@id":"https:\/\/www.insel-moen.de\/da\/#website","url":"https:\/\/www.insel-moen.de\/da\/","name":"Insel M\u00f6n","description":"INSEL M\u00d6N - Urlaub in der D\u00e4nischen S\u00fcdsee","publisher":{"@id":"https:\/\/www.insel-moen.de\/da\/#organization"},"potentialAction":[{"@type":"SearchAction","target":{"@type":"EntryPoint","urlTemplate":"https:\/\/www.insel-moen.de\/da\/?s={search_term_string}"},"query-input":{"@type":"PropertyValueSpecification","valueRequired":true,"valueName":"search_term_string"}}],"inLanguage":"da-DK"},{"@type":"Organization","@id":"https:\/\/www.insel-moen.de\/da\/#organization","name":"www.insel-moen.de","url":"https:\/\/www.insel-moen.de\/da\/","logo":{"@type":"ImageObject","inLanguage":"da-DK","@id":"https:\/\/www.insel-moen.de\/da\/#\/schema\/logo\/image\/","url":"https:\/\/www.insel-moen.de\/wp-content\/uploads\/2023\/08\/cropped-daenemark-logo-neu-klein.png","contentUrl":"https:\/\/www.insel-moen.de\/wp-content\/uploads\/2023\/08\/cropped-daenemark-logo-neu-klein.png","width":100,"height":101,"caption":"www.insel-moen.de"},"image":{"@id":"https:\/\/www.insel-moen.de\/da\/#\/schema\/logo\/image\/"}}]}},"_links":{"self":[{"href":"https:\/\/www.insel-moen.de\/da\/wp-json\/wp\/v2\/pages\/827","targetHints":{"allow":["GET"]}}],"collection":[{"href":"https:\/\/www.insel-moen.de\/da\/wp-json\/wp\/v2\/pages"}],"about":[{"href":"https:\/\/www.insel-moen.de\/da\/wp-json\/wp\/v2\/types\/page"}],"author":[{"embeddable":true,"href":"https:\/\/www.insel-moen.de\/da\/wp-json\/wp\/v2\/users\/3"}],"replies":[{"embeddable":true,"href":"https:\/\/www.insel-moen.de\/da\/wp-json\/wp\/v2\/comments?post=827"}],"version-history":[{"count":0,"href":"https:\/\/www.insel-moen.de\/da\/wp-json\/wp\/v2\/pages\/827\/revisions"}],"wp:attachment":[{"href":"https:\/\/www.insel-moen.de\/da\/wp-json\/wp\/v2\/media?parent=827"}],"curies":[{"name":"wp","href":"https:\/\/api.w.org\/{rel}","templated":true}]}}