{"id":825,"date":"2022-08-16T13:35:51","date_gmt":"2022-08-16T13:35:51","guid":{"rendered":"https:\/\/www.insel-moen.de\/aktiviteter-paa-oeen-moen\/"},"modified":"2024-05-16T08:17:42","modified_gmt":"2024-05-16T08:17:42","slug":"aktiviteter-paa-oeen-moen","status":"publish","type":"page","link":"https:\/\/www.insel-moen.de\/da\/aktiviteter-paa-oeen-moen\/","title":{"rendered":"Sev\u00e6rdigheder og aktiviteter p\u00e5 M\u00f8n"},"content":{"rendered":"\n<h2 class=\"wp-block-heading\">Oplev M\u00f8ns vidundere &#8211; En rejseguide til de smukkeste sev\u00e6rdigheder<\/h2>\n\n<p>Velkommen til M\u00f8n, en \u00f8, der ikke kun imponerer med sin naturlige sk\u00f8nhed, men ogs\u00e5 med en rig kulturarv, der tiltr\u00e6kker bes\u00f8gende fra hele verden. Her er hver dag et eventyr, og hvert hj\u00f8rne fort\u00e6ller sin egen historie.<\/p>\n\n<h2 class=\"wp-block-heading\"><strong>GeoCenter M\u00f8ns Klint<\/strong><\/h2>\n\n<figure class=\"wp-block-image size-large\"><a href=\"https:\/\/www.insel-moen.de\/wp-content\/uploads\/2024\/03\/moens-klint-5_&#xA9;Daniel-Villadsen-medium.jpg\"><img decoding=\"async\" src=\"https:\/\/www.insel-moen.de\/wp-content\/uploads\/2024\/03\/moens-klint-5_&#xA9;Daniel-Villadsen-medium-1024x768.jpg\" alt=\"\" class=\"wp-image-7344\"\/><\/a><\/figure>\n<p>I hjertet af M\u00f8ns Klints ber\u00f8mte kridtklinter ligger GeoCentret, som gennem interaktive udstillinger og guidede ture giver de bes\u00f8gende et dybt indblik i disse unikke geologiske formationers tilblivelse og historie. Fra udsigtsplatformene har du en spektakul\u00e6r udsigt over klipperne, som er op til 128 meter h\u00f8je og falder direkte ned i det bl\u00e5 hav.<\/p>\n\n<div class=\"wp-block-buttons is-layout-flex wp-block-buttons-is-layout-flex\">\n<div class=\"wp-block-button\"><a class=\"wp-block-button__link wp-element-button\" href=\"https:\/\/www.insel-moen.de\/da\/aktiviteter-paa-oeen-moen\/oplev-geocenter-moens-klint-en-port-til-fortiden\/\">l\u00e6re mere<\/a><\/div>\n<\/div>\n\n<h2 class=\"wp-block-heading\"><strong>Liselund Park og Slot<\/strong><\/h2>\n\n<figure class=\"wp-block-image size-full\"><a href=\"https:\/\/www.insel-moen.de\/wp-content\/uploads\/2024\/01\/liselund-schloss-hotel.jpg\"><img loading=\"lazy\" decoding=\"async\" width=\"650\" height=\"433\" src=\"https:\/\/www.insel-moen.de\/wp-content\/uploads\/2024\/01\/liselund-schloss-hotel.jpg\" alt=\"Liselund Park og Slot.\" class=\"wp-image-6459\" srcset=\"https:\/\/www.insel-moen.de\/wp-content\/uploads\/2024\/01\/liselund-schloss-hotel.jpg 650w, https:\/\/www.insel-moen.de\/wp-content\/uploads\/2024\/01\/liselund-schloss-hotel-300x200.jpg 300w\" sizes=\"auto, (max-width: 650px) 100vw, 650px\" \/><\/a><\/figure>\n<p>Den maleriske Liselund Park med det romantiske slot fra slutningen af 1700-tallet er et godt eksempel p\u00e5 romantisk havekunst. Med sine snoede stier, idylliske damme og dr\u00f8mmende pavilloner er Liselund den perfekte ramme om en afslappende eftermiddag v\u00e6k fra hverdagen.<\/p>\n\n<div class=\"wp-block-buttons is-layout-flex wp-block-buttons-is-layout-flex\">\n<div class=\"wp-block-button\"><a class=\"wp-block-button__link wp-element-button\" href=\"https:\/\/www.insel-moen.de\/da\/natur\/lieselund-slot\/\">F\u00e5 mere at vide<\/a><\/div>\n<\/div>\n\n<h2 class=\"wp-block-heading\"><strong>Elmelunde og Keldby kirker<\/strong><\/h2>\n\n<p>Kirkerne i Elmelunde og Keldby er ber\u00f8mte for deres velbevarede kalkmalerier, som viser b\u00e5de bibelske scener og skildringer af hverdagslivet i middelalderen. Disse kunstv\u00e6rker giver et fascinerende indblik i \u00f8ens religi\u00f8se og kulturelle historie.<\/p>\n\n<div class=\"wp-block-buttons is-layout-flex wp-block-buttons-is-layout-flex\">\n<div class=\"wp-block-button\"><a class=\"wp-block-button__link wp-element-button\" href=\"https:\/\/www.insel-moen.de\/aktiv\/elmelunde-kirke-ein-juwel-auf-der-insel-moen\/\">Mere om Elmelunde Kirke + fotos<\/a><\/div>\n<\/div>\n\n<h2 class=\"wp-block-heading\"><strong>Forhistoriske dysser og j\u00e6ttestuer<\/strong><\/h2>\n\n<p>De forhistoriske dysser og j\u00e6ttestuer, der ligger spredt ud over det m\u00f8nske landskab, er tavse vidner om en svunden tid. Disse megalitiske strukturer, som er nogle af de bedst bevarede i Danmark, tiltr\u00e6kker b\u00e5de ark\u00e6ologiske entusiaster og historikere.<\/p>\n\n<h2 class=\"wp-block-heading\"><strong>Broer<\/strong><\/h2>\n\n<figure class=\"wp-block-image size-large\"><a href=\"https:\/\/www.insel-moen.de\/wp-content\/uploads\/2024\/01\/hotel-residens-moen-1024x584.jpg\"><img loading=\"lazy\" decoding=\"async\" width=\"1024\" height=\"584\" src=\"https:\/\/www.insel-moen.de\/wp-content\/uploads\/2024\/01\/hotel-residens-moen-1024x584.jpg\" alt=\"Jetties &#xF8;ens hovedstad\" class=\"wp-image-6471\" srcset=\"https:\/\/www.insel-moen.de\/wp-content\/uploads\/2024\/01\/hotel-residens-moen-1024x584.jpg 1024w, https:\/\/www.insel-moen.de\/wp-content\/uploads\/2024\/01\/hotel-residens-moen-300x171.jpg 300w, https:\/\/www.insel-moen.de\/wp-content\/uploads\/2024\/01\/hotel-residens-moen-768x438.jpg 768w, https:\/\/www.insel-moen.de\/wp-content\/uploads\/2024\/01\/hotel-residens-moen-810x462.jpg 810w, https:\/\/www.insel-moen.de\/wp-content\/uploads\/2024\/01\/hotel-residens-moen-1200x684.jpg 1200w, https:\/\/www.insel-moen.de\/wp-content\/uploads\/2024\/01\/hotel-residens-moen.jpg 1280w\" sizes=\"auto, (max-width: 1024px) 100vw, 1024px\" \/><\/a><\/figure>\n<p>Den livlige lille by Stege, hjertet af M\u00f8n, er kendt for sin markedsdag, maleriske str\u00e6der og historiske bygninger, der g\u00e5r helt tilbage til vikingetiden. Her kan du g\u00e5 en dejlig tur, smage p\u00e5 regionale delikatesser og opdage det lokale kunsth\u00e5ndv\u00e6rk.<\/p>\n\n<div class=\"wp-block-buttons is-layout-flex wp-block-buttons-is-layout-flex\">\n<div class=\"wp-block-button\"><a class=\"wp-block-button__link wp-element-button\" href=\"https:\/\/www.insel-moen.de\/da\/steder-paa-oeen-moen\/broer\/\">l\u00e6re mere<\/a><\/div>\n<\/div>\n\n<h2 class=\"wp-block-heading\"><strong>Klintholm havn<\/strong><\/h2>\n\n<figure class=\"wp-block-image size-full\"><a href=\"https:\/\/www.insel-moen.de\/wp-content\/uploads\/2019\/06\/klintholm-havn.jpg\"><img loading=\"lazy\" decoding=\"async\" width=\"600\" height=\"382\" src=\"https:\/\/www.insel-moen.de\/wp-content\/uploads\/2019\/06\/klintholm-havn.jpg\" alt=\"Steder af interesse Klintholm Havn\" class=\"wp-image-284\" srcset=\"https:\/\/www.insel-moen.de\/wp-content\/uploads\/2019\/06\/klintholm-havn.jpg 600w, https:\/\/www.insel-moen.de\/wp-content\/uploads\/2019\/06\/klintholm-havn-300x191.jpg 300w, https:\/\/www.insel-moen.de\/wp-content\/uploads\/2019\/06\/klintholm-havn-560x357.jpg 560w, https:\/\/www.insel-moen.de\/wp-content\/uploads\/2019\/06\/klintholm-havn-120x76.jpg 120w\" sizes=\"auto, (max-width: 600px) 100vw, 600px\" \/><\/a><\/figure>\n<p>Klintholm havn er \u00f8ens pulserende maritime hjerte. Her kan de bes\u00f8gende k\u00f8be frisk fisk direkte fra b\u00e5den, deltage i sejlture eller bare nyde den afslappede atmosf\u00e6re ved vandet.<\/p>\n\n<div class=\"wp-block-buttons is-layout-flex wp-block-buttons-is-layout-flex\">\n<div class=\"wp-block-button\"><a class=\"wp-block-button__link wp-element-button\" href=\"https:\/\/www.insel-moen.de\/da\/steder-paa-oeen-moen\/klintholm-havn\/\">l\u00e6re mere<\/a><\/div>\n<\/div>\n\n<h2 class=\"wp-block-heading\"><strong>Nyord<\/strong><\/h2>\n\n<figure class=\"wp-block-image size-large\"><a href=\"https:\/\/www.insel-moen.de\/wp-content\/uploads\/2024\/03\/nyord-vom-Wind-und-wiesen-1024x684.jpeg\"><img loading=\"lazy\" decoding=\"async\" width=\"1024\" height=\"684\" src=\"https:\/\/www.insel-moen.de\/wp-content\/uploads\/2024\/03\/nyord-vom-Wind-und-wiesen-1024x684.jpeg\" alt=\"Nyord-syn, fladt land, pisket af vinden.\" class=\"wp-image-6890\" srcset=\"https:\/\/www.insel-moen.de\/wp-content\/uploads\/2024\/03\/nyord-vom-Wind-und-wiesen-1024x684.jpeg 1024w, https:\/\/www.insel-moen.de\/wp-content\/uploads\/2024\/03\/nyord-vom-Wind-und-wiesen-300x200.jpeg 300w, https:\/\/www.insel-moen.de\/wp-content\/uploads\/2024\/03\/nyord-vom-Wind-und-wiesen-768x513.jpeg 768w, https:\/\/www.insel-moen.de\/wp-content\/uploads\/2024\/03\/nyord-vom-Wind-und-wiesen-1536x1025.jpeg 1536w, https:\/\/www.insel-moen.de\/wp-content\/uploads\/2024\/03\/nyord-vom-Wind-und-wiesen-810x541.jpeg 810w, https:\/\/www.insel-moen.de\/wp-content\/uploads\/2024\/03\/nyord-vom-Wind-und-wiesen-1200x801.jpeg 1200w, https:\/\/www.insel-moen.de\/wp-content\/uploads\/2024\/03\/nyord-vom-Wind-und-wiesen.jpeg 1600w\" sizes=\"auto, (max-width: 1024px) 100vw, 1024px\" \/><\/a><\/figure>\n<p>Nyord er en lille, bilfri \u00f8, der er kendt for sin uspolerede natur og ro. En g\u00e5tur gennem landsbyen eller langs strandengene giver perfekte \u00f8jeblikke til at s\u00e6tte tempoet ned og er ideel for naturelskere.<\/p>\n\n<div class=\"wp-block-buttons is-layout-flex wp-block-buttons-is-layout-flex\">\n<div class=\"wp-block-button\"><a class=\"wp-block-button__link wp-element-button\" href=\"https:\/\/www.insel-moen.de\/da\/oplev-nyord-en-idyl-mellem-moen-og-sjaelland\/\">l\u00e6re mere<\/a><\/div>\n<\/div>\n\n<h2 class=\"wp-block-heading\"><strong>Dark Sky Park og Dark Sky Reserve M\u00f8ns Klint<\/strong><\/h2>\n\n<figure class=\"wp-block-image size-large\"><a href=\"https:\/\/www.insel-moen.de\/wp-content\/uploads\/2024\/03\/sark-sky-soemarke-dyssen-auf-moen-1024x683.jpeg\"><img loading=\"lazy\" decoding=\"async\" width=\"1024\" height=\"683\" src=\"https:\/\/www.insel-moen.de\/wp-content\/uploads\/2024\/03\/sark-sky-soemarke-dyssen-auf-moen-1024x683.jpeg\" alt=\"Dark Sky Park p&#xE5; M&#xF6;n. Et nyt syn\" class=\"wp-image-7073\" srcset=\"https:\/\/www.insel-moen.de\/wp-content\/uploads\/2024\/03\/sark-sky-soemarke-dyssen-auf-moen-1024x683.jpeg 1024w, https:\/\/www.insel-moen.de\/wp-content\/uploads\/2024\/03\/sark-sky-soemarke-dyssen-auf-moen-300x200.jpeg 300w, https:\/\/www.insel-moen.de\/wp-content\/uploads\/2024\/03\/sark-sky-soemarke-dyssen-auf-moen-768x512.jpeg 768w, https:\/\/www.insel-moen.de\/wp-content\/uploads\/2024\/03\/sark-sky-soemarke-dyssen-auf-moen-1536x1024.jpeg 1536w, https:\/\/www.insel-moen.de\/wp-content\/uploads\/2024\/03\/sark-sky-soemarke-dyssen-auf-moen-810x540.jpeg 810w, https:\/\/www.insel-moen.de\/wp-content\/uploads\/2024\/03\/sark-sky-soemarke-dyssen-auf-moen-1200x800.jpeg 1200w, https:\/\/www.insel-moen.de\/wp-content\/uploads\/2024\/03\/sark-sky-soemarke-dyssen-auf-moen.jpeg 1600w\" sizes=\"auto, (max-width: 1024px) 100vw, 1024px\" \/><\/a><\/figure>\n<p>Som en af de f\u00f8rste officielt anerkendte dark sky-parker i Europa byder M\u00f8ns Klint p\u00e5 utrolige muligheder for stjernekiggeri. Den lave lysforurening g\u00f8r det muligt at beundre M\u00e6lkevejen og utallige stjerner p\u00e5 klare n\u00e6tter, hvilket er et s\u00e6rligt h\u00f8jdepunkt for astronomiinteresserede.<\/p>\n\n<div class=\"wp-block-buttons is-layout-flex wp-block-buttons-is-layout-flex\">\n<div class=\"wp-block-button\"><a class=\"wp-block-button__link wp-element-button\" href=\"https:\/\/www.insel-moen.de\/da\/stjernekiggeri-paa-den-danske-oe-moen\/\">l\u00e6re mere<\/a><\/div>\n<\/div>\n\n<h2 class=\"wp-block-heading\"><strong>Konklusion<\/strong><\/h2>\n\n<p>M\u00f8n er en \u00f8, der fascinerer enhver bes\u00f8gende med sin mangfoldighed, fra den dybe historie til den imponerende natur. Uanset om du er interesseret i historie, kunst eller natur, har M\u00f8n masser af skatte at opdage. Planl\u00e6g din n\u00e6ste ferie p\u00e5 denne smukke \u00f8, og oplev selv, hvorfor M\u00f8n er s\u00e5 specielt et sted.<\/p>\n\n<div class=\"wp-block-columns has-2-columns is-layout-flex wp-container-core-columns-is-layout-9d6595d7 wp-block-columns-is-layout-flex\">\n<div class=\"wp-block-column is-layout-flow wp-block-column-is-layout-flow\">\n<figure class=\"wp-block-image\"><img loading=\"lazy\" decoding=\"async\" width=\"1024\" height=\"683\" src=\"https:\/\/www.insel-moen.de\/wp-content\/uploads\/2019\/07\/baden-auf-moen-1024x683.jpg\" alt=\"\" class=\"wp-image-344\" srcset=\"https:\/\/www.insel-moen.de\/wp-content\/uploads\/2019\/07\/baden-auf-moen-1024x683.jpg 1024w, https:\/\/www.insel-moen.de\/wp-content\/uploads\/2019\/07\/baden-auf-moen-300x200.jpg 300w, https:\/\/www.insel-moen.de\/wp-content\/uploads\/2019\/07\/baden-auf-moen-768x512.jpg 768w, https:\/\/www.insel-moen.de\/wp-content\/uploads\/2019\/07\/baden-auf-moen-810x540.jpg 810w, https:\/\/www.insel-moen.de\/wp-content\/uploads\/2019\/07\/baden-auf-moen-560x373.jpg 560w, https:\/\/www.insel-moen.de\/wp-content\/uploads\/2019\/07\/baden-auf-moen-975x650.jpg 975w, https:\/\/www.insel-moen.de\/wp-content\/uploads\/2019\/07\/baden-auf-moen-120x80.jpg 120w, https:\/\/www.insel-moen.de\/wp-content\/uploads\/2019\/07\/baden-auf-moen.jpg 1920w\" sizes=\"auto, (max-width: 1024px) 100vw, 1024px\" \/><\/figure>\n\n\n<h2 class=\"wp-block-heading\">Badning p\u00e5 \u00f8en M\u00f6n<\/h2>\n\n\n\n<p>Der er gode strande p\u00e5 \u00f8en M\u00f6n. Vi viser dig nogle af dem.<\/p>\n\n\n\n<div class=\"wp-block-button\"><a class=\"wp-block-button__link wp-element-button\" href=\"https:\/\/www.insel-moen.de\/da\/aktiviteter-paa-oeen-moen\/badning-paa-oeen-moen\/\">Badning p\u00e5 mandag<\/a><\/div>\n<\/div>\n\n\n\n<div class=\"wp-block-column is-layout-flow wp-block-column-is-layout-flow\">\n<div class=\"wp-block-columns has-2-columns is-layout-flex wp-container-core-columns-is-layout-9d6595d7 wp-block-columns-is-layout-flex\">\n<div class=\"wp-block-column is-layout-flow wp-block-column-is-layout-flow\">\n<figure class=\"wp-block-image\"><img loading=\"lazy\" decoding=\"async\" width=\"1024\" height=\"682\" src=\"https:\/\/www.insel-moen.de\/wp-content\/uploads\/2019\/07\/kite-surfen-auf-der-insel-moen-1024x682.jpg\" alt=\"\" class=\"wp-image-347\" srcset=\"https:\/\/www.insel-moen.de\/wp-content\/uploads\/2019\/07\/kite-surfen-auf-der-insel-moen.jpg 1024w, https:\/\/www.insel-moen.de\/wp-content\/uploads\/2019\/07\/kite-surfen-auf-der-insel-moen-300x200.jpg 300w, https:\/\/www.insel-moen.de\/wp-content\/uploads\/2019\/07\/kite-surfen-auf-der-insel-moen-768x512.jpg 768w, https:\/\/www.insel-moen.de\/wp-content\/uploads\/2019\/07\/kite-surfen-auf-der-insel-moen-810x539.jpg 810w, https:\/\/www.insel-moen.de\/wp-content\/uploads\/2019\/07\/kite-surfen-auf-der-insel-moen-560x373.jpg 560w, https:\/\/www.insel-moen.de\/wp-content\/uploads\/2019\/07\/kite-surfen-auf-der-insel-moen-976x650.jpg 976w, https:\/\/www.insel-moen.de\/wp-content\/uploads\/2019\/07\/kite-surfen-auf-der-insel-moen-120x80.jpg 120w\" sizes=\"auto, (max-width: 1024px) 100vw, 1024px\" \/><\/figure>\n\n\n<h2 class=\"wp-block-heading\">Kitesurfing  <\/h2>\n\n\n\n<p>\u00d8en er ideel til kiting<\/p>\n\n\n\n<div class=\"wp-block-button\"><a class=\"wp-block-button__link wp-element-button\" href=\"https:\/\/www.insel-moen.de\/da\/aktiviteter-paa-oeen-moen\/kitesurfing-paa-oeen-mon\/\">Kite info<\/a><\/div>\n<\/div>\n\n\n\n<div class=\"wp-block-column is-layout-flow wp-block-column-is-layout-flow\">\n<figure class=\"wp-block-image\"><img loading=\"lazy\" decoding=\"async\" width=\"1024\" height=\"683\" src=\"https:\/\/www.insel-moen.de\/wp-content\/uploads\/2019\/07\/rad-fahren-auf-moen-1024x683.jpg\" alt=\"\" class=\"wp-image-351\" srcset=\"https:\/\/www.insel-moen.de\/wp-content\/uploads\/2019\/07\/rad-fahren-auf-moen-1024x683.jpg 1024w, https:\/\/www.insel-moen.de\/wp-content\/uploads\/2019\/07\/rad-fahren-auf-moen-300x200.jpg 300w, https:\/\/www.insel-moen.de\/wp-content\/uploads\/2019\/07\/rad-fahren-auf-moen-768x512.jpg 768w, https:\/\/www.insel-moen.de\/wp-content\/uploads\/2019\/07\/rad-fahren-auf-moen-810x540.jpg 810w, https:\/\/www.insel-moen.de\/wp-content\/uploads\/2019\/07\/rad-fahren-auf-moen-560x373.jpg 560w, https:\/\/www.insel-moen.de\/wp-content\/uploads\/2019\/07\/rad-fahren-auf-moen-975x650.jpg 975w, https:\/\/www.insel-moen.de\/wp-content\/uploads\/2019\/07\/rad-fahren-auf-moen-120x80.jpg 120w, https:\/\/www.insel-moen.de\/wp-content\/uploads\/2019\/07\/rad-fahren-auf-moen.jpg 1920w\" sizes=\"auto, (max-width: 1024px) 100vw, 1024px\" \/><\/figure>\n\n\n<h2 class=\"wp-block-heading\">Cykling<\/h2>\n\n\n\n<p>Cykelruter p\u00e5 Mon<\/p>\n\n\n\n<div class=\"wp-block-button\"><a class=\"wp-block-button__link wp-element-button\" href=\"https:\/\/www.insel-moen.de\/da\/aktiviteter-paa-oeen-moen\/panorama-cykelruter\/\">Tips til cykler<\/a><\/div>\n<\/div>\n<\/div>\n<\/div>\n<\/div>\n","protected":false},"excerpt":{"rendered":"<p>Oplev M\u00f8ns vidundere &#8211; En rejseguide til de smukkeste sev\u00e6rdigheder Velkommen til M\u00f8n, en \u00f8, der ikke kun imponerer med sin naturlige sk\u00f8nhed, men ogs\u00e5 med en rig kulturarv, der tiltr\u00e6kker bes\u00f8gende fra hele verden. Her er hver dag et eventyr, og hvert hj\u00f8rne fort\u00e6ller sin egen historie. GeoCenter M\u00f8ns Klint I hjertet af M\u00f8ns [&hellip;]<\/p>\n","protected":false},"author":3,"featured_media":0,"parent":0,"menu_order":0,"comment_status":"closed","ping_status":"open","template":"templates\/template-full-width.php","meta":{"footnotes":""},"class_list":["post-825","page","type-page","status-publish","hentry"],"yoast_head":"<!-- This site is optimized with the Yoast SEO plugin v24.5 - https:\/\/yoast.com\/wordpress\/plugins\/seo\/ -->\n<title>Sev\u00e6rdigheder p\u00e5 \u00f8en M\u00f6n<\/title>\n<meta name=\"robots\" content=\"index, follow, max-snippet:-1, max-image-preview:large, max-video-preview:-1\" \/>\n<link rel=\"canonical\" href=\"https:\/\/www.insel-moen.de\/da\/aktiviteter-paa-oeen-moen\/\" \/>\n<meta property=\"og:locale\" content=\"da_DK\" \/>\n<meta property=\"og:type\" content=\"article\" \/>\n<meta property=\"og:title\" content=\"Sev\u00e6rdigheder p\u00e5 \u00f8en M\u00f6n\" \/>\n<meta property=\"og:description\" content=\"Oplev M\u00f8ns vidundere &#8211; En rejseguide til de smukkeste sev\u00e6rdigheder Velkommen til M\u00f8n, en \u00f8, der ikke kun imponerer med sin naturlige sk\u00f8nhed, men ogs\u00e5 med en rig kulturarv, der tiltr\u00e6kker bes\u00f8gende fra hele verden. Her er hver dag et eventyr, og hvert hj\u00f8rne fort\u00e6ller sin egen historie. GeoCenter M\u00f8ns Klint I hjertet af M\u00f8ns [&hellip;]\" \/>\n<meta property=\"og:url\" content=\"https:\/\/www.insel-moen.de\/da\/aktiviteter-paa-oeen-moen\/\" \/>\n<meta property=\"og:site_name\" content=\"Insel M\u00f6n\" \/>\n<meta property=\"article:modified_time\" content=\"2024-05-16T08:17:42+00:00\" \/>\n<meta property=\"og:image\" content=\"https:\/\/www.insel-moen.de\/wp-content\/uploads\/2024\/03\/moens-klint-5_&#xA9;Daniel-Villadsen-medium-1024x768.jpg\" \/>\n<meta name=\"twitter:card\" content=\"summary_large_image\" \/>\n<meta name=\"twitter:label1\" content=\"Estimeret l\u00e6setid\" \/>\n\t<meta name=\"twitter:data1\" content=\"3 minutter\" \/>\n<script type=\"application\/ld+json\" class=\"yoast-schema-graph\">{\"@context\":\"https:\/\/schema.org\",\"@graph\":[{\"@type\":\"WebPage\",\"@id\":\"https:\/\/www.insel-moen.de\/da\/aktiviteter-paa-oeen-moen\/\",\"url\":\"https:\/\/www.insel-moen.de\/da\/aktiviteter-paa-oeen-moen\/\",\"name\":\"Sev\u00e6rdigheder p\u00e5 \u00f8en M\u00f6n\",\"isPartOf\":{\"@id\":\"https:\/\/www.insel-moen.de\/da\/#website\"},\"primaryImageOfPage\":{\"@id\":\"https:\/\/www.insel-moen.de\/da\/aktiviteter-paa-oeen-moen\/#primaryimage\"},\"image\":{\"@id\":\"https:\/\/www.insel-moen.de\/da\/aktiviteter-paa-oeen-moen\/#primaryimage\"},\"thumbnailUrl\":\"https:\/\/www.insel-moen.de\/wp-content\/uploads\/2024\/03\/moens-klint-5_&#xA9;Daniel-Villadsen-medium-1024x768.jpg\",\"datePublished\":\"2022-08-16T13:35:51+00:00\",\"dateModified\":\"2024-05-16T08:17:42+00:00\",\"breadcrumb\":{\"@id\":\"https:\/\/www.insel-moen.de\/da\/aktiviteter-paa-oeen-moen\/#breadcrumb\"},\"inLanguage\":\"da-DK\",\"potentialAction\":[{\"@type\":\"ReadAction\",\"target\":[\"https:\/\/www.insel-moen.de\/da\/aktiviteter-paa-oeen-moen\/\"]}]},{\"@type\":\"ImageObject\",\"inLanguage\":\"da-DK\",\"@id\":\"https:\/\/www.insel-moen.de\/da\/aktiviteter-paa-oeen-moen\/#primaryimage\",\"url\":\"https:\/\/www.insel-moen.de\/wp-content\/uploads\/2024\/03\/moens-klint-5_&#xA9;Daniel-Villadsen-medium-1024x768.jpg\",\"contentUrl\":\"https:\/\/www.insel-moen.de\/wp-content\/uploads\/2024\/03\/moens-klint-5_&#xA9;Daniel-Villadsen-medium-1024x768.jpg\"},{\"@type\":\"BreadcrumbList\",\"@id\":\"https:\/\/www.insel-moen.de\/da\/aktiviteter-paa-oeen-moen\/#breadcrumb\",\"itemListElement\":[{\"@type\":\"ListItem\",\"position\":1,\"name\":\"Startseite\",\"item\":\"https:\/\/www.insel-moen.de\/da\/\"},{\"@type\":\"ListItem\",\"position\":2,\"name\":\"Sev\u00e6rdigheder og aktiviteter p\u00e5 M\u00f8n\"}]},{\"@type\":\"WebSite\",\"@id\":\"https:\/\/www.insel-moen.de\/da\/#website\",\"url\":\"https:\/\/www.insel-moen.de\/da\/\",\"name\":\"Insel M\u00f6n\",\"description\":\"INSEL M\u00d6N - Urlaub in der D\u00e4nischen S\u00fcdsee\",\"publisher\":{\"@id\":\"https:\/\/www.insel-moen.de\/da\/#organization\"},\"potentialAction\":[{\"@type\":\"SearchAction\",\"target\":{\"@type\":\"EntryPoint\",\"urlTemplate\":\"https:\/\/www.insel-moen.de\/da\/?s={search_term_string}\"},\"query-input\":{\"@type\":\"PropertyValueSpecification\",\"valueRequired\":true,\"valueName\":\"search_term_string\"}}],\"inLanguage\":\"da-DK\"},{\"@type\":\"Organization\",\"@id\":\"https:\/\/www.insel-moen.de\/da\/#organization\",\"name\":\"www.insel-moen.de\",\"url\":\"https:\/\/www.insel-moen.de\/da\/\",\"logo\":{\"@type\":\"ImageObject\",\"inLanguage\":\"da-DK\",\"@id\":\"https:\/\/www.insel-moen.de\/da\/#\/schema\/logo\/image\/\",\"url\":\"https:\/\/www.insel-moen.de\/wp-content\/uploads\/2023\/08\/cropped-daenemark-logo-neu-klein.png\",\"contentUrl\":\"https:\/\/www.insel-moen.de\/wp-content\/uploads\/2023\/08\/cropped-daenemark-logo-neu-klein.png\",\"width\":100,\"height\":101,\"caption\":\"www.insel-moen.de\"},\"image\":{\"@id\":\"https:\/\/www.insel-moen.de\/da\/#\/schema\/logo\/image\/\"}}]}<\/script>\n<!-- \/ Yoast SEO plugin. -->","yoast_head_json":{"title":"Sev\u00e6rdigheder p\u00e5 \u00f8en M\u00f6n","robots":{"index":"index","follow":"follow","max-snippet":"max-snippet:-1","max-image-preview":"max-image-preview:large","max-video-preview":"max-video-preview:-1"},"canonical":"https:\/\/www.insel-moen.de\/da\/aktiviteter-paa-oeen-moen\/","og_locale":"da_DK","og_type":"article","og_title":"Sev\u00e6rdigheder p\u00e5 \u00f8en M\u00f6n","og_description":"Oplev M\u00f8ns vidundere &#8211; En rejseguide til de smukkeste sev\u00e6rdigheder Velkommen til M\u00f8n, en \u00f8, der ikke kun imponerer med sin naturlige sk\u00f8nhed, men ogs\u00e5 med en rig kulturarv, der tiltr\u00e6kker bes\u00f8gende fra hele verden. Her er hver dag et eventyr, og hvert hj\u00f8rne fort\u00e6ller sin egen historie. GeoCenter M\u00f8ns Klint I hjertet af M\u00f8ns [&hellip;]","og_url":"https:\/\/www.insel-moen.de\/da\/aktiviteter-paa-oeen-moen\/","og_site_name":"Insel M\u00f6n","article_modified_time":"2024-05-16T08:17:42+00:00","og_image":[{"url":"https:\/\/www.insel-moen.de\/wp-content\/uploads\/2024\/03\/moens-klint-5_&#xA9;Daniel-Villadsen-medium-1024x768.jpg","type":"","width":"","height":""}],"twitter_card":"summary_large_image","twitter_misc":{"Estimeret l\u00e6setid":"3 minutter"},"schema":{"@context":"https:\/\/schema.org","@graph":[{"@type":"WebPage","@id":"https:\/\/www.insel-moen.de\/da\/aktiviteter-paa-oeen-moen\/","url":"https:\/\/www.insel-moen.de\/da\/aktiviteter-paa-oeen-moen\/","name":"Sev\u00e6rdigheder p\u00e5 \u00f8en M\u00f6n","isPartOf":{"@id":"https:\/\/www.insel-moen.de\/da\/#website"},"primaryImageOfPage":{"@id":"https:\/\/www.insel-moen.de\/da\/aktiviteter-paa-oeen-moen\/#primaryimage"},"image":{"@id":"https:\/\/www.insel-moen.de\/da\/aktiviteter-paa-oeen-moen\/#primaryimage"},"thumbnailUrl":"https:\/\/www.insel-moen.de\/wp-content\/uploads\/2024\/03\/moens-klint-5_&#xA9;Daniel-Villadsen-medium-1024x768.jpg","datePublished":"2022-08-16T13:35:51+00:00","dateModified":"2024-05-16T08:17:42+00:00","breadcrumb":{"@id":"https:\/\/www.insel-moen.de\/da\/aktiviteter-paa-oeen-moen\/#breadcrumb"},"inLanguage":"da-DK","potentialAction":[{"@type":"ReadAction","target":["https:\/\/www.insel-moen.de\/da\/aktiviteter-paa-oeen-moen\/"]}]},{"@type":"ImageObject","inLanguage":"da-DK","@id":"https:\/\/www.insel-moen.de\/da\/aktiviteter-paa-oeen-moen\/#primaryimage","url":"https:\/\/www.insel-moen.de\/wp-content\/uploads\/2024\/03\/moens-klint-5_&#xA9;Daniel-Villadsen-medium-1024x768.jpg","contentUrl":"https:\/\/www.insel-moen.de\/wp-content\/uploads\/2024\/03\/moens-klint-5_&#xA9;Daniel-Villadsen-medium-1024x768.jpg"},{"@type":"BreadcrumbList","@id":"https:\/\/www.insel-moen.de\/da\/aktiviteter-paa-oeen-moen\/#breadcrumb","itemListElement":[{"@type":"ListItem","position":1,"name":"Startseite","item":"https:\/\/www.insel-moen.de\/da\/"},{"@type":"ListItem","position":2,"name":"Sev\u00e6rdigheder og aktiviteter p\u00e5 M\u00f8n"}]},{"@type":"WebSite","@id":"https:\/\/www.insel-moen.de\/da\/#website","url":"https:\/\/www.insel-moen.de\/da\/","name":"Insel M\u00f6n","description":"INSEL M\u00d6N - Urlaub in der D\u00e4nischen S\u00fcdsee","publisher":{"@id":"https:\/\/www.insel-moen.de\/da\/#organization"},"potentialAction":[{"@type":"SearchAction","target":{"@type":"EntryPoint","urlTemplate":"https:\/\/www.insel-moen.de\/da\/?s={search_term_string}"},"query-input":{"@type":"PropertyValueSpecification","valueRequired":true,"valueName":"search_term_string"}}],"inLanguage":"da-DK"},{"@type":"Organization","@id":"https:\/\/www.insel-moen.de\/da\/#organization","name":"www.insel-moen.de","url":"https:\/\/www.insel-moen.de\/da\/","logo":{"@type":"ImageObject","inLanguage":"da-DK","@id":"https:\/\/www.insel-moen.de\/da\/#\/schema\/logo\/image\/","url":"https:\/\/www.insel-moen.de\/wp-content\/uploads\/2023\/08\/cropped-daenemark-logo-neu-klein.png","contentUrl":"https:\/\/www.insel-moen.de\/wp-content\/uploads\/2023\/08\/cropped-daenemark-logo-neu-klein.png","width":100,"height":101,"caption":"www.insel-moen.de"},"image":{"@id":"https:\/\/www.insel-moen.de\/da\/#\/schema\/logo\/image\/"}}]}},"_links":{"self":[{"href":"https:\/\/www.insel-moen.de\/da\/wp-json\/wp\/v2\/pages\/825","targetHints":{"allow":["GET"]}}],"collection":[{"href":"https:\/\/www.insel-moen.de\/da\/wp-json\/wp\/v2\/pages"}],"about":[{"href":"https:\/\/www.insel-moen.de\/da\/wp-json\/wp\/v2\/types\/page"}],"author":[{"embeddable":true,"href":"https:\/\/www.insel-moen.de\/da\/wp-json\/wp\/v2\/users\/3"}],"replies":[{"embeddable":true,"href":"https:\/\/www.insel-moen.de\/da\/wp-json\/wp\/v2\/comments?post=825"}],"version-history":[{"count":3,"href":"https:\/\/www.insel-moen.de\/da\/wp-json\/wp\/v2\/pages\/825\/revisions"}],"predecessor-version":[{"id":8398,"href":"https:\/\/www.insel-moen.de\/da\/wp-json\/wp\/v2\/pages\/825\/revisions\/8398"}],"wp:attachment":[{"href":"https:\/\/www.insel-moen.de\/da\/wp-json\/wp\/v2\/media?parent=825"}],"curies":[{"name":"wp","href":"https:\/\/api.w.org\/{rel}","templated":true}]}}