{"id":7305,"date":"2024-03-24T17:51:35","date_gmt":"2024-03-24T17:51:35","guid":{"rendered":"https:\/\/www.insel-moen.de\/om-os\/"},"modified":"2024-03-24T17:51:37","modified_gmt":"2024-03-24T17:51:37","slug":"om-os","status":"publish","type":"page","link":"https:\/\/www.insel-moen.de\/da\/om-os\/","title":{"rendered":"Om os"},"content":{"rendered":"\n<p><strong>Din tid er dyrebar. Brug den til det, der virkelig t\u00e6ller: Tid med familien, til hobbyer, til krop og sj\u00e6l. Tid til dig. Insel-moen.de er din guide til uforglemmelige \u00f8jeblikke p\u00e5 M\u00f8n.<\/strong><\/p>\n\n<p>Siden min barndom i Rostock efter genforeningen har jeg altid v\u00e6ret tiltrukket af Danmark. Jeg voksede op med historier om det venlige land i nord og Olsen-bandens eventyr. Min f\u00f8rste korte tur til M\u00f8n var for 20 \u00e5r siden, og jeg blev straks forelsket i det s\u00e6rlige lys, som kridtet reflekterer i vandet, og den overraskende variation i landskaberne &#8211; fra vadehavet til de b\u00f8lgende bakker. I Stege opdagede jeg de sm\u00e5, fine slagterbutikker og charmerende B&amp;B&#8217;er. Med tiden blev M\u00f8n et sted, som jeg ikke kun bes\u00f8gte alene eller med mit barn, men et sted, som jeg \u00f8nskede at dele med verden.<\/p>\n\n<p><strong>F\u00f8dslen af Insel-Moen.de<\/strong><\/p>\n\n<p>Min begejstring for M\u00f8n og den begr\u00e6nsede kapacitet p\u00e5 den lille \u00f8 fik mig til at oprette Insel-Moen.de. Responsen var overv\u00e6ldende. Jeg fik mange foresp\u00f8rgsler om <a href=\"https:\/\/www.insel-moen.de\/da\/bed-breakfast-moen-island\/\">overnatninger<\/a>, som jeg i f\u00f8rste omgang gav videre til den vidunderlige Susanne Noehr, l\u00e6nge f\u00f8r der var nogen bookingportaler. I dag modtager jeg en lille provision for hver booking via siden. Jeg bliver ikke rig af det &#8211; men det er heller ikke m\u00e5let. M\u00e5let er at dele M\u00f8ns sk\u00f8nhed med dig.<\/p>\n\n<p><strong>Insel-Moen.de &#8211; Mere end bare en hjemmeside<\/strong><\/p>\n\n<p>P\u00e5 Insel-Moen.de finder du alt, hvad hjertet beg\u00e6rer: fra hemmelige vandreruter til de bedste picnicsteder og kulturskatte. Siden er et resultat af min k\u00e6rlighed til \u00f8en og \u00f8nsket om at dele denne k\u00e6rlighed med dig. Hver anbefaling, hver historie er et stykke af mit hjerte.<\/p>\n\n<p><strong>Bookinger &#8211; St\u00f8t projektet<\/strong><\/p>\n\n<p>Hver <a href=\"https:\/\/www.insel-moen.de\/da\/ferieboliger-paa-oeen-moen\/sommerhus-moen-med-havudsigt\/\">booking<\/a> via Insel-Moen.de hj\u00e6lper med at holde dette projekt i live. Udbuddet er m\u00e5ske begr\u00e6nset, men det er det, der g\u00f8r M\u00f8n s\u00e5 charmerende. Vi fokuserer p\u00e5 kvalitet frem for kvantitet, p\u00e5 oplevelser, der vil blive husket.<\/p>\n\n<p><strong>En tak til<\/strong><\/p>\n\n<p>Jeg vil gerne takke alle, der bidrager til forts\u00e6ttelsen og udvidelsen af Insel-Moen.de gennem deres bookinger. Mit m\u00e5l er, at dette site ikke bare bliver en port til M\u00f8n, men et sted, hvor elskere af denne unikke \u00f8 kan m\u00f8des, udveksle ideer og blive inspireret.<\/p>\n\n<p><strong>Velkommen til M\u00f8n &#8211; din \u00f8 for s\u00e6rlige \u00f8jeblikke<\/strong><\/p>\n","protected":false},"excerpt":{"rendered":"<p>Din tid er dyrebar. Brug den til det, der virkelig t\u00e6ller: Tid med familien, til hobbyer, til krop og sj\u00e6l. Tid til dig. Insel-moen.de er din guide til uforglemmelige \u00f8jeblikke p\u00e5 M\u00f8n. Siden min barndom i Rostock efter genforeningen har jeg altid v\u00e6ret tiltrukket af Danmark. Jeg voksede op med historier om det venlige land [&hellip;]<\/p>\n","protected":false},"author":3,"featured_media":0,"parent":0,"menu_order":0,"comment_status":"closed","ping_status":"closed","template":"","meta":{"footnotes":""},"class_list":["post-7305","page","type-page","status-publish","hentry"],"yoast_head":"<!-- This site is optimized with the Yoast SEO plugin v24.5 - https:\/\/yoast.com\/wordpress\/plugins\/seo\/ -->\n<title>Om os - Insel M\u00f6n<\/title>\n<meta name=\"robots\" content=\"index, follow, max-snippet:-1, max-image-preview:large, max-video-preview:-1\" \/>\n<link rel=\"canonical\" href=\"https:\/\/www.insel-moen.de\/da\/om-os\/\" \/>\n<meta property=\"og:locale\" content=\"da_DK\" \/>\n<meta property=\"og:type\" content=\"article\" \/>\n<meta property=\"og:title\" content=\"Om os - Insel M\u00f6n\" \/>\n<meta property=\"og:description\" content=\"Din tid er dyrebar. Brug den til det, der virkelig t\u00e6ller: Tid med familien, til hobbyer, til krop og sj\u00e6l. Tid til dig. Insel-moen.de er din guide til uforglemmelige \u00f8jeblikke p\u00e5 M\u00f8n. Siden min barndom i Rostock efter genforeningen har jeg altid v\u00e6ret tiltrukket af Danmark. Jeg voksede op med historier om det venlige land [&hellip;]\" \/>\n<meta property=\"og:url\" content=\"https:\/\/www.insel-moen.de\/da\/om-os\/\" \/>\n<meta property=\"og:site_name\" content=\"Insel M\u00f6n\" \/>\n<meta property=\"article:modified_time\" content=\"2024-03-24T17:51:37+00:00\" \/>\n<meta name=\"twitter:card\" content=\"summary_large_image\" \/>\n<meta name=\"twitter:label1\" content=\"Estimeret l\u00e6setid\" \/>\n\t<meta name=\"twitter:data1\" content=\"2 minutter\" \/>\n<script type=\"application\/ld+json\" class=\"yoast-schema-graph\">{\"@context\":\"https:\/\/schema.org\",\"@graph\":[{\"@type\":\"WebPage\",\"@id\":\"https:\/\/www.insel-moen.de\/da\/om-os\/\",\"url\":\"https:\/\/www.insel-moen.de\/da\/om-os\/\",\"name\":\"Om os - Insel M\u00f6n\",\"isPartOf\":{\"@id\":\"https:\/\/www.insel-moen.de\/da\/#website\"},\"datePublished\":\"2024-03-24T17:51:35+00:00\",\"dateModified\":\"2024-03-24T17:51:37+00:00\",\"breadcrumb\":{\"@id\":\"https:\/\/www.insel-moen.de\/da\/om-os\/#breadcrumb\"},\"inLanguage\":\"da-DK\",\"potentialAction\":[{\"@type\":\"ReadAction\",\"target\":[\"https:\/\/www.insel-moen.de\/da\/om-os\/\"]}]},{\"@type\":\"BreadcrumbList\",\"@id\":\"https:\/\/www.insel-moen.de\/da\/om-os\/#breadcrumb\",\"itemListElement\":[{\"@type\":\"ListItem\",\"position\":1,\"name\":\"Startseite\",\"item\":\"https:\/\/www.insel-moen.de\/da\/\"},{\"@type\":\"ListItem\",\"position\":2,\"name\":\"Om os\"}]},{\"@type\":\"WebSite\",\"@id\":\"https:\/\/www.insel-moen.de\/da\/#website\",\"url\":\"https:\/\/www.insel-moen.de\/da\/\",\"name\":\"Insel M\u00f6n\",\"description\":\"INSEL M\u00d6N - Urlaub in der D\u00e4nischen S\u00fcdsee\",\"publisher\":{\"@id\":\"https:\/\/www.insel-moen.de\/da\/#organization\"},\"potentialAction\":[{\"@type\":\"SearchAction\",\"target\":{\"@type\":\"EntryPoint\",\"urlTemplate\":\"https:\/\/www.insel-moen.de\/da\/?s={search_term_string}\"},\"query-input\":{\"@type\":\"PropertyValueSpecification\",\"valueRequired\":true,\"valueName\":\"search_term_string\"}}],\"inLanguage\":\"da-DK\"},{\"@type\":\"Organization\",\"@id\":\"https:\/\/www.insel-moen.de\/da\/#organization\",\"name\":\"www.insel-moen.de\",\"url\":\"https:\/\/www.insel-moen.de\/da\/\",\"logo\":{\"@type\":\"ImageObject\",\"inLanguage\":\"da-DK\",\"@id\":\"https:\/\/www.insel-moen.de\/da\/#\/schema\/logo\/image\/\",\"url\":\"https:\/\/www.insel-moen.de\/wp-content\/uploads\/2023\/08\/cropped-daenemark-logo-neu-klein.png\",\"contentUrl\":\"https:\/\/www.insel-moen.de\/wp-content\/uploads\/2023\/08\/cropped-daenemark-logo-neu-klein.png\",\"width\":100,\"height\":101,\"caption\":\"www.insel-moen.de\"},\"image\":{\"@id\":\"https:\/\/www.insel-moen.de\/da\/#\/schema\/logo\/image\/\"}}]}<\/script>\n<!-- \/ Yoast SEO plugin. -->","yoast_head_json":{"title":"Om os - Insel M\u00f6n","robots":{"index":"index","follow":"follow","max-snippet":"max-snippet:-1","max-image-preview":"max-image-preview:large","max-video-preview":"max-video-preview:-1"},"canonical":"https:\/\/www.insel-moen.de\/da\/om-os\/","og_locale":"da_DK","og_type":"article","og_title":"Om os - Insel M\u00f6n","og_description":"Din tid er dyrebar. Brug den til det, der virkelig t\u00e6ller: Tid med familien, til hobbyer, til krop og sj\u00e6l. Tid til dig. Insel-moen.de er din guide til uforglemmelige \u00f8jeblikke p\u00e5 M\u00f8n. Siden min barndom i Rostock efter genforeningen har jeg altid v\u00e6ret tiltrukket af Danmark. Jeg voksede op med historier om det venlige land [&hellip;]","og_url":"https:\/\/www.insel-moen.de\/da\/om-os\/","og_site_name":"Insel M\u00f6n","article_modified_time":"2024-03-24T17:51:37+00:00","twitter_card":"summary_large_image","twitter_misc":{"Estimeret l\u00e6setid":"2 minutter"},"schema":{"@context":"https:\/\/schema.org","@graph":[{"@type":"WebPage","@id":"https:\/\/www.insel-moen.de\/da\/om-os\/","url":"https:\/\/www.insel-moen.de\/da\/om-os\/","name":"Om os - Insel M\u00f6n","isPartOf":{"@id":"https:\/\/www.insel-moen.de\/da\/#website"},"datePublished":"2024-03-24T17:51:35+00:00","dateModified":"2024-03-24T17:51:37+00:00","breadcrumb":{"@id":"https:\/\/www.insel-moen.de\/da\/om-os\/#breadcrumb"},"inLanguage":"da-DK","potentialAction":[{"@type":"ReadAction","target":["https:\/\/www.insel-moen.de\/da\/om-os\/"]}]},{"@type":"BreadcrumbList","@id":"https:\/\/www.insel-moen.de\/da\/om-os\/#breadcrumb","itemListElement":[{"@type":"ListItem","position":1,"name":"Startseite","item":"https:\/\/www.insel-moen.de\/da\/"},{"@type":"ListItem","position":2,"name":"Om os"}]},{"@type":"WebSite","@id":"https:\/\/www.insel-moen.de\/da\/#website","url":"https:\/\/www.insel-moen.de\/da\/","name":"Insel M\u00f6n","description":"INSEL M\u00d6N - Urlaub in der D\u00e4nischen S\u00fcdsee","publisher":{"@id":"https:\/\/www.insel-moen.de\/da\/#organization"},"potentialAction":[{"@type":"SearchAction","target":{"@type":"EntryPoint","urlTemplate":"https:\/\/www.insel-moen.de\/da\/?s={search_term_string}"},"query-input":{"@type":"PropertyValueSpecification","valueRequired":true,"valueName":"search_term_string"}}],"inLanguage":"da-DK"},{"@type":"Organization","@id":"https:\/\/www.insel-moen.de\/da\/#organization","name":"www.insel-moen.de","url":"https:\/\/www.insel-moen.de\/da\/","logo":{"@type":"ImageObject","inLanguage":"da-DK","@id":"https:\/\/www.insel-moen.de\/da\/#\/schema\/logo\/image\/","url":"https:\/\/www.insel-moen.de\/wp-content\/uploads\/2023\/08\/cropped-daenemark-logo-neu-klein.png","contentUrl":"https:\/\/www.insel-moen.de\/wp-content\/uploads\/2023\/08\/cropped-daenemark-logo-neu-klein.png","width":100,"height":101,"caption":"www.insel-moen.de"},"image":{"@id":"https:\/\/www.insel-moen.de\/da\/#\/schema\/logo\/image\/"}}]}},"_links":{"self":[{"href":"https:\/\/www.insel-moen.de\/da\/wp-json\/wp\/v2\/pages\/7305","targetHints":{"allow":["GET"]}}],"collection":[{"href":"https:\/\/www.insel-moen.de\/da\/wp-json\/wp\/v2\/pages"}],"about":[{"href":"https:\/\/www.insel-moen.de\/da\/wp-json\/wp\/v2\/types\/page"}],"author":[{"embeddable":true,"href":"https:\/\/www.insel-moen.de\/da\/wp-json\/wp\/v2\/users\/3"}],"replies":[{"embeddable":true,"href":"https:\/\/www.insel-moen.de\/da\/wp-json\/wp\/v2\/comments?post=7305"}],"version-history":[{"count":2,"href":"https:\/\/www.insel-moen.de\/da\/wp-json\/wp\/v2\/pages\/7305\/revisions"}],"predecessor-version":[{"id":7308,"href":"https:\/\/www.insel-moen.de\/da\/wp-json\/wp\/v2\/pages\/7305\/revisions\/7308"}],"wp:attachment":[{"href":"https:\/\/www.insel-moen.de\/da\/wp-json\/wp\/v2\/media?parent=7305"}],"curies":[{"name":"wp","href":"https:\/\/api.w.org\/{rel}","templated":true}]}}