{"id":8621,"date":"2024-05-16T09:12:55","date_gmt":"2024-05-16T09:12:55","guid":{"rendered":"https:\/\/www.insel-moen.de\/mista-na-ostrove-moen\/harbolle\/"},"modified":"2024-05-16T09:12:56","modified_gmt":"2024-05-16T09:12:56","slug":"harbolle","status":"publish","type":"page","link":"https:\/\/www.insel-moen.de\/cs\/mista-na-ostrove-moen\/harbolle\/","title":{"rendered":"Harbolle"},"content":{"rendered":"\n<p>Harbolle je p\u016fvabn\u00e1 vesni\u010dka na severov\u00fdchodn\u00edm pob\u0159e\u017e\u00ed ostrova M\u00f8n v D\u00e1nsku. Nach\u00e1z\u00ed se na b\u0159ehu fjordu Pr\u00e6st\u00f8, kter\u00fd je zn\u00e1m\u00fd sv\u00fdmi \u00fachvatn\u00fdmi scen\u00e9riemi a \u0161irokou nab\u00eddkou vodn\u00edch sport\u016f. Samotn\u00e9 Harbolle je idylick\u00e9 m\u00edsto, kter\u00e9 sv\u00fdmi malebn\u00fdmi uli\u010dkami a d\u00e1nsk\u00fdmi venkovsk\u00fdmi domy slibuje pohodovou dovolenou.<\/p>\n\n<p>Milovn\u00edky pl\u00e1\u017e\u00ed jist\u011b pot\u011b\u0161\u00ed, \u017ee Harbolle m\u00e1 kr\u00e1snou p\u00edse\u010dnou pl\u00e1\u017e. A\u0165 u\u017e chcete str\u00e1vit den na slunci, koupat se v pr\u016fzra\u010dn\u011b \u010dist\u00e9 a chladn\u00e9 vod\u011b nebo si jen u\u017e\u00edvat klidu, pl\u00e1\u017e Harbolle je pro to ide\u00e1ln\u00edm m\u00edstem. Klidn\u00e9 vody fjordu jsou ide\u00e1ln\u00ed i pro rodiny s mal\u00fdmi d\u011btmi.<\/p>\n\n<p>Co se t\u00fd\u010de restaurac\u00ed, Harbolle toho moc nenab\u00edz\u00ed, ale nedalek\u00e9 m\u011bsto Stege, vzd\u00e1len\u00e9 pouh\u00fdch 15 minut j\u00edzdy autem, nab\u00edz\u00ed \u0159adu kulin\u00e1\u0159sk\u00fdch z\u00e1\u017eitk\u016f. Stege pot\u011b\u0161\u00ed v\u0161echny chu\u0165ov\u00e9 bu\u0148ky, od tradi\u010dn\u00ed d\u00e1nsk\u00e9 kuchyn\u011b a\u017e po modern\u00ed mezin\u00e1rodn\u00ed pokrmy. Nezapome\u0148te ochutnat slavn\u00fd d\u00e1nsk\u00fd sm\u00f8rrebr\u00f8d nebo \u010derstv\u00e9 ryby z regionu!<\/p>\n\n<p>P\u0159\u00edroda v okol\u00ed Harbolle je prost\u011b \u00fachvatn\u00e1. Ostrov M\u00f8n je zn\u00e1m\u00fd sv\u00fdmi b\u00edl\u00fdmi k\u0159\u00eddov\u00fdmi \u00fatesy M\u00f8ns Klint, kter\u00e9 prost\u011b mus\u00edte vid\u011bt. Nach\u00e1zej\u00ed se jen kousek od Harbolle a nab\u00edzej\u00ed \u00fachvatn\u00fd v\u00fdhled na Baltsk\u00e9 mo\u0159e. Okol\u00ed Harbolle nab\u00edz\u00ed tak\u00e9 skv\u011bl\u00e9 mo\u017enosti pro p\u011b\u0161\u00ed turistiku, cyklistiku a pozorov\u00e1n\u00ed pt\u00e1k\u016f.<\/p>\n\n<p>Co se t\u00fd\u010de pam\u00e1tek, nab\u00edz\u00ed ostrov M\u00f8n \u0159adu zaj\u00edmavost\u00ed. Nav\u0161tivte muzeum M\u00f8ns ve Stege, kde se dozv\u00edte v\u00edce o historii a kultu\u0159e ostrova. Nebo si prohl\u00e9dn\u011bte mnoho historick\u00fdch kostel\u016f na ostrov\u011b, v\u010detn\u011b p\u016fsobiv\u00e9ho kostela Elmelunde Kirke se slavn\u00fdmi freskami.<\/p>\n\n<p>Harbolle tak nab\u00edz\u00ed dokonalou kombinaci odpo\u010dinku, p\u0159\u00edrody a kultury. Je to ide\u00e1ln\u00ed m\u00edsto pro v\u0161echny, kdo cht\u011bj\u00ed objevovat kr\u00e1sy D\u00e1nska mimo vy\u0161lapan\u00e9 cesty.<\/p>\n\n<div style=\"width: 100%\" id=\"c24pp-holidayhome_dk-iframe\" data-q=\"Askeby\"><\/div><script src=\"https:\/\/files.check24.net\/widgets\/auto\/124552\/c24pp-holidayhome_dk-iframe\/holidayhome-iframe.js\"><\/script>","protected":false},"excerpt":{"rendered":"<p>Harbolle je p\u016fvabn\u00e1 vesni\u010dka na severov\u00fdchodn\u00edm pob\u0159e\u017e\u00ed ostrova M\u00f8n v D\u00e1nsku. Nach\u00e1z\u00ed se na b\u0159ehu fjordu Pr\u00e6st\u00f8, kter\u00fd je zn\u00e1m\u00fd sv\u00fdmi \u00fachvatn\u00fdmi scen\u00e9riemi a \u0161irokou nab\u00eddkou vodn\u00edch sport\u016f. Samotn\u00e9 Harbolle je idylick\u00e9 m\u00edsto, kter\u00e9 sv\u00fdmi malebn\u00fdmi uli\u010dkami a d\u00e1nsk\u00fdmi venkovsk\u00fdmi domy slibuje pohodovou dovolenou. Milovn\u00edky pl\u00e1\u017e\u00ed jist\u011b pot\u011b\u0161\u00ed, \u017ee Harbolle m\u00e1 kr\u00e1snou p\u00edse\u010dnou pl\u00e1\u017e. A\u0165 [&hellip;]<\/p>\n","protected":false},"author":3,"featured_media":0,"parent":8564,"menu_order":0,"comment_status":"closed","ping_status":"closed","template":"templates\/template-full-width.php","meta":{"footnotes":""},"class_list":["post-8621","page","type-page","status-publish","hentry"],"yoast_head":"<!-- This site is optimized with the Yoast SEO plugin v24.5 - https:\/\/yoast.com\/wordpress\/plugins\/seo\/ -->\n<title>Harbolle - Insel M\u00f6n<\/title>\n<meta name=\"robots\" content=\"index, follow, max-snippet:-1, max-image-preview:large, max-video-preview:-1\" \/>\n<link rel=\"canonical\" href=\"https:\/\/www.insel-moen.de\/cs\/mista-na-ostrove-moen\/harbolle\/\" \/>\n<meta property=\"og:locale\" content=\"cs_CZ\" \/>\n<meta property=\"og:type\" content=\"article\" \/>\n<meta property=\"og:title\" content=\"Harbolle - Insel M\u00f6n\" \/>\n<meta property=\"og:description\" content=\"Harbolle je p\u016fvabn\u00e1 vesni\u010dka na severov\u00fdchodn\u00edm pob\u0159e\u017e\u00ed ostrova M\u00f8n v D\u00e1nsku. Nach\u00e1z\u00ed se na b\u0159ehu fjordu Pr\u00e6st\u00f8, kter\u00fd je zn\u00e1m\u00fd sv\u00fdmi \u00fachvatn\u00fdmi scen\u00e9riemi a \u0161irokou nab\u00eddkou vodn\u00edch sport\u016f. Samotn\u00e9 Harbolle je idylick\u00e9 m\u00edsto, kter\u00e9 sv\u00fdmi malebn\u00fdmi uli\u010dkami a d\u00e1nsk\u00fdmi venkovsk\u00fdmi domy slibuje pohodovou dovolenou. Milovn\u00edky pl\u00e1\u017e\u00ed jist\u011b pot\u011b\u0161\u00ed, \u017ee Harbolle m\u00e1 kr\u00e1snou p\u00edse\u010dnou pl\u00e1\u017e. A\u0165 [&hellip;]\" \/>\n<meta property=\"og:url\" content=\"https:\/\/www.insel-moen.de\/cs\/mista-na-ostrove-moen\/harbolle\/\" \/>\n<meta property=\"og:site_name\" content=\"Insel M\u00f6n\" \/>\n<meta property=\"article:modified_time\" content=\"2024-05-16T09:12:56+00:00\" \/>\n<meta name=\"twitter:card\" content=\"summary_large_image\" \/>\n<meta name=\"twitter:label1\" content=\"Odhadovan\u00e1 doba \u010dten\u00ed\" \/>\n\t<meta name=\"twitter:data1\" content=\"2 minuty\" \/>\n<script type=\"application\/ld+json\" class=\"yoast-schema-graph\">{\"@context\":\"https:\/\/schema.org\",\"@graph\":[{\"@type\":\"WebPage\",\"@id\":\"https:\/\/www.insel-moen.de\/cs\/mista-na-ostrove-moen\/harbolle\/\",\"url\":\"https:\/\/www.insel-moen.de\/cs\/mista-na-ostrove-moen\/harbolle\/\",\"name\":\"Harbolle - Insel M\u00f6n\",\"isPartOf\":{\"@id\":\"https:\/\/www.insel-moen.de\/cs\/#website\"},\"datePublished\":\"2024-05-16T09:12:55+00:00\",\"dateModified\":\"2024-05-16T09:12:56+00:00\",\"breadcrumb\":{\"@id\":\"https:\/\/www.insel-moen.de\/cs\/mista-na-ostrove-moen\/harbolle\/#breadcrumb\"},\"inLanguage\":\"cs\",\"potentialAction\":[{\"@type\":\"ReadAction\",\"target\":[\"https:\/\/www.insel-moen.de\/cs\/mista-na-ostrove-moen\/harbolle\/\"]}]},{\"@type\":\"BreadcrumbList\",\"@id\":\"https:\/\/www.insel-moen.de\/cs\/mista-na-ostrove-moen\/harbolle\/#breadcrumb\",\"itemListElement\":[{\"@type\":\"ListItem\",\"position\":1,\"name\":\"Startseite\",\"item\":\"https:\/\/www.insel-moen.de\/cs\/vitejte-na-ostrove-moen\/\"},{\"@type\":\"ListItem\",\"position\":2,\"name\":\"M\u00edsta na ostrov\u011b M\u00f6n\",\"item\":\"https:\/\/www.insel-moen.de\/cs\/mista-na-ostrove-moen\/\"},{\"@type\":\"ListItem\",\"position\":3,\"name\":\"Harbolle\"}]},{\"@type\":\"WebSite\",\"@id\":\"https:\/\/www.insel-moen.de\/cs\/#website\",\"url\":\"https:\/\/www.insel-moen.de\/cs\/\",\"name\":\"Insel M\u00f6n\",\"description\":\"INSEL M\u00d6N - Urlaub in der D\u00e4nischen S\u00fcdsee\",\"publisher\":{\"@id\":\"https:\/\/www.insel-moen.de\/cs\/#organization\"},\"potentialAction\":[{\"@type\":\"SearchAction\",\"target\":{\"@type\":\"EntryPoint\",\"urlTemplate\":\"https:\/\/www.insel-moen.de\/cs\/?s={search_term_string}\"},\"query-input\":{\"@type\":\"PropertyValueSpecification\",\"valueRequired\":true,\"valueName\":\"search_term_string\"}}],\"inLanguage\":\"cs\"},{\"@type\":\"Organization\",\"@id\":\"https:\/\/www.insel-moen.de\/cs\/#organization\",\"name\":\"www.insel-moen.de\",\"url\":\"https:\/\/www.insel-moen.de\/cs\/\",\"logo\":{\"@type\":\"ImageObject\",\"inLanguage\":\"cs\",\"@id\":\"https:\/\/www.insel-moen.de\/cs\/#\/schema\/logo\/image\/\",\"url\":\"https:\/\/www.insel-moen.de\/wp-content\/uploads\/2023\/08\/cropped-daenemark-logo-neu-klein.png\",\"contentUrl\":\"https:\/\/www.insel-moen.de\/wp-content\/uploads\/2023\/08\/cropped-daenemark-logo-neu-klein.png\",\"width\":100,\"height\":101,\"caption\":\"www.insel-moen.de\"},\"image\":{\"@id\":\"https:\/\/www.insel-moen.de\/cs\/#\/schema\/logo\/image\/\"}}]}<\/script>\n<!-- \/ Yoast SEO plugin. -->","yoast_head_json":{"title":"Harbolle - Insel M\u00f6n","robots":{"index":"index","follow":"follow","max-snippet":"max-snippet:-1","max-image-preview":"max-image-preview:large","max-video-preview":"max-video-preview:-1"},"canonical":"https:\/\/www.insel-moen.de\/cs\/mista-na-ostrove-moen\/harbolle\/","og_locale":"cs_CZ","og_type":"article","og_title":"Harbolle - Insel M\u00f6n","og_description":"Harbolle je p\u016fvabn\u00e1 vesni\u010dka na severov\u00fdchodn\u00edm pob\u0159e\u017e\u00ed ostrova M\u00f8n v D\u00e1nsku. Nach\u00e1z\u00ed se na b\u0159ehu fjordu Pr\u00e6st\u00f8, kter\u00fd je zn\u00e1m\u00fd sv\u00fdmi \u00fachvatn\u00fdmi scen\u00e9riemi a \u0161irokou nab\u00eddkou vodn\u00edch sport\u016f. Samotn\u00e9 Harbolle je idylick\u00e9 m\u00edsto, kter\u00e9 sv\u00fdmi malebn\u00fdmi uli\u010dkami a d\u00e1nsk\u00fdmi venkovsk\u00fdmi domy slibuje pohodovou dovolenou. Milovn\u00edky pl\u00e1\u017e\u00ed jist\u011b pot\u011b\u0161\u00ed, \u017ee Harbolle m\u00e1 kr\u00e1snou p\u00edse\u010dnou pl\u00e1\u017e. A\u0165 [&hellip;]","og_url":"https:\/\/www.insel-moen.de\/cs\/mista-na-ostrove-moen\/harbolle\/","og_site_name":"Insel M\u00f6n","article_modified_time":"2024-05-16T09:12:56+00:00","twitter_card":"summary_large_image","twitter_misc":{"Odhadovan\u00e1 doba \u010dten\u00ed":"2 minuty"},"schema":{"@context":"https:\/\/schema.org","@graph":[{"@type":"WebPage","@id":"https:\/\/www.insel-moen.de\/cs\/mista-na-ostrove-moen\/harbolle\/","url":"https:\/\/www.insel-moen.de\/cs\/mista-na-ostrove-moen\/harbolle\/","name":"Harbolle - Insel M\u00f6n","isPartOf":{"@id":"https:\/\/www.insel-moen.de\/cs\/#website"},"datePublished":"2024-05-16T09:12:55+00:00","dateModified":"2024-05-16T09:12:56+00:00","breadcrumb":{"@id":"https:\/\/www.insel-moen.de\/cs\/mista-na-ostrove-moen\/harbolle\/#breadcrumb"},"inLanguage":"cs","potentialAction":[{"@type":"ReadAction","target":["https:\/\/www.insel-moen.de\/cs\/mista-na-ostrove-moen\/harbolle\/"]}]},{"@type":"BreadcrumbList","@id":"https:\/\/www.insel-moen.de\/cs\/mista-na-ostrove-moen\/harbolle\/#breadcrumb","itemListElement":[{"@type":"ListItem","position":1,"name":"Startseite","item":"https:\/\/www.insel-moen.de\/cs\/vitejte-na-ostrove-moen\/"},{"@type":"ListItem","position":2,"name":"M\u00edsta na ostrov\u011b M\u00f6n","item":"https:\/\/www.insel-moen.de\/cs\/mista-na-ostrove-moen\/"},{"@type":"ListItem","position":3,"name":"Harbolle"}]},{"@type":"WebSite","@id":"https:\/\/www.insel-moen.de\/cs\/#website","url":"https:\/\/www.insel-moen.de\/cs\/","name":"Insel M\u00f6n","description":"INSEL M\u00d6N - Urlaub in der D\u00e4nischen S\u00fcdsee","publisher":{"@id":"https:\/\/www.insel-moen.de\/cs\/#organization"},"potentialAction":[{"@type":"SearchAction","target":{"@type":"EntryPoint","urlTemplate":"https:\/\/www.insel-moen.de\/cs\/?s={search_term_string}"},"query-input":{"@type":"PropertyValueSpecification","valueRequired":true,"valueName":"search_term_string"}}],"inLanguage":"cs"},{"@type":"Organization","@id":"https:\/\/www.insel-moen.de\/cs\/#organization","name":"www.insel-moen.de","url":"https:\/\/www.insel-moen.de\/cs\/","logo":{"@type":"ImageObject","inLanguage":"cs","@id":"https:\/\/www.insel-moen.de\/cs\/#\/schema\/logo\/image\/","url":"https:\/\/www.insel-moen.de\/wp-content\/uploads\/2023\/08\/cropped-daenemark-logo-neu-klein.png","contentUrl":"https:\/\/www.insel-moen.de\/wp-content\/uploads\/2023\/08\/cropped-daenemark-logo-neu-klein.png","width":100,"height":101,"caption":"www.insel-moen.de"},"image":{"@id":"https:\/\/www.insel-moen.de\/cs\/#\/schema\/logo\/image\/"}}]}},"_links":{"self":[{"href":"https:\/\/www.insel-moen.de\/cs\/wp-json\/wp\/v2\/pages\/8621","targetHints":{"allow":["GET"]}}],"collection":[{"href":"https:\/\/www.insel-moen.de\/cs\/wp-json\/wp\/v2\/pages"}],"about":[{"href":"https:\/\/www.insel-moen.de\/cs\/wp-json\/wp\/v2\/types\/page"}],"author":[{"embeddable":true,"href":"https:\/\/www.insel-moen.de\/cs\/wp-json\/wp\/v2\/users\/3"}],"replies":[{"embeddable":true,"href":"https:\/\/www.insel-moen.de\/cs\/wp-json\/wp\/v2\/comments?post=8621"}],"version-history":[{"count":1,"href":"https:\/\/www.insel-moen.de\/cs\/wp-json\/wp\/v2\/pages\/8621\/revisions"}],"predecessor-version":[{"id":8625,"href":"https:\/\/www.insel-moen.de\/cs\/wp-json\/wp\/v2\/pages\/8621\/revisions\/8625"}],"up":[{"embeddable":true,"href":"https:\/\/www.insel-moen.de\/cs\/wp-json\/wp\/v2\/pages\/8564"}],"wp:attachment":[{"href":"https:\/\/www.insel-moen.de\/cs\/wp-json\/wp\/v2\/media?parent=8621"}],"curies":[{"name":"wp","href":"https:\/\/api.w.org\/{rel}","templated":true}]}}