{"id":8499,"date":"2024-05-16T09:12:38","date_gmt":"2024-05-16T09:12:38","guid":{"rendered":"https:\/\/www.insel-moen.de\/hrad-lieselund\/"},"modified":"2024-05-16T09:12:38","modified_gmt":"2024-05-16T09:12:38","slug":"hrad-lieselund","status":"publish","type":"page","link":"https:\/\/www.insel-moen.de\/cs\/priroda\/hrad-lieselund\/","title":{"rendered":"Hrad Lieselund"},"content":{"rendered":"<p>Z\u00e1mek Liselund se d\u0159\u00edve jmenoval S\u00f6markegarden a v roce 1783 jej z\u00edskala rodina Calette. N\u00e1zev z\u00e1mek je vlastn\u011b nads\u00e1zka, proto\u017ee se jedn\u00e1 o docela norm\u00e1ln\u00ed d\u016fm k bydlen\u00ed. Liseslund se nach\u00e1z\u00ed p\u0159\u00edmo na \u00fatesech v parku. Park je o sv\u00e1tc\u00edch a o v\u00edkendech vyu\u017e\u00edv\u00e1n mnoha m\u00edstn\u00edmi obyvateli k letn\u00edm piknik\u016fm. K dispozici je tak\u00e9 snack bar a obchody se suven\u00fdry. Do Liseslundu se nejl\u00e9pe dostanete p\u011b\u0161ky pod\u00e9l \u00fates\u016f. Ne\u017e doraz\u00edte k okouzluj\u00edc\u00edmu hradu Liselund, \u010dek\u00e1 v\u00e1s n\u00e1dhern\u00fd v\u00fdhled na Baltsk\u00e9 mo\u0159e.<\/p>\n<p><img decoding=\"async\" src=\"https:\/\/www.daenemark-reisen.com\/wp-content\/uploads\/2012\/09\/schloss-liselund-moen.jpg\" alt=\"\"Foto:\"><\/p>\n<p>Z\u00e1mek Liselund se nach\u00e1z\u00ed v anglick\u00e9 krajinn\u00e9 zahrad\u011b nedaleko k\u0159\u00eddov\u00fdch \u00fates\u016f M\u00f8ns Klint. Byl postaven podle pl\u00e1n\u016f zn\u00e1m\u00e9ho architekta venkovsk\u00fdch dom\u016f Andrease Kirkerupa a klienta Calmette. Z\u00e1mek byl postaven v neoklasicistn\u00edm stylu a je velk\u00fd jako vila nebo venkovsk\u00fd d\u016fm. S\u00eddl\u00ed zde extern\u00ed str\u00e1nky D\u00e1nsk\u00e9ho n\u00e1rodn\u00edho muzea.<\/p>\n<p>V p\u0159\u00edzem\u00ed se nach\u00e1z\u00ed vstupn\u00ed hala, vedle kter\u00e9 n\u00e1v\u0161t\u011bvn\u00edci vstupuj\u00ed do opi\u010d\u00edho pokoje, pojmenovan\u00e9ho podle obr\u00e1zku opice, kter\u00fd je k vid\u011bn\u00ed na n\u00e1st\u011bnn\u00e9m zrcadle. Tento pokoj, stejn\u011b jako \u010cervenou lo\u017enici, za\u0159\u00eddil Joseph Christian Lillie. Navrhl tak\u00e9 n\u011bkter\u00e9 kusy n\u00e1bytku, kter\u00fd dokonale zapad\u00e1 do m\u00edstnost\u00ed, z nich\u017e v\u011bt\u0161ina poch\u00e1z\u00ed z t\u00e9 doby. Nejkr\u00e1sn\u011bj\u0161\u00ed m\u00edstnost\u00ed je v\u0161ak j\u00eddelna s podlahou vymalovanou v \u010dern\u00e9 a b\u00edl\u00e9 barv\u011b. Velk\u00e9 terasov\u00e9 dve\u0159e vedou p\u0159\u00edmo ven. Pod do\u0161kovou st\u0159echou se nach\u00e1z\u00ed dev\u011bt pokoj\u016f pro hosty.<\/p>\n<p>P\u0159edchoz\u00ed budova S\u00f8markegaard st\u00e1la na tomto m\u00edst\u011b ji\u017e ve st\u0159edov\u011bku. V roce 1783 z\u00edskal tento d\u016fm komo\u0159\u00ed Antoine de la Calmette. Z l\u00e1sky ke sv\u00e9 \u017een\u011b Ann\u011b Catharin\u011b Elisabeth Iselinov\u00e9 se S\u00f8markegaard od t\u00e9 doby jmenoval Liselund. Na vytvo\u0159en\u00ed kr\u00e1sn\u00e9ho parku Liselund se pracovalo osm let. Bohu\u017eel v roce 1905 se p\u0159i z\u0159\u00edcen\u00ed sk\u00e1ly z\u0159\u00edtily do vody n\u011bkter\u00e9 pam\u00e1tky, jako jsou um\u011bl\u00e9 z\u0159\u00edceniny, vodop\u00e1d a mal\u00e1 kaple s cibulovou kopul\u00ed.<\/p>\n<p>V roce 1843 z\u00edskali <a href=\"https:\/\/www.insel-moen.de\/der-herregaardenesdag-im-liselund-schloss-ein-eintauchen-in-romantik-und-geschichte-20-08-23\/\">Liselund<\/a> i s panstv\u00edm po smrti posledn\u00ed generace Calmett\u016f baroni Rosenkrantzov\u00e9, p\u0159esto\u017ee vdova Calmettov\u00e1 \u017eila na hrad\u011b a\u017e do sv\u00e9 smrti v roce 1867. V roce 1877 nechal Gottlob Rosenkrantz nedaleko postavit nov\u00fd z\u00e1me\u010dek. Hrad Liselund byl v roce 1938 zalo\u017een a od t\u00e9 doby byl p\u0159\u00edstupn\u00fd n\u00e1v\u0161t\u011bvn\u00edk\u016fm.<\/p>\n<p>Muzeum Linselund je otev\u0159eno pouze pro prohl\u00eddky s pr\u016fvodcem od 1. kv\u011btna do 30. z\u00e1\u0159\u00ed v\u017edy od st\u0159edy do ned\u011ble v 10:30, 11:00, 13:30 a 14:00 hodin.<\/p>\n<p><strong>Adresa:<\/strong><br \/>\nPark Lisesund<br \/>\nLangebjergvej 4, 4791 Borre<br \/>\nWebov\u00e9 str\u00e1nky: http: <a href=\"http:\/\/liselundslot.dk\/index.php\/de\/\" target=\"_blank\" rel=\"noopener noreferrer\">\/\/liselundslot.dk\/index.php\/de\/<\/a><\/p>\n<p>Fotografie: <a href=\"http:\/\/www.flickr.com\/people\/wm_archiv\/\">Allie Caulfield<\/a>, Ceer van Roeden<\/p>\n","protected":false},"excerpt":{"rendered":"<p>Z\u00e1mek Liselund se d\u0159\u00edve jmenoval S\u00f6markegarden a v roce 1783 jej z\u00edskala rodina Calette. N\u00e1zev z\u00e1mek je vlastn\u011b nads\u00e1zka, proto\u017ee se jedn\u00e1 o docela norm\u00e1ln\u00ed d\u016fm k bydlen\u00ed. Liseslund se nach\u00e1z\u00ed p\u0159\u00edmo na \u00fatesech v parku. Park je o sv\u00e1tc\u00edch a o v\u00edkendech vyu\u017e\u00edv\u00e1n mnoha m\u00edstn\u00edmi obyvateli k letn\u00edm piknik\u016fm. K dispozici je tak\u00e9 snack [&hellip;]<\/p>\n","protected":false},"author":3,"featured_media":0,"parent":8498,"menu_order":0,"comment_status":"closed","ping_status":"closed","template":"","meta":{"footnotes":""},"class_list":["post-8499","page","type-page","status-publish","hentry"],"yoast_head":"<!-- This site is optimized with the Yoast SEO plugin v24.5 - https:\/\/yoast.com\/wordpress\/plugins\/seo\/ -->\n<title>Hrad Lieselund - Insel M\u00f6n<\/title>\n<meta name=\"description\" content=\"Objevte malebn\u00fd hrad Liselund v idylick\u00e9m parku na \u00fatesech. U\u017eijte si n\u00e1dhern\u00e9 v\u00fdhledy, pikniky a jedine\u010dn\u00e9 suven\u00fdry.\" \/>\n<meta name=\"robots\" content=\"index, follow, max-snippet:-1, max-image-preview:large, max-video-preview:-1\" \/>\n<link rel=\"canonical\" href=\"https:\/\/www.insel-moen.de\/cs\/priroda\/hrad-lieselund\/\" \/>\n<meta property=\"og:locale\" content=\"cs_CZ\" \/>\n<meta property=\"og:type\" content=\"article\" \/>\n<meta property=\"og:title\" content=\"Hrad Lieselund - Insel M\u00f6n\" \/>\n<meta property=\"og:description\" content=\"Objevte malebn\u00fd hrad Liselund v idylick\u00e9m parku na \u00fatesech. U\u017eijte si n\u00e1dhern\u00e9 v\u00fdhledy, pikniky a jedine\u010dn\u00e9 suven\u00fdry.\" \/>\n<meta property=\"og:url\" content=\"https:\/\/www.insel-moen.de\/cs\/priroda\/hrad-lieselund\/\" \/>\n<meta property=\"og:site_name\" content=\"Insel M\u00f6n\" \/>\n<meta property=\"og:image\" content=\"https:\/\/www.daenemark-reisen.com\/wp-content\/uploads\/2012\/09\/schloss-liselund-moen.jpg\" \/>\n<meta name=\"twitter:card\" content=\"summary_large_image\" \/>\n<meta name=\"twitter:label1\" content=\"Odhadovan\u00e1 doba \u010dten\u00ed\" \/>\n\t<meta name=\"twitter:data1\" content=\"1 minuta\" \/>\n<script type=\"application\/ld+json\" class=\"yoast-schema-graph\">{\"@context\":\"https:\/\/schema.org\",\"@graph\":[{\"@type\":\"WebPage\",\"@id\":\"https:\/\/www.insel-moen.de\/cs\/priroda\/hrad-lieselund\/\",\"url\":\"https:\/\/www.insel-moen.de\/cs\/priroda\/hrad-lieselund\/\",\"name\":\"Hrad Lieselund - Insel M\u00f6n\",\"isPartOf\":{\"@id\":\"https:\/\/www.insel-moen.de\/cs\/#website\"},\"primaryImageOfPage\":{\"@id\":\"https:\/\/www.insel-moen.de\/cs\/priroda\/hrad-lieselund\/#primaryimage\"},\"image\":{\"@id\":\"https:\/\/www.insel-moen.de\/cs\/priroda\/hrad-lieselund\/#primaryimage\"},\"thumbnailUrl\":\"https:\/\/www.daenemark-reisen.com\/wp-content\/uploads\/2012\/09\/schloss-liselund-moen.jpg\",\"datePublished\":\"2024-05-16T09:12:38+00:00\",\"description\":\"Objevte malebn\u00fd hrad Liselund v idylick\u00e9m parku na \u00fatesech. U\u017eijte si n\u00e1dhern\u00e9 v\u00fdhledy, pikniky a jedine\u010dn\u00e9 suven\u00fdry.\",\"breadcrumb\":{\"@id\":\"https:\/\/www.insel-moen.de\/cs\/priroda\/hrad-lieselund\/#breadcrumb\"},\"inLanguage\":\"cs\",\"potentialAction\":[{\"@type\":\"ReadAction\",\"target\":[\"https:\/\/www.insel-moen.de\/cs\/priroda\/hrad-lieselund\/\"]}]},{\"@type\":\"ImageObject\",\"inLanguage\":\"cs\",\"@id\":\"https:\/\/www.insel-moen.de\/cs\/priroda\/hrad-lieselund\/#primaryimage\",\"url\":\"https:\/\/www.daenemark-reisen.com\/wp-content\/uploads\/2012\/09\/schloss-liselund-moen.jpg\",\"contentUrl\":\"https:\/\/www.daenemark-reisen.com\/wp-content\/uploads\/2012\/09\/schloss-liselund-moen.jpg\"},{\"@type\":\"BreadcrumbList\",\"@id\":\"https:\/\/www.insel-moen.de\/cs\/priroda\/hrad-lieselund\/#breadcrumb\",\"itemListElement\":[{\"@type\":\"ListItem\",\"position\":1,\"name\":\"Startseite\",\"item\":\"https:\/\/www.insel-moen.de\/cs\/vitejte-na-ostrove-moen\/\"},{\"@type\":\"ListItem\",\"position\":2,\"name\":\"Hrad Lieselund\"}]},{\"@type\":\"WebSite\",\"@id\":\"https:\/\/www.insel-moen.de\/cs\/#website\",\"url\":\"https:\/\/www.insel-moen.de\/cs\/\",\"name\":\"Insel M\u00f6n\",\"description\":\"INSEL M\u00d6N - Urlaub in der D\u00e4nischen S\u00fcdsee\",\"publisher\":{\"@id\":\"https:\/\/www.insel-moen.de\/cs\/#organization\"},\"potentialAction\":[{\"@type\":\"SearchAction\",\"target\":{\"@type\":\"EntryPoint\",\"urlTemplate\":\"https:\/\/www.insel-moen.de\/cs\/?s={search_term_string}\"},\"query-input\":{\"@type\":\"PropertyValueSpecification\",\"valueRequired\":true,\"valueName\":\"search_term_string\"}}],\"inLanguage\":\"cs\"},{\"@type\":\"Organization\",\"@id\":\"https:\/\/www.insel-moen.de\/cs\/#organization\",\"name\":\"www.insel-moen.de\",\"url\":\"https:\/\/www.insel-moen.de\/cs\/\",\"logo\":{\"@type\":\"ImageObject\",\"inLanguage\":\"cs\",\"@id\":\"https:\/\/www.insel-moen.de\/cs\/#\/schema\/logo\/image\/\",\"url\":\"https:\/\/www.insel-moen.de\/wp-content\/uploads\/2023\/08\/cropped-daenemark-logo-neu-klein.png\",\"contentUrl\":\"https:\/\/www.insel-moen.de\/wp-content\/uploads\/2023\/08\/cropped-daenemark-logo-neu-klein.png\",\"width\":100,\"height\":101,\"caption\":\"www.insel-moen.de\"},\"image\":{\"@id\":\"https:\/\/www.insel-moen.de\/cs\/#\/schema\/logo\/image\/\"}}]}<\/script>\n<!-- \/ Yoast SEO plugin. -->","yoast_head_json":{"title":"Hrad Lieselund - Insel M\u00f6n","description":"Objevte malebn\u00fd hrad Liselund v idylick\u00e9m parku na \u00fatesech. U\u017eijte si n\u00e1dhern\u00e9 v\u00fdhledy, pikniky a jedine\u010dn\u00e9 suven\u00fdry.","robots":{"index":"index","follow":"follow","max-snippet":"max-snippet:-1","max-image-preview":"max-image-preview:large","max-video-preview":"max-video-preview:-1"},"canonical":"https:\/\/www.insel-moen.de\/cs\/priroda\/hrad-lieselund\/","og_locale":"cs_CZ","og_type":"article","og_title":"Hrad Lieselund - Insel M\u00f6n","og_description":"Objevte malebn\u00fd hrad Liselund v idylick\u00e9m parku na \u00fatesech. U\u017eijte si n\u00e1dhern\u00e9 v\u00fdhledy, pikniky a jedine\u010dn\u00e9 suven\u00fdry.","og_url":"https:\/\/www.insel-moen.de\/cs\/priroda\/hrad-lieselund\/","og_site_name":"Insel M\u00f6n","og_image":[{"url":"https:\/\/www.daenemark-reisen.com\/wp-content\/uploads\/2012\/09\/schloss-liselund-moen.jpg","type":"","width":"","height":""}],"twitter_card":"summary_large_image","twitter_misc":{"Odhadovan\u00e1 doba \u010dten\u00ed":"1 minuta"},"schema":{"@context":"https:\/\/schema.org","@graph":[{"@type":"WebPage","@id":"https:\/\/www.insel-moen.de\/cs\/priroda\/hrad-lieselund\/","url":"https:\/\/www.insel-moen.de\/cs\/priroda\/hrad-lieselund\/","name":"Hrad Lieselund - Insel M\u00f6n","isPartOf":{"@id":"https:\/\/www.insel-moen.de\/cs\/#website"},"primaryImageOfPage":{"@id":"https:\/\/www.insel-moen.de\/cs\/priroda\/hrad-lieselund\/#primaryimage"},"image":{"@id":"https:\/\/www.insel-moen.de\/cs\/priroda\/hrad-lieselund\/#primaryimage"},"thumbnailUrl":"https:\/\/www.daenemark-reisen.com\/wp-content\/uploads\/2012\/09\/schloss-liselund-moen.jpg","datePublished":"2024-05-16T09:12:38+00:00","description":"Objevte malebn\u00fd hrad Liselund v idylick\u00e9m parku na \u00fatesech. U\u017eijte si n\u00e1dhern\u00e9 v\u00fdhledy, pikniky a jedine\u010dn\u00e9 suven\u00fdry.","breadcrumb":{"@id":"https:\/\/www.insel-moen.de\/cs\/priroda\/hrad-lieselund\/#breadcrumb"},"inLanguage":"cs","potentialAction":[{"@type":"ReadAction","target":["https:\/\/www.insel-moen.de\/cs\/priroda\/hrad-lieselund\/"]}]},{"@type":"ImageObject","inLanguage":"cs","@id":"https:\/\/www.insel-moen.de\/cs\/priroda\/hrad-lieselund\/#primaryimage","url":"https:\/\/www.daenemark-reisen.com\/wp-content\/uploads\/2012\/09\/schloss-liselund-moen.jpg","contentUrl":"https:\/\/www.daenemark-reisen.com\/wp-content\/uploads\/2012\/09\/schloss-liselund-moen.jpg"},{"@type":"BreadcrumbList","@id":"https:\/\/www.insel-moen.de\/cs\/priroda\/hrad-lieselund\/#breadcrumb","itemListElement":[{"@type":"ListItem","position":1,"name":"Startseite","item":"https:\/\/www.insel-moen.de\/cs\/vitejte-na-ostrove-moen\/"},{"@type":"ListItem","position":2,"name":"Hrad Lieselund"}]},{"@type":"WebSite","@id":"https:\/\/www.insel-moen.de\/cs\/#website","url":"https:\/\/www.insel-moen.de\/cs\/","name":"Insel M\u00f6n","description":"INSEL M\u00d6N - Urlaub in der D\u00e4nischen S\u00fcdsee","publisher":{"@id":"https:\/\/www.insel-moen.de\/cs\/#organization"},"potentialAction":[{"@type":"SearchAction","target":{"@type":"EntryPoint","urlTemplate":"https:\/\/www.insel-moen.de\/cs\/?s={search_term_string}"},"query-input":{"@type":"PropertyValueSpecification","valueRequired":true,"valueName":"search_term_string"}}],"inLanguage":"cs"},{"@type":"Organization","@id":"https:\/\/www.insel-moen.de\/cs\/#organization","name":"www.insel-moen.de","url":"https:\/\/www.insel-moen.de\/cs\/","logo":{"@type":"ImageObject","inLanguage":"cs","@id":"https:\/\/www.insel-moen.de\/cs\/#\/schema\/logo\/image\/","url":"https:\/\/www.insel-moen.de\/wp-content\/uploads\/2023\/08\/cropped-daenemark-logo-neu-klein.png","contentUrl":"https:\/\/www.insel-moen.de\/wp-content\/uploads\/2023\/08\/cropped-daenemark-logo-neu-klein.png","width":100,"height":101,"caption":"www.insel-moen.de"},"image":{"@id":"https:\/\/www.insel-moen.de\/cs\/#\/schema\/logo\/image\/"}}]}},"_links":{"self":[{"href":"https:\/\/www.insel-moen.de\/cs\/wp-json\/wp\/v2\/pages\/8499","targetHints":{"allow":["GET"]}}],"collection":[{"href":"https:\/\/www.insel-moen.de\/cs\/wp-json\/wp\/v2\/pages"}],"about":[{"href":"https:\/\/www.insel-moen.de\/cs\/wp-json\/wp\/v2\/types\/page"}],"author":[{"embeddable":true,"href":"https:\/\/www.insel-moen.de\/cs\/wp-json\/wp\/v2\/users\/3"}],"replies":[{"embeddable":true,"href":"https:\/\/www.insel-moen.de\/cs\/wp-json\/wp\/v2\/comments?post=8499"}],"version-history":[{"count":0,"href":"https:\/\/www.insel-moen.de\/cs\/wp-json\/wp\/v2\/pages\/8499\/revisions"}],"up":[{"embeddable":true,"href":"https:\/\/www.insel-moen.de\/cs\/wp-json\/wp\/v2\/pages\/8498"}],"wp:attachment":[{"href":"https:\/\/www.insel-moen.de\/cs\/wp-json\/wp\/v2\/media?parent=8499"}],"curies":[{"name":"wp","href":"https:\/\/api.w.org\/{rel}","templated":true}]}}