{"id":8234,"date":"2024-05-16T08:17:01","date_gmt":"2024-05-16T08:17:01","guid":{"rendered":"https:\/\/www.insel-moen.de\/moenske-myslenkove-banky\/"},"modified":"2024-05-16T08:17:02","modified_gmt":"2024-05-16T08:17:02","slug":"moenske-myslenkove-banky","status":"publish","type":"page","link":"https:\/\/www.insel-moen.de\/cs\/moenske-myslenkove-banky\/","title":{"rendered":"M\u00f8nsk\u00e9 my\u0161lenkov\u00e9 banky"},"content":{"rendered":"\n<p>Na malebn\u00e9m ostrov\u011b M\u00f8n, kter\u00fd je zn\u00e1m\u00fd sv\u00fdmi \u00fachvatn\u00fdmi k\u0159\u00eddov\u00fdmi \u00fatesy a klidnou krajinou, se nach\u00e1z\u00ed \u0159ada zvl\u00e1\u0161tn\u00edch m\u00edst zn\u00e1m\u00fdch jako &#8220;T\u00e6nkeb\u00e6nke&#8221; neboli my\u0161lenkov\u00e9 lavi\u010dky. Tato pe\u010dliv\u011b vybran\u00e1 m\u00edsta vyb\u00edzej\u00ed m\u00edstn\u00ed obyvatele i n\u00e1v\u0161t\u011bvn\u00edky, aby se na chv\u00edli zastavili a pokochali se p\u0159\u00edrodn\u00edmi kr\u00e1sami.<\/p>\n\n<div id=\"map\" style=\"width: 90%; height: 400px;\"><\/div>\n\n<script>\n    \/\/ Initialisieren der Karte und Setzen des Blickpunkts\n    var map = L.map('map').setView([54.985, 12.543], 10);\n\n    \/\/ Hinzuf\u00fcgen der OpenStreetMap Basiskarte\n    L.tileLayer('https:\/\/{s}.tile.openstreetmap.org\/{z}\/{x}\/{y}.png', {\n        maxZoom: 19,\n        attribution: '\u00a9 OpenStreetMap contributors'\n    }).addTo(map);\n\n    \/\/ Hinzuf\u00fcgen von Markern f\u00fcr die Gedankenb\u00e4nke\n    var locations = [\n    {\"name\": \"G\u00e5set\u00e5rnet\", \"coordinates\": [55.007115, 11.912243]},\n    {\"name\": \"Historisk Botanisk Have\", \"coordinates\": [55.007343, 11.910403]},\n    {\"name\": \"Mallings Kl\u00f8ft\", \"coordinates\": [54.972339, 12.021512]},\n    {\"name\": \"Skaaningebro, Bog\u00f8\", \"coordinates\": [54.937094, 12.028682]},\n    {\"name\": \"Bog\u00f8 Fyr\", \"coordinates\": [54.936283, 11.994383]},\n    {\"name\": \"H\u00e5rb\u00f8lle Havn\", \"coordinates\": [54.890067, 12.133533]},\n    {\"name\": \"Liselund\", \"coordinates\": [55.000167, 12.522]},\n    {\"name\": \"Jydelejet\", \"coordinates\": [54.988633, 12.537617]},\n    {\"name\": \"Aborrebjerg\", \"coordinates\": [54.981347, 12.529739]},\n    {\"name\": \"Camping M\u00f8ns Klint\", \"coordinates\": [54.981361, 12.521325]},\n    {\"name\": \"Geocenter M\u00f8ns Klint\", \"coordinates\": [54.965884, 12.548941]},\n    {\"name\": \"Busene Have\", \"coordinates\": [54.944417, 12.5294]},\n    {\"name\": \"Mindelunden\", \"coordinates\": [54.972483, 12.473367]},\n    {\"name\": \"K\u00e6rlighedsb\u00e6nken\", \"coordinates\": [54.994883, 12.4908]},\n    {\"name\": \"Smedeb\u00e6nken, R\u00e5bymagle\", \"coordinates\": [54.982365, 12.425245]},\n    {\"name\": \"Storkebakken\", \"coordinates\": [55.002783, 12.40475]},\n    {\"name\": \"R\u00e5bylille\", \"coordinates\": [54.9648, 12.390417]},\n    {\"name\": \"Oddermosen\", \"coordinates\": [54.955583, 12.321133]},\n    {\"name\": \"T\u00f8velde\", \"coordinates\": [54.96275, 12.291967]},\n    {\"name\": \"Museumsg\u00e5rden\", \"coordinates\": [54.969233, 12.351483]},\n    {\"name\": \"Pr\u00e6stekilde\", \"coordinates\": [54.9908, 12.349983]},\n    {\"name\": \"Noret\", \"coordinates\": [54.990367, 12.299067]},\n    {\"name\": \"Fiskerstr\u00e6de\", \"coordinates\": [54.980601, 12.284507]},\n    {\"name\": \"Jordbassinerne\", \"coordinates\": [54.979852, 12.265194]},\n    {\"name\": \"Havneslottet, Stege\", \"coordinates\": [54.983567, 12.280967]},\n    {\"name\": \"Stege Havn, Molen\", \"coordinates\": [54.984492, 12.279]},\n    {\"name\": \"Stege Havn, pl\u00e6nen\", \"coordinates\": [54.985855, 12.280958]},\n    {\"name\": \"Dirkbakken, Udby\", \"coordinates\": [55.005833, 12.303117]},\n    {\"name\": \"Hegnede bakke\", \"coordinates\": [55.023132, 12.289563]},\n    {\"name\": \"Ulvshale strand\", \"coordinates\": [55.03355, 12.292777]},\n    {\"name\": \"Skansen, Ulvshale\", \"coordinates\": [55.053083, 12.248417]},\n    {\"name\": \"Nyord, lokalhistorisk udstilling\", \"coordinates\": [55.041933, 12.194798]},\n    {\"name\": \"Nyord, Vestern\u00e6s\", \"coordinates\": [55.043667, 12.183]},\n    {\"name\": \"Nyord, m\u00f8llestangen\", \"coordinates\": [55.042526, 12.191843]},\n    {\"name\": \"Fanefjord Centret\", \"coordinates\": [54.918083, 12.167633]},\n    {\"name\": \"Lusmose\", \"coordinates\": [54.929667, 12.13615]},\n    {\"name\": \"B\u00f8gekysten\", \"coordinates\": [54.89945, 12.2341]},\n    {\"name\": \"Basn\u00e6s\", \"coordinates\": [54.951853, 12.12268]},\n    {\"name\": \"Kalvehave Strandsti 1\", \"coordinates\": [54.996617, 12.169017]},\n    {\"name\": \"Kalvehave Strandsti 2\", \"coordinates\": [54.997917, 12.169417]},\n    {\"name\": \"Gammel Kalvehave\", \"coordinates\": [55.000317, 12.129733]},\n    {\"name\": \"Solh\u00f8j, Mern\", \"coordinates\": [55.04665, 12.052983]},\n    {\"name\": \"Pr\u00e6st\u00f8 Havn\", \"coordinates\": [55.124467, 12.042533]},\n    {\"name\": \"Frederiksminde\", \"coordinates\": [55.124863, 12.048558]},\n    {\"name\": \"Avn\u00f8\", \"coordinates\": [55.07885, 11.757933]},\n    {\"name\": \"G\u00e5set\u00e5rnet\", \"coordinates\": [55.007115, 11.912243]},\n    {\"name\": \"Historisk Botanisk Have\", \"coordinates\": [55.007343, 11.910403]},\n    {\"name\": \"Oringe\", \"coordinates\": [54.995345, 11.918217]},\n    {\"name\": \"Skaaningebro, Bog\u00f8\", \"coordinates\": [54.937094, 12.028682]},\n    {\"name\": \"Bog\u00f8 Fyr\", \"coordinates\": [54.936283, 11.994383]},\n    {\"name\": \"H\u00e5rb\u00f8lle Havn\", \"coordinates\": [54.890067, 12.133533]},\n    {\"name\": \"Liselund\", \"coordinates\": [55.000167, 12.522]},\n    {\"name\": \"Jydelejet\", \"coordinates\": [54.988633, 12.537617]},\n    {\"name\": \"Aborrebjerg\", \"coordinates\": [54.981347, 12.529739]},\n    {\"name\": \"Camping M\u00f8ns Klint\", \"coordinates\": [54.981361, 12.521325]},\n    {\"name\": \"Geocenter M\u00f8ns Klint\", \"coordinates\": [54.965884, 12.548941]},\n    {\"name\": \"Kongsbjerg\", \"coordinates\": [54.965283, 12.509497]},\n    {\"name\": \"Busene Have\", \"coordinates\": [54.944417, 12.5294]},\n    {\"name\": \"Mindelunden\", \"coordinates\": [54.972483, 12.473367]},\n    {\"name\": \"K\u00e6rlighedsb\u00e6nken\", \"coordinates\": [54.994883, 12.4908]},\n    {\"name\": \"Smedeb\u00e6nken, R\u00e5bymagle\", \"coordinates\": [54.982365, 12.425245]},\n    {\"name\": \"Storkebakken\", \"coordinates\": [55.002783, 12.40475]},\n    {\"name\": \"R\u00e5bylille\", \"coordinates\": [54.9648, 12.390417]},\n    {\"name\": \"Oddermosen\", \"coordinates\": [54.955583, 12.321133]},\n    {\"name\": \"T\u00f8velde\", \"coordinates\": [54.96275, 12.291967]},\n    {\"name\": \"Museumsg\u00e5rden\", \"coordinates\": [54.969233, 12.351483]},\n    {\"name\": \"Pr\u00e6stekilde\", \"coordinates\": [54.9908, 12.349983]},\n    {\"name\": \"Noret\", \"coordinates\": [54.990367, 12.299067]},\n    {\"name\": \"Fiskerstr\u00e6de\", \"coordinates\": [54.980601, 12.284507]},\n    {\"name\": \"Jordbassinerne\", \"coordinates\": [54.979852, 12.265194]},\n    {\"name\": \"Havneslottet, Stege\", \"coordinates\": [54.983567, 12.280967]},\n    {\"name\": \"Stege Havn, Molen\", \"coordinates\": [54.984492, 12.279]},\n    {\"name\": \"Stege Havn, pl\u00e6nen\", \"coordinates\": [54.985855, 12.280958]},\n    {\"name\": \"Dirkbakken, Udby\", \"coordinates\": [55.005833, 12.303117]},\n    {\"name\": \"Hegnede bakke\", \"coordinates\": [55.023132, 12.289563]},\n    {\"name\": \"Ulvshale strand\", \"coordinates\": [55.03355, 12.292777]},\n    {\"name\": \"Skansen, Ulvshale\", \"coordinates\": [55.053083, 12.248417]},\n    {\"name\": \"Nyord, lokalhistorisk udstilling\", \"coordinates\": [55.041933, 12.194798]},\n    {\"name\": \"Nyord, Vestern\u00e6s\", \"coordinates\": [55.043667, 12.183]},\n    {\"name\": \"Nyord, m\u00f8llestangen\", \"coordinates\": [55.042526, 12.191843]},\n    {\"name\": \"Fanefjord Centret\", \"coordinates\": [54.918083, 12.167633]},\n    {\"name\": \"Lusmose\", \"coordinates\": [54.929667, 12.13615]},\n    {\"name\": \"B\u00f8gekysten\", \"coordinates\": [54.89945, 12.2341]},\n    {\"name\": \"Basn\u00e6s\", \"coordinates\": [54.951853, 12.12268]},\n    {\"name\": \"Kalvehave Strandsti 1\", \"coordinates\": [54.996617, 12.169017]},\n    {\"name\": \"Kalvehave Strandsti 2\", \"coordinates\": [54.997917, 12.169417]},\n    {\"name\": \"Gammel Kalvehave\", \"coordinates\": [55.000317, 12.129733]},\n    {\"name\": \"Masned\u00f8 Fort\", \"coordinates\": [54.98704, 11.882007]},\n    {\"name\": \"Pr\u00e6st\u00f8 Havn\", \"coordinates\": [55.124467, 12.042533]},\n];\n\n    locations.forEach(function(location) {\n        L.marker(location.coordinates).addTo(map)\n            .bindTooltip(location.name, {permanent: false, direction: 'right'})\n            .openTooltip();\n    });\n<\/script>\n<h3 class=\"wp-block-heading\">M\u00edsto klidu a rozj\u00edm\u00e1n\u00ed<\/h3>\n\n<p>Lavi\u010dky na M\u00f8nu jsou v\u00edc ne\u017e jen oby\u010dejn\u00e1 sedadla. Symbolizuj\u00ed prostor pro klid a osobn\u00ed rozj\u00edm\u00e1n\u00ed. Na t\u011bchto speci\u00e1ln\u011b vybran\u00fdch m\u00edstech, kter\u00e1 \u010dasto nab\u00edzej\u00ed \u00fachvatn\u00fd v\u00fdhled na Baltsk\u00e9 mo\u0159e, k\u0159\u00eddov\u00e9 \u00fatesy M\u00f8ns Klint nebo idylickou krajinu ostrova, si n\u00e1v\u0161t\u011bvn\u00edci mohou u\u017e\u00edt chv\u00edle klidu a nechat se inspirovat p\u0159\u00edrodou.<\/p>\n\n<h3 class=\"wp-block-heading\">P\u0159\u00edb\u011bh za my\u0161lenkov\u00fdmi bankami<\/h3>\n\n<p>My\u0161lenka lavi\u010dek vznikla z touhy zachovat jedine\u010dnou p\u0159\u00edrodu M\u00f8nu a z\u00e1rove\u0148 vytvo\u0159it r\u00e1mec pro osobn\u00ed reflexi a ocen\u011bn\u00ed t\u00e9to kr\u00e1sy. Ka\u017ed\u00e1 lavi\u010dka m\u00e1 svou vlastn\u00ed historii a byla darov\u00e1na komunitou nebo jednotlivci, kte\u0159\u00ed maj\u00ed k dan\u00e9mu m\u00edstu hlubok\u00fd vztah.<\/p>\n\n<h3 class=\"wp-block-heading\">Jak naj\u00edt my\u0161lenkov\u00e9 banky<\/h3>\n\n<figure class=\"wp-block-image size-large\"><a href=\"https:\/\/www.insel-moen.de\/wp-content\/uploads\/2024\/04\/DALL&#xB7;E-2024-04-07-08.54.19-Visualize-a-photorealistic-image-that-radiates-the-essence-of-mid-spring-on-the-island-of-Mon-Denmark-with-a-wide-16_9-aspect-ratio.-The-scene-inclu.webp\"><img decoding=\"async\" src=\"https:\/\/www.insel-moen.de\/wp-content\/uploads\/2024\/04\/DALL&#xB7;E-2024-04-07-08.54.19-Visualize-a-photorealistic-image-that-radiates-the-essence-of-mid-spring-on-the-island-of-Mon-Denmark-with-a-wide-16_9-aspect-ratio.-The-scene-inclu-1024x585.webp\" alt=\"Lavi&#x10D;ka na M&#xF6;n k odpo&#x10D;inku s v&#xFD;hledem na Baltsk&#xE9; mo&#x159;e\" class=\"wp-image-7614\"\/><\/a><\/figure>\n<p>My\u0161len\u00e9 b\u0159ehy se rozkl\u00e1daj\u00ed po cel\u00e9m ostrov\u011b a tvo\u0159\u00ed klidnou trasu p\u0159es nejmalebn\u011bj\u0161\u00ed d\u00e1nskou krajinu. Jsou nejen c\u00edlem turist\u016f a milovn\u00edk\u016f p\u0159\u00edrody, ale tak\u00e9 m\u00edstem, kde se m\u016f\u017eete na chv\u00edli zastavit b\u011bhem cyklistick\u00e9ho v\u00fdletu nebo proch\u00e1zky. Um\u00edst\u011bn\u00ed lavi\u010dek lze snadno naj\u00edt pomoc\u00ed interaktivn\u00ed mapy, kter\u00e1 n\u00e1v\u0161t\u011bvn\u00edk\u016fm ukazuje cestu k t\u011bmto zvl\u00e1\u0161tn\u00edm m\u00edst\u016fm.<\/p>\n\n<h3 class=\"wp-block-heading\">V\u00fdzva ke zpomalen\u00ed<\/h3>\n\n<p>V dne\u0161n\u00edm rychl\u00e9m sv\u011bt\u011b nab\u00edzej\u00ed lavi\u010dky M\u00f8n vz\u00e1cn\u00e9 \u00fato\u010di\u0161t\u011b. P\u0159ipom\u00ednaj\u00ed n\u00e1m, jak d\u016fle\u017eit\u00e9 je ob\u010das se zastavit, zhluboka se nadechnout a vychutnat si dan\u00fd okam\u017eik. A\u0165 u\u017e se pono\u0159\u00edte do my\u0161lenek p\u0159i pohledu na rozlehl\u00e9 mo\u0159e, poslouch\u00e1te \u0161um\u011bn\u00ed v\u011btru ve stromech nebo si jen u\u017e\u00edv\u00e1te ticha &#8211; lavi\u010dky k zamy\u0161len\u00ed jsou m\u00edstem, kde se \u010das jakoby zastavil.<\/p>\n\n<p>Zveme v\u00e1s k n\u00e1v\u0161t\u011bv\u011b M\u00f8nu, abyste se sami p\u0159esv\u011bd\u010dili o uklid\u0148uj\u00edc\u00edm \u00fa\u010dinku t\u011bchto zvl\u00e1\u0161tn\u00edch m\u00edst. Ud\u011blejte si \u010das, posa\u010fte se na jednu z mnoha lavi\u010dek a nechte na sebe p\u016fsobit p\u0159\u00edrodn\u00ed kr\u00e1sy ostrova. Je to z\u00e1\u017eitek, na kter\u00fd jen tak nezapomenete.<\/p>\n","protected":false},"excerpt":{"rendered":"<p>Na malebn\u00e9m ostrov\u011b M\u00f8n, kter\u00fd je zn\u00e1m\u00fd sv\u00fdmi \u00fachvatn\u00fdmi k\u0159\u00eddov\u00fdmi \u00fatesy a klidnou krajinou, se nach\u00e1z\u00ed \u0159ada zvl\u00e1\u0161tn\u00edch m\u00edst zn\u00e1m\u00fdch jako &#8220;T\u00e6nkeb\u00e6nke&#8221; neboli my\u0161lenkov\u00e9 lavi\u010dky. Tato pe\u010dliv\u011b vybran\u00e1 m\u00edsta vyb\u00edzej\u00ed m\u00edstn\u00ed obyvatele i n\u00e1v\u0161t\u011bvn\u00edky, aby se na chv\u00edli zastavili a pokochali se p\u0159\u00edrodn\u00edmi kr\u00e1sami. M\u00edsto klidu a rozj\u00edm\u00e1n\u00ed Lavi\u010dky na M\u00f8nu jsou v\u00edc ne\u017e jen [&hellip;]<\/p>\n","protected":false},"author":3,"featured_media":8236,"parent":0,"menu_order":0,"comment_status":"closed","ping_status":"closed","template":"templates\/template-full-width.php","meta":{"footnotes":""},"class_list":["post-8234","page","type-page","status-publish","has-post-thumbnail","hentry"],"yoast_head":"<!-- This site is optimized with the Yoast SEO plugin v24.5 - https:\/\/yoast.com\/wordpress\/plugins\/seo\/ -->\n<title>M\u00f8nsk\u00e9 my\u0161lenkov\u00e9 banky - Insel M\u00f6n<\/title>\n<meta name=\"robots\" content=\"index, follow, max-snippet:-1, max-image-preview:large, max-video-preview:-1\" \/>\n<link rel=\"canonical\" href=\"https:\/\/www.insel-moen.de\/cs\/moenske-myslenkove-banky\/\" \/>\n<meta property=\"og:locale\" content=\"cs_CZ\" \/>\n<meta property=\"og:type\" content=\"article\" \/>\n<meta property=\"og:title\" content=\"M\u00f8nsk\u00e9 my\u0161lenkov\u00e9 banky - Insel M\u00f6n\" \/>\n<meta property=\"og:description\" content=\"Na malebn\u00e9m ostrov\u011b M\u00f8n, kter\u00fd je zn\u00e1m\u00fd sv\u00fdmi \u00fachvatn\u00fdmi k\u0159\u00eddov\u00fdmi \u00fatesy a klidnou krajinou, se nach\u00e1z\u00ed \u0159ada zvl\u00e1\u0161tn\u00edch m\u00edst zn\u00e1m\u00fdch jako &#8220;T\u00e6nkeb\u00e6nke&#8221; neboli my\u0161lenkov\u00e9 lavi\u010dky. Tato pe\u010dliv\u011b vybran\u00e1 m\u00edsta vyb\u00edzej\u00ed m\u00edstn\u00ed obyvatele i n\u00e1v\u0161t\u011bvn\u00edky, aby se na chv\u00edli zastavili a pokochali se p\u0159\u00edrodn\u00edmi kr\u00e1sami. M\u00edsto klidu a rozj\u00edm\u00e1n\u00ed Lavi\u010dky na M\u00f8nu jsou v\u00edc ne\u017e jen [&hellip;]\" \/>\n<meta property=\"og:url\" content=\"https:\/\/www.insel-moen.de\/cs\/moenske-myslenkove-banky\/\" \/>\n<meta property=\"og:site_name\" content=\"Insel M\u00f6n\" \/>\n<meta property=\"article:modified_time\" content=\"2024-05-16T08:17:02+00:00\" \/>\n<meta property=\"og:image\" content=\"https:\/\/www.insel-moen.de\/wp-content\/uploads\/2024\/04\/Gedankenbank-auf-moen.webp\" \/>\n\t<meta property=\"og:image:width\" content=\"1792\" \/>\n\t<meta property=\"og:image:height\" content=\"1024\" \/>\n\t<meta property=\"og:image:type\" content=\"image\/webp\" \/>\n<meta name=\"twitter:card\" content=\"summary_large_image\" \/>\n<meta name=\"twitter:label1\" content=\"Odhadovan\u00e1 doba \u010dten\u00ed\" \/>\n\t<meta name=\"twitter:data1\" content=\"2 minuty\" \/>\n<script type=\"application\/ld+json\" class=\"yoast-schema-graph\">{\"@context\":\"https:\/\/schema.org\",\"@graph\":[{\"@type\":\"WebPage\",\"@id\":\"https:\/\/www.insel-moen.de\/cs\/moenske-myslenkove-banky\/\",\"url\":\"https:\/\/www.insel-moen.de\/cs\/moenske-myslenkove-banky\/\",\"name\":\"M\u00f8nsk\u00e9 my\u0161lenkov\u00e9 banky - Insel M\u00f6n\",\"isPartOf\":{\"@id\":\"https:\/\/www.insel-moen.de\/cs\/#website\"},\"primaryImageOfPage\":{\"@id\":\"https:\/\/www.insel-moen.de\/cs\/moenske-myslenkove-banky\/#primaryimage\"},\"image\":{\"@id\":\"https:\/\/www.insel-moen.de\/cs\/moenske-myslenkove-banky\/#primaryimage\"},\"thumbnailUrl\":\"https:\/\/www.insel-moen.de\/wp-content\/uploads\/2024\/04\/Gedankenbank-auf-moen.webp\",\"datePublished\":\"2024-05-16T08:17:01+00:00\",\"dateModified\":\"2024-05-16T08:17:02+00:00\",\"breadcrumb\":{\"@id\":\"https:\/\/www.insel-moen.de\/cs\/moenske-myslenkove-banky\/#breadcrumb\"},\"inLanguage\":\"cs\",\"potentialAction\":[{\"@type\":\"ReadAction\",\"target\":[\"https:\/\/www.insel-moen.de\/cs\/moenske-myslenkove-banky\/\"]}]},{\"@type\":\"ImageObject\",\"inLanguage\":\"cs\",\"@id\":\"https:\/\/www.insel-moen.de\/cs\/moenske-myslenkove-banky\/#primaryimage\",\"url\":\"https:\/\/www.insel-moen.de\/wp-content\/uploads\/2024\/04\/Gedankenbank-auf-moen.webp\",\"contentUrl\":\"https:\/\/www.insel-moen.de\/wp-content\/uploads\/2024\/04\/Gedankenbank-auf-moen.webp\",\"width\":1792,\"height\":1024},{\"@type\":\"BreadcrumbList\",\"@id\":\"https:\/\/www.insel-moen.de\/cs\/moenske-myslenkove-banky\/#breadcrumb\",\"itemListElement\":[{\"@type\":\"ListItem\",\"position\":1,\"name\":\"Startseite\",\"item\":\"https:\/\/www.insel-moen.de\/cs\/vitejte-na-ostrove-moen\/\"},{\"@type\":\"ListItem\",\"position\":2,\"name\":\"M\u00f8nsk\u00e9 my\u0161lenkov\u00e9 banky\"}]},{\"@type\":\"WebSite\",\"@id\":\"https:\/\/www.insel-moen.de\/cs\/#website\",\"url\":\"https:\/\/www.insel-moen.de\/cs\/\",\"name\":\"Insel M\u00f6n\",\"description\":\"INSEL M\u00d6N - Urlaub in der D\u00e4nischen S\u00fcdsee\",\"publisher\":{\"@id\":\"https:\/\/www.insel-moen.de\/cs\/#organization\"},\"potentialAction\":[{\"@type\":\"SearchAction\",\"target\":{\"@type\":\"EntryPoint\",\"urlTemplate\":\"https:\/\/www.insel-moen.de\/cs\/?s={search_term_string}\"},\"query-input\":{\"@type\":\"PropertyValueSpecification\",\"valueRequired\":true,\"valueName\":\"search_term_string\"}}],\"inLanguage\":\"cs\"},{\"@type\":\"Organization\",\"@id\":\"https:\/\/www.insel-moen.de\/cs\/#organization\",\"name\":\"www.insel-moen.de\",\"url\":\"https:\/\/www.insel-moen.de\/cs\/\",\"logo\":{\"@type\":\"ImageObject\",\"inLanguage\":\"cs\",\"@id\":\"https:\/\/www.insel-moen.de\/cs\/#\/schema\/logo\/image\/\",\"url\":\"https:\/\/www.insel-moen.de\/wp-content\/uploads\/2023\/08\/cropped-daenemark-logo-neu-klein.png\",\"contentUrl\":\"https:\/\/www.insel-moen.de\/wp-content\/uploads\/2023\/08\/cropped-daenemark-logo-neu-klein.png\",\"width\":100,\"height\":101,\"caption\":\"www.insel-moen.de\"},\"image\":{\"@id\":\"https:\/\/www.insel-moen.de\/cs\/#\/schema\/logo\/image\/\"}}]}<\/script>\n<!-- \/ Yoast SEO plugin. -->","yoast_head_json":{"title":"M\u00f8nsk\u00e9 my\u0161lenkov\u00e9 banky - Insel M\u00f6n","robots":{"index":"index","follow":"follow","max-snippet":"max-snippet:-1","max-image-preview":"max-image-preview:large","max-video-preview":"max-video-preview:-1"},"canonical":"https:\/\/www.insel-moen.de\/cs\/moenske-myslenkove-banky\/","og_locale":"cs_CZ","og_type":"article","og_title":"M\u00f8nsk\u00e9 my\u0161lenkov\u00e9 banky - Insel M\u00f6n","og_description":"Na malebn\u00e9m ostrov\u011b M\u00f8n, kter\u00fd je zn\u00e1m\u00fd sv\u00fdmi \u00fachvatn\u00fdmi k\u0159\u00eddov\u00fdmi \u00fatesy a klidnou krajinou, se nach\u00e1z\u00ed \u0159ada zvl\u00e1\u0161tn\u00edch m\u00edst zn\u00e1m\u00fdch jako &#8220;T\u00e6nkeb\u00e6nke&#8221; neboli my\u0161lenkov\u00e9 lavi\u010dky. Tato pe\u010dliv\u011b vybran\u00e1 m\u00edsta vyb\u00edzej\u00ed m\u00edstn\u00ed obyvatele i n\u00e1v\u0161t\u011bvn\u00edky, aby se na chv\u00edli zastavili a pokochali se p\u0159\u00edrodn\u00edmi kr\u00e1sami. M\u00edsto klidu a rozj\u00edm\u00e1n\u00ed Lavi\u010dky na M\u00f8nu jsou v\u00edc ne\u017e jen [&hellip;]","og_url":"https:\/\/www.insel-moen.de\/cs\/moenske-myslenkove-banky\/","og_site_name":"Insel M\u00f6n","article_modified_time":"2024-05-16T08:17:02+00:00","og_image":[{"width":1792,"height":1024,"url":"https:\/\/www.insel-moen.de\/wp-content\/uploads\/2024\/04\/Gedankenbank-auf-moen.webp","type":"image\/webp"}],"twitter_card":"summary_large_image","twitter_misc":{"Odhadovan\u00e1 doba \u010dten\u00ed":"2 minuty"},"schema":{"@context":"https:\/\/schema.org","@graph":[{"@type":"WebPage","@id":"https:\/\/www.insel-moen.de\/cs\/moenske-myslenkove-banky\/","url":"https:\/\/www.insel-moen.de\/cs\/moenske-myslenkove-banky\/","name":"M\u00f8nsk\u00e9 my\u0161lenkov\u00e9 banky - Insel M\u00f6n","isPartOf":{"@id":"https:\/\/www.insel-moen.de\/cs\/#website"},"primaryImageOfPage":{"@id":"https:\/\/www.insel-moen.de\/cs\/moenske-myslenkove-banky\/#primaryimage"},"image":{"@id":"https:\/\/www.insel-moen.de\/cs\/moenske-myslenkove-banky\/#primaryimage"},"thumbnailUrl":"https:\/\/www.insel-moen.de\/wp-content\/uploads\/2024\/04\/Gedankenbank-auf-moen.webp","datePublished":"2024-05-16T08:17:01+00:00","dateModified":"2024-05-16T08:17:02+00:00","breadcrumb":{"@id":"https:\/\/www.insel-moen.de\/cs\/moenske-myslenkove-banky\/#breadcrumb"},"inLanguage":"cs","potentialAction":[{"@type":"ReadAction","target":["https:\/\/www.insel-moen.de\/cs\/moenske-myslenkove-banky\/"]}]},{"@type":"ImageObject","inLanguage":"cs","@id":"https:\/\/www.insel-moen.de\/cs\/moenske-myslenkove-banky\/#primaryimage","url":"https:\/\/www.insel-moen.de\/wp-content\/uploads\/2024\/04\/Gedankenbank-auf-moen.webp","contentUrl":"https:\/\/www.insel-moen.de\/wp-content\/uploads\/2024\/04\/Gedankenbank-auf-moen.webp","width":1792,"height":1024},{"@type":"BreadcrumbList","@id":"https:\/\/www.insel-moen.de\/cs\/moenske-myslenkove-banky\/#breadcrumb","itemListElement":[{"@type":"ListItem","position":1,"name":"Startseite","item":"https:\/\/www.insel-moen.de\/cs\/vitejte-na-ostrove-moen\/"},{"@type":"ListItem","position":2,"name":"M\u00f8nsk\u00e9 my\u0161lenkov\u00e9 banky"}]},{"@type":"WebSite","@id":"https:\/\/www.insel-moen.de\/cs\/#website","url":"https:\/\/www.insel-moen.de\/cs\/","name":"Insel M\u00f6n","description":"INSEL M\u00d6N - Urlaub in der D\u00e4nischen S\u00fcdsee","publisher":{"@id":"https:\/\/www.insel-moen.de\/cs\/#organization"},"potentialAction":[{"@type":"SearchAction","target":{"@type":"EntryPoint","urlTemplate":"https:\/\/www.insel-moen.de\/cs\/?s={search_term_string}"},"query-input":{"@type":"PropertyValueSpecification","valueRequired":true,"valueName":"search_term_string"}}],"inLanguage":"cs"},{"@type":"Organization","@id":"https:\/\/www.insel-moen.de\/cs\/#organization","name":"www.insel-moen.de","url":"https:\/\/www.insel-moen.de\/cs\/","logo":{"@type":"ImageObject","inLanguage":"cs","@id":"https:\/\/www.insel-moen.de\/cs\/#\/schema\/logo\/image\/","url":"https:\/\/www.insel-moen.de\/wp-content\/uploads\/2023\/08\/cropped-daenemark-logo-neu-klein.png","contentUrl":"https:\/\/www.insel-moen.de\/wp-content\/uploads\/2023\/08\/cropped-daenemark-logo-neu-klein.png","width":100,"height":101,"caption":"www.insel-moen.de"},"image":{"@id":"https:\/\/www.insel-moen.de\/cs\/#\/schema\/logo\/image\/"}}]}},"_links":{"self":[{"href":"https:\/\/www.insel-moen.de\/cs\/wp-json\/wp\/v2\/pages\/8234","targetHints":{"allow":["GET"]}}],"collection":[{"href":"https:\/\/www.insel-moen.de\/cs\/wp-json\/wp\/v2\/pages"}],"about":[{"href":"https:\/\/www.insel-moen.de\/cs\/wp-json\/wp\/v2\/types\/page"}],"author":[{"embeddable":true,"href":"https:\/\/www.insel-moen.de\/cs\/wp-json\/wp\/v2\/users\/3"}],"replies":[{"embeddable":true,"href":"https:\/\/www.insel-moen.de\/cs\/wp-json\/wp\/v2\/comments?post=8234"}],"version-history":[{"count":1,"href":"https:\/\/www.insel-moen.de\/cs\/wp-json\/wp\/v2\/pages\/8234\/revisions"}],"predecessor-version":[{"id":8238,"href":"https:\/\/www.insel-moen.de\/cs\/wp-json\/wp\/v2\/pages\/8234\/revisions\/8238"}],"wp:featuredmedia":[{"embeddable":true,"href":"https:\/\/www.insel-moen.de\/cs\/wp-json\/wp\/v2\/media\/8236"}],"wp:attachment":[{"href":"https:\/\/www.insel-moen.de\/cs\/wp-json\/wp\/v2\/media?parent=8234"}],"curies":[{"name":"wp","href":"https:\/\/api.w.org\/{rel}","templated":true}]}}