{"id":8010,"date":"2024-05-16T08:16:33","date_gmt":"2024-05-16T08:16:33","guid":{"rendered":"https:\/\/www.insel-moen.de\/objevte-geocentrum-moens-klint-brana-do-minulosti\/"},"modified":"2024-05-16T08:17:43","modified_gmt":"2024-05-16T08:17:43","slug":"objevte-geocentrum-moens-klint-brana-do-minulosti","status":"publish","type":"page","link":"https:\/\/www.insel-moen.de\/cs\/pamatky-a-aktivity-na-moenu\/objevte-geocentrum-moens-klint-brana-do-minulosti\/","title":{"rendered":"Objevte GeoCentrum M\u00f8ns Klint: Br\u00e1na do minulosti"},"content":{"rendered":"\n<p>GeoCentrum M\u00f8ns Klint je nejen atrakc\u00ed pro milovn\u00edky p\u0159\u00edrody a historie, ale tak\u00e9 sv\u011bdectv\u00edm o hlubok\u00e9m spojen\u00ed \u010dlov\u011bka se zem\u00ed. Nach\u00e1z\u00ed se u \u00fachvatn\u00fdch k\u0159\u00eddov\u00fdch \u00fates\u016f M\u00f8n a nab\u00edz\u00ed jedine\u010dnou kombinaci vzd\u011bl\u00e1v\u00e1n\u00ed, dobrodru\u017estv\u00ed a p\u0159\u00edrodn\u00edch kr\u00e1s.<\/p>\n\n<h2 class=\"wp-block-heading\">Pohled do GeoCentra<\/h2>\n\n<p>GeoCenter M\u00f8ns Klint slou\u017e\u00ed jako \u017eiv\u00e9 muzeum, kter\u00e9 interaktivn\u00ed formou p\u0159ibli\u017euje geologick\u00e9 z\u00e1zraky Zem\u011b a historii k\u0159\u00eddov\u00fdch \u00fates\u016f. N\u00e1v\u0161t\u011bvn\u00edci zde mohou sledovat v\u00fdvoj Zem\u011b od dob, kdy D\u00e1nsko pokr\u00fdvalo tepl\u00e9 mo\u0159sk\u00e9 rameno, a\u017e po dobu ledovou.  <\/p>\n\n<figure class=\"wp-block-image size-large\"><a href=\"https:\/\/www.insel-moen.de\/wp-content\/uploads\/2024\/03\/mikroskopieren-im-geocenter-moens-klint-1024x525.jpeg\"><img loading=\"lazy\" decoding=\"async\" width=\"1024\" height=\"525\" src=\"https:\/\/www.insel-moen.de\/wp-content\/uploads\/2024\/03\/mikroskopieren-im-geocenter-moens-klint-1024x525.jpeg\" alt=\"\" class=\"wp-image-6687\" srcset=\"https:\/\/www.insel-moen.de\/wp-content\/uploads\/2024\/03\/mikroskopieren-im-geocenter-moens-klint-1024x525.jpeg 1024w, https:\/\/www.insel-moen.de\/wp-content\/uploads\/2024\/03\/mikroskopieren-im-geocenter-moens-klint-300x154.jpeg 300w, https:\/\/www.insel-moen.de\/wp-content\/uploads\/2024\/03\/mikroskopieren-im-geocenter-moens-klint-768x394.jpeg 768w, https:\/\/www.insel-moen.de\/wp-content\/uploads\/2024\/03\/mikroskopieren-im-geocenter-moens-klint-810x415.jpeg 810w, https:\/\/www.insel-moen.de\/wp-content\/uploads\/2024\/03\/mikroskopieren-im-geocenter-moens-klint.jpeg 1170w\" sizes=\"auto, (max-width: 1024px) 100vw, 1024px\" \/><\/a><\/figure>\n<p>V\u00fdstava v GeoCentru je pln\u00e1 aktivit, kter\u00e9 jsou vzd\u011bl\u00e1vac\u00ed i z\u00e1bavn\u00e9 pro v\u0161echny v\u011bkov\u00e9 kategorie. Za zvl\u00e1\u0161tn\u00ed pozornost stoj\u00ed d\u00edla p\u011bti nejlep\u0161\u00edch d\u00e1nsk\u00fdch um\u011blc\u016f, kte\u0159\u00ed zobrazuj\u00ed sv\u00e9 vize geologick\u00e9ho vzniku M\u00f8ns Klint.<\/p>\n\n<figure class=\"wp-block-image size-large\"><a href=\"https:\/\/www.insel-moen.de\/wp-content\/uploads\/2024\/03\/moens-klint-geocenter-interaktive-ausstellung-1024x521.jpg\"><img loading=\"lazy\" decoding=\"async\" width=\"1024\" height=\"521\" src=\"https:\/\/www.insel-moen.de\/wp-content\/uploads\/2024\/03\/moens-klint-geocenter-interaktive-ausstellung-1024x521.jpg\" alt=\"Zde se dozv&#xED;te o p&#x159;&#xED;livu a odlivu a o vlivu vln a v&#x11B;tru. Opravdu skv&#x11B;l&#xE9;!\" class=\"wp-image-6621\" srcset=\"https:\/\/www.insel-moen.de\/wp-content\/uploads\/2024\/03\/moens-klint-geocenter-interaktive-ausstellung-1024x521.jpg 1024w, https:\/\/www.insel-moen.de\/wp-content\/uploads\/2024\/03\/moens-klint-geocenter-interaktive-ausstellung-300x153.jpg 300w, https:\/\/www.insel-moen.de\/wp-content\/uploads\/2024\/03\/moens-klint-geocenter-interaktive-ausstellung-768x391.jpg 768w, https:\/\/www.insel-moen.de\/wp-content\/uploads\/2024\/03\/moens-klint-geocenter-interaktive-ausstellung-1536x782.jpg 1536w, https:\/\/www.insel-moen.de\/wp-content\/uploads\/2024\/03\/moens-klint-geocenter-interaktive-ausstellung-2048x1042.jpg 2048w, https:\/\/www.insel-moen.de\/wp-content\/uploads\/2024\/03\/moens-klint-geocenter-interaktive-ausstellung-810x412.jpg 810w, https:\/\/www.insel-moen.de\/wp-content\/uploads\/2024\/03\/moens-klint-geocenter-interaktive-ausstellung-1200x611.jpg 1200w, https:\/\/www.insel-moen.de\/wp-content\/uploads\/2024\/03\/moens-klint-geocenter-interaktive-ausstellung-1980x1008.jpg 1980w\" sizes=\"auto, (max-width: 1024px) 100vw, 1024px\" \/><\/a><\/figure>\n<h2 class=\"wp-block-heading\">Zku\u0161enosti s p\u0159\u00edrodou<\/h2>\n\n<p>Krom\u011b fascinuj\u00edc\u00ed v\u00fdstavy je GeoCentrum tak\u00e9 ide\u00e1ln\u00edm v\u00fdchoz\u00edm bodem pro pozn\u00e1v\u00e1n\u00ed okoln\u00ed p\u0159\u00edrody. Okol\u00ed geocentra nab\u00edz\u00ed \u0159adu outdoorov\u00fdch aktivit od p\u011b\u0161\u00ed turistiky po zna\u010den\u00fdch stezk\u00e1ch a\u017e po v\u00fdlety na horsk\u00fdch kolech a vyb\u00edz\u00ed k prozkoum\u00e1n\u00ed jedine\u010dn\u00e9 krajiny M\u00f8ns Klint p\u011b\u0161ky nebo na dvou kolech. Pro ty, kte\u0159\u00ed cht\u011bj\u00ed poznat p\u0159\u00edrodu z jej\u00ed klidn\u011bj\u0161\u00ed str\u00e1nky, jsou k dispozici piknikov\u00e1 m\u00edsta a mo\u017enost p\u0159enocov\u00e1n\u00ed v primitivn\u00edch p\u0159\u00edst\u0159e\u0161c\u00edch.<\/p>\n\n<figure class=\"wp-block-image size-large\"><a href=\"https:\/\/www.insel-moen.de\/wp-content\/uploads\/2024\/03\/radfahrer-am-moens-klint-beim-geocenter-1024x525.jpeg\"><img loading=\"lazy\" decoding=\"async\" width=\"1024\" height=\"525\" src=\"https:\/\/www.insel-moen.de\/wp-content\/uploads\/2024\/03\/radfahrer-am-moens-klint-beim-geocenter-1024x525.jpeg\" alt=\"\" class=\"wp-image-6635\" srcset=\"https:\/\/www.insel-moen.de\/wp-content\/uploads\/2024\/03\/radfahrer-am-moens-klint-beim-geocenter-1024x525.jpeg 1024w, https:\/\/www.insel-moen.de\/wp-content\/uploads\/2024\/03\/radfahrer-am-moens-klint-beim-geocenter-300x154.jpeg 300w, https:\/\/www.insel-moen.de\/wp-content\/uploads\/2024\/03\/radfahrer-am-moens-klint-beim-geocenter-768x394.jpeg 768w, https:\/\/www.insel-moen.de\/wp-content\/uploads\/2024\/03\/radfahrer-am-moens-klint-beim-geocenter-810x415.jpeg 810w, https:\/\/www.insel-moen.de\/wp-content\/uploads\/2024\/03\/radfahrer-am-moens-klint-beim-geocenter.jpeg 1170w\" sizes=\"auto, (max-width: 1024px) 100vw, 1024px\" \/><\/a><\/figure>\n<h2 class=\"wp-block-heading\">P\u0159\u00edjezd a informace pro n\u00e1v\u0161t\u011bvn\u00edky<\/h2>\n\n<p>GeoCentrum M\u00f8ns Klint se nach\u00e1z\u00ed v bl\u00edzkosti p\u016fsobiv\u00fdch k\u0159\u00eddov\u00fdch \u00fates\u016f a snadno ho najdete. Adresa pro satelitn\u00ed navigaci je &#8220;Steng\u00e5rdsvej 8, 4791 Borre, D\u00e1nsko&#8221;. V okol\u00ed je velk\u00e9 placen\u00e9 parkovi\u0161t\u011b a n\u011bkolik men\u0161\u00edch parkovi\u0161\u0165. Cyklist\u00e9 by m\u011bli vyu\u017e\u00edvat cyklostezku &#8220;Kridtstien&#8221;, kter\u00e1 nab\u00edz\u00ed bezpe\u010dnou trasu ke GeoCentru. Psi jsou v\u00edt\u00e1ni, pokud jsou na vod\u00edtku.<\/p>\n\n<p>Dal\u0161\u00ed informace, otev\u00edrac\u00ed dobu a speci\u00e1ln\u00ed akce najdete na ofici\u00e1ln\u00edch webov\u00fdch str\u00e1nk\u00e1ch <a href=\"http:\/\/www.moensklint.dk\">www.moensklint.dk<\/a> nebo <a href=\"http:\/\/www.naturstyrelsen.dk\">www.naturstyrelsen.dk<\/a>, kde jsou k dispozici tak\u00e9 podrobn\u00e9 mapy a pokyny.<\/p>\n\n<figure class=\"wp-block-image size-large\"><a href=\"https:\/\/www.insel-moen.de\/wp-content\/uploads\/2024\/03\/geocener-aussenansicht-moensklint-1024x525.jpeg\"><img loading=\"lazy\" decoding=\"async\" width=\"1024\" height=\"525\" src=\"https:\/\/www.insel-moen.de\/wp-content\/uploads\/2024\/03\/geocener-aussenansicht-moensklint-1024x525.jpeg\" alt=\"\" class=\"wp-image-6652\" srcset=\"https:\/\/www.insel-moen.de\/wp-content\/uploads\/2024\/03\/geocener-aussenansicht-moensklint-1024x525.jpeg 1024w, https:\/\/www.insel-moen.de\/wp-content\/uploads\/2024\/03\/geocener-aussenansicht-moensklint-300x154.jpeg 300w, https:\/\/www.insel-moen.de\/wp-content\/uploads\/2024\/03\/geocener-aussenansicht-moensklint-768x394.jpeg 768w, https:\/\/www.insel-moen.de\/wp-content\/uploads\/2024\/03\/geocener-aussenansicht-moensklint-810x415.jpeg 810w, https:\/\/www.insel-moen.de\/wp-content\/uploads\/2024\/03\/geocener-aussenansicht-moensklint.jpeg 1170w\" sizes=\"auto, (max-width: 1024px) 100vw, 1024px\" \/><\/a><\/figure>\n<h2 class=\"wp-block-heading\">Gastronomie a stravov\u00e1n\u00ed<\/h2>\n\n<p>B\u011bhem pobytu v GeoCenter M\u00f8ns Klint nemus\u00edte chodit hladov\u00ed. V GeoCentru najdete nab\u00eddku ob\u010derstven\u00ed od mal\u00e9ho ob\u010derstven\u00ed a\u017e po kompletn\u00ed j\u00eddla. Kuchyn\u011b klade d\u016fraz na \u010derstv\u00e9 m\u00edstn\u00ed suroviny a nab\u00edz\u00ed rozmanit\u00e9 pokrmy, kter\u00e9 uspokoj\u00ed ka\u017ed\u00fd jaz\u00fd\u010dek. Vychutnejte si j\u00eddlo s v\u00fdhledem na \u00fachvatnou krajinu, kter\u00e1 obklopuje M\u00f8ns Klint.<\/p>\n\n<figure class=\"wp-block-image size-large\"><a href=\"https:\/\/www.insel-moen.de\/wp-content\/uploads\/2024\/03\/moens-klint-2_&#xA9;Daniel-Villadsen-medium.jpg\"><img decoding=\"async\" src=\"https:\/\/www.insel-moen.de\/wp-content\/uploads\/2024\/03\/moens-klint-2_&#xA9;Daniel-Villadsen-medium-1024x768.jpg\" alt=\"Foto: &#xA9; Daniel Villadsen\" class=\"wp-image-6670\"\/><\/a><\/figure>\n<h2 class=\"wp-block-heading\">Z\u00e1v\u011br<\/h2>\n\n<p>GeoCentrum M\u00f8ns Klint je m\u00edstem, kter\u00e9 nejen p\u0159ed\u00e1v\u00e1 znalosti, ale tak\u00e9 zve k obdivu a objevov\u00e1n\u00ed. Nab\u00edz\u00ed dokonalou kombinaci vzd\u011bl\u00e1v\u00e1n\u00ed a z\u00e1\u017eitk\u016f z p\u0159\u00edrody, zasazenou do \u00fachvatn\u00e9 krajiny M\u00f8nu. Jejich n\u00e1v\u0161t\u011bva je nezapomenuteln\u00fdm z\u00e1\u017eitkem, kter\u00fd inspiruje n\u00e1v\u0161t\u011bvn\u00edky v\u0161ech v\u011bkov\u00fdch kategori\u00ed a p\u0159ibli\u017euje jim kr\u00e1sy na\u0161\u00ed planety.<\/p>\n","protected":false},"excerpt":{"rendered":"<p>GeoCentrum M\u00f8ns Klint je nejen atrakc\u00ed pro milovn\u00edky p\u0159\u00edrody a historie, ale tak\u00e9 sv\u011bdectv\u00edm o hlubok\u00e9m spojen\u00ed \u010dlov\u011bka se zem\u00ed. Nach\u00e1z\u00ed se u \u00fachvatn\u00fdch k\u0159\u00eddov\u00fdch \u00fates\u016f M\u00f8n a nab\u00edz\u00ed jedine\u010dnou kombinaci vzd\u011bl\u00e1v\u00e1n\u00ed, dobrodru\u017estv\u00ed a p\u0159\u00edrodn\u00edch kr\u00e1s. Pohled do GeoCentra GeoCenter M\u00f8ns Klint slou\u017e\u00ed jako \u017eiv\u00e9 muzeum, kter\u00e9 interaktivn\u00ed formou p\u0159ibli\u017euje geologick\u00e9 z\u00e1zraky Zem\u011b a historii [&hellip;]<\/p>\n","protected":false},"author":3,"featured_media":8027,"parent":8400,"menu_order":0,"comment_status":"closed","ping_status":"closed","template":"templates\/template-full-width.php","meta":{"footnotes":""},"class_list":["post-8010","page","type-page","status-publish","has-post-thumbnail","hentry"],"yoast_head":"<!-- This site is optimized with the Yoast SEO plugin v24.5 - https:\/\/yoast.com\/wordpress\/plugins\/seo\/ -->\n<title>Objevte GeoCentrum M\u00f8ns Klint: Br\u00e1na do minulosti<\/title>\n<meta name=\"robots\" content=\"index, follow, max-snippet:-1, max-image-preview:large, max-video-preview:-1\" \/>\n<link rel=\"canonical\" href=\"https:\/\/www.insel-moen.de\/cs\/pamatky-a-aktivity-na-moenu\/objevte-geocentrum-moens-klint-brana-do-minulosti\/\" \/>\n<meta property=\"og:locale\" content=\"cs_CZ\" \/>\n<meta property=\"og:type\" content=\"article\" \/>\n<meta property=\"og:title\" content=\"Objevte GeoCentrum M\u00f8ns Klint: Br\u00e1na do minulosti\" \/>\n<meta property=\"og:description\" content=\"GeoCentrum M\u00f8ns Klint je nejen atrakc\u00ed pro milovn\u00edky p\u0159\u00edrody a historie, ale tak\u00e9 sv\u011bdectv\u00edm o hlubok\u00e9m spojen\u00ed \u010dlov\u011bka se zem\u00ed. Nach\u00e1z\u00ed se u \u00fachvatn\u00fdch k\u0159\u00eddov\u00fdch \u00fates\u016f M\u00f8n a nab\u00edz\u00ed jedine\u010dnou kombinaci vzd\u011bl\u00e1v\u00e1n\u00ed, dobrodru\u017estv\u00ed a p\u0159\u00edrodn\u00edch kr\u00e1s. Pohled do GeoCentra GeoCenter M\u00f8ns Klint slou\u017e\u00ed jako \u017eiv\u00e9 muzeum, kter\u00e9 interaktivn\u00ed formou p\u0159ibli\u017euje geologick\u00e9 z\u00e1zraky Zem\u011b a historii [&hellip;]\" \/>\n<meta property=\"og:url\" content=\"https:\/\/www.insel-moen.de\/cs\/pamatky-a-aktivity-na-moenu\/objevte-geocentrum-moens-klint-brana-do-minulosti\/\" \/>\n<meta property=\"og:site_name\" content=\"Insel M\u00f6n\" \/>\n<meta property=\"article:modified_time\" content=\"2024-05-16T08:17:43+00:00\" \/>\n<meta property=\"og:image\" content=\"https:\/\/www.insel-moen.de\/wp-content\/uploads\/2024\/03\/geocenter-moens-klint-1-1024x525.jpg\" \/>\n\t<meta property=\"og:image:width\" content=\"1024\" \/>\n\t<meta property=\"og:image:height\" content=\"525\" \/>\n\t<meta property=\"og:image:type\" content=\"image\/jpeg\" \/>\n<meta name=\"twitter:card\" content=\"summary_large_image\" \/>\n<meta name=\"twitter:label1\" content=\"Odhadovan\u00e1 doba \u010dten\u00ed\" \/>\n\t<meta name=\"twitter:data1\" content=\"3 minuty\" \/>\n<script type=\"application\/ld+json\" class=\"yoast-schema-graph\">{\"@context\":\"https:\/\/schema.org\",\"@graph\":[{\"@type\":\"WebPage\",\"@id\":\"https:\/\/www.insel-moen.de\/cs\/pamatky-a-aktivity-na-moenu\/objevte-geocentrum-moens-klint-brana-do-minulosti\/\",\"url\":\"https:\/\/www.insel-moen.de\/cs\/pamatky-a-aktivity-na-moenu\/objevte-geocentrum-moens-klint-brana-do-minulosti\/\",\"name\":\"Objevte GeoCentrum M\u00f8ns Klint: Br\u00e1na do minulosti\",\"isPartOf\":{\"@id\":\"https:\/\/www.insel-moen.de\/cs\/#website\"},\"primaryImageOfPage\":{\"@id\":\"https:\/\/www.insel-moen.de\/cs\/pamatky-a-aktivity-na-moenu\/objevte-geocentrum-moens-klint-brana-do-minulosti\/#primaryimage\"},\"image\":{\"@id\":\"https:\/\/www.insel-moen.de\/cs\/pamatky-a-aktivity-na-moenu\/objevte-geocentrum-moens-klint-brana-do-minulosti\/#primaryimage\"},\"thumbnailUrl\":\"https:\/\/www.insel-moen.de\/wp-content\/uploads\/2024\/03\/geocenter-moens-klint-1.jpg\",\"datePublished\":\"2024-05-16T08:16:33+00:00\",\"dateModified\":\"2024-05-16T08:17:43+00:00\",\"breadcrumb\":{\"@id\":\"https:\/\/www.insel-moen.de\/cs\/pamatky-a-aktivity-na-moenu\/objevte-geocentrum-moens-klint-brana-do-minulosti\/#breadcrumb\"},\"inLanguage\":\"cs\",\"potentialAction\":[{\"@type\":\"ReadAction\",\"target\":[\"https:\/\/www.insel-moen.de\/cs\/pamatky-a-aktivity-na-moenu\/objevte-geocentrum-moens-klint-brana-do-minulosti\/\"]}]},{\"@type\":\"ImageObject\",\"inLanguage\":\"cs\",\"@id\":\"https:\/\/www.insel-moen.de\/cs\/pamatky-a-aktivity-na-moenu\/objevte-geocentrum-moens-klint-brana-do-minulosti\/#primaryimage\",\"url\":\"https:\/\/www.insel-moen.de\/wp-content\/uploads\/2024\/03\/geocenter-moens-klint-1.jpg\",\"contentUrl\":\"https:\/\/www.insel-moen.de\/wp-content\/uploads\/2024\/03\/geocenter-moens-klint-1.jpg\",\"width\":2332,\"height\":1196},{\"@type\":\"BreadcrumbList\",\"@id\":\"https:\/\/www.insel-moen.de\/cs\/pamatky-a-aktivity-na-moenu\/objevte-geocentrum-moens-klint-brana-do-minulosti\/#breadcrumb\",\"itemListElement\":[{\"@type\":\"ListItem\",\"position\":1,\"name\":\"Startseite\",\"item\":\"https:\/\/www.insel-moen.de\/cs\/vitejte-na-ostrove-moen\/\"},{\"@type\":\"ListItem\",\"position\":2,\"name\":\"Pam\u00e1tky a aktivity na M\u00f8nu\",\"item\":\"https:\/\/www.insel-moen.de\/cs\/pamatky-a-aktivity-na-moenu\/\"},{\"@type\":\"ListItem\",\"position\":3,\"name\":\"Objevte GeoCentrum M\u00f8ns Klint: Br\u00e1na do minulosti\"}]},{\"@type\":\"WebSite\",\"@id\":\"https:\/\/www.insel-moen.de\/cs\/#website\",\"url\":\"https:\/\/www.insel-moen.de\/cs\/\",\"name\":\"Insel M\u00f6n\",\"description\":\"INSEL M\u00d6N - Urlaub in der D\u00e4nischen S\u00fcdsee\",\"publisher\":{\"@id\":\"https:\/\/www.insel-moen.de\/cs\/#organization\"},\"potentialAction\":[{\"@type\":\"SearchAction\",\"target\":{\"@type\":\"EntryPoint\",\"urlTemplate\":\"https:\/\/www.insel-moen.de\/cs\/?s={search_term_string}\"},\"query-input\":{\"@type\":\"PropertyValueSpecification\",\"valueRequired\":true,\"valueName\":\"search_term_string\"}}],\"inLanguage\":\"cs\"},{\"@type\":\"Organization\",\"@id\":\"https:\/\/www.insel-moen.de\/cs\/#organization\",\"name\":\"www.insel-moen.de\",\"url\":\"https:\/\/www.insel-moen.de\/cs\/\",\"logo\":{\"@type\":\"ImageObject\",\"inLanguage\":\"cs\",\"@id\":\"https:\/\/www.insel-moen.de\/cs\/#\/schema\/logo\/image\/\",\"url\":\"https:\/\/www.insel-moen.de\/wp-content\/uploads\/2023\/08\/cropped-daenemark-logo-neu-klein.png\",\"contentUrl\":\"https:\/\/www.insel-moen.de\/wp-content\/uploads\/2023\/08\/cropped-daenemark-logo-neu-klein.png\",\"width\":100,\"height\":101,\"caption\":\"www.insel-moen.de\"},\"image\":{\"@id\":\"https:\/\/www.insel-moen.de\/cs\/#\/schema\/logo\/image\/\"}}]}<\/script>\n<!-- \/ Yoast SEO plugin. -->","yoast_head_json":{"title":"Objevte GeoCentrum M\u00f8ns Klint: Br\u00e1na do minulosti","robots":{"index":"index","follow":"follow","max-snippet":"max-snippet:-1","max-image-preview":"max-image-preview:large","max-video-preview":"max-video-preview:-1"},"canonical":"https:\/\/www.insel-moen.de\/cs\/pamatky-a-aktivity-na-moenu\/objevte-geocentrum-moens-klint-brana-do-minulosti\/","og_locale":"cs_CZ","og_type":"article","og_title":"Objevte GeoCentrum M\u00f8ns Klint: Br\u00e1na do minulosti","og_description":"GeoCentrum M\u00f8ns Klint je nejen atrakc\u00ed pro milovn\u00edky p\u0159\u00edrody a historie, ale tak\u00e9 sv\u011bdectv\u00edm o hlubok\u00e9m spojen\u00ed \u010dlov\u011bka se zem\u00ed. Nach\u00e1z\u00ed se u \u00fachvatn\u00fdch k\u0159\u00eddov\u00fdch \u00fates\u016f M\u00f8n a nab\u00edz\u00ed jedine\u010dnou kombinaci vzd\u011bl\u00e1v\u00e1n\u00ed, dobrodru\u017estv\u00ed a p\u0159\u00edrodn\u00edch kr\u00e1s. Pohled do GeoCentra GeoCenter M\u00f8ns Klint slou\u017e\u00ed jako \u017eiv\u00e9 muzeum, kter\u00e9 interaktivn\u00ed formou p\u0159ibli\u017euje geologick\u00e9 z\u00e1zraky Zem\u011b a historii [&hellip;]","og_url":"https:\/\/www.insel-moen.de\/cs\/pamatky-a-aktivity-na-moenu\/objevte-geocentrum-moens-klint-brana-do-minulosti\/","og_site_name":"Insel M\u00f6n","article_modified_time":"2024-05-16T08:17:43+00:00","og_image":[{"width":1024,"height":525,"url":"https:\/\/www.insel-moen.de\/wp-content\/uploads\/2024\/03\/geocenter-moens-klint-1-1024x525.jpg","type":"image\/jpeg"}],"twitter_card":"summary_large_image","twitter_misc":{"Odhadovan\u00e1 doba \u010dten\u00ed":"3 minuty"},"schema":{"@context":"https:\/\/schema.org","@graph":[{"@type":"WebPage","@id":"https:\/\/www.insel-moen.de\/cs\/pamatky-a-aktivity-na-moenu\/objevte-geocentrum-moens-klint-brana-do-minulosti\/","url":"https:\/\/www.insel-moen.de\/cs\/pamatky-a-aktivity-na-moenu\/objevte-geocentrum-moens-klint-brana-do-minulosti\/","name":"Objevte GeoCentrum M\u00f8ns Klint: Br\u00e1na do minulosti","isPartOf":{"@id":"https:\/\/www.insel-moen.de\/cs\/#website"},"primaryImageOfPage":{"@id":"https:\/\/www.insel-moen.de\/cs\/pamatky-a-aktivity-na-moenu\/objevte-geocentrum-moens-klint-brana-do-minulosti\/#primaryimage"},"image":{"@id":"https:\/\/www.insel-moen.de\/cs\/pamatky-a-aktivity-na-moenu\/objevte-geocentrum-moens-klint-brana-do-minulosti\/#primaryimage"},"thumbnailUrl":"https:\/\/www.insel-moen.de\/wp-content\/uploads\/2024\/03\/geocenter-moens-klint-1.jpg","datePublished":"2024-05-16T08:16:33+00:00","dateModified":"2024-05-16T08:17:43+00:00","breadcrumb":{"@id":"https:\/\/www.insel-moen.de\/cs\/pamatky-a-aktivity-na-moenu\/objevte-geocentrum-moens-klint-brana-do-minulosti\/#breadcrumb"},"inLanguage":"cs","potentialAction":[{"@type":"ReadAction","target":["https:\/\/www.insel-moen.de\/cs\/pamatky-a-aktivity-na-moenu\/objevte-geocentrum-moens-klint-brana-do-minulosti\/"]}]},{"@type":"ImageObject","inLanguage":"cs","@id":"https:\/\/www.insel-moen.de\/cs\/pamatky-a-aktivity-na-moenu\/objevte-geocentrum-moens-klint-brana-do-minulosti\/#primaryimage","url":"https:\/\/www.insel-moen.de\/wp-content\/uploads\/2024\/03\/geocenter-moens-klint-1.jpg","contentUrl":"https:\/\/www.insel-moen.de\/wp-content\/uploads\/2024\/03\/geocenter-moens-klint-1.jpg","width":2332,"height":1196},{"@type":"BreadcrumbList","@id":"https:\/\/www.insel-moen.de\/cs\/pamatky-a-aktivity-na-moenu\/objevte-geocentrum-moens-klint-brana-do-minulosti\/#breadcrumb","itemListElement":[{"@type":"ListItem","position":1,"name":"Startseite","item":"https:\/\/www.insel-moen.de\/cs\/vitejte-na-ostrove-moen\/"},{"@type":"ListItem","position":2,"name":"Pam\u00e1tky a aktivity na M\u00f8nu","item":"https:\/\/www.insel-moen.de\/cs\/pamatky-a-aktivity-na-moenu\/"},{"@type":"ListItem","position":3,"name":"Objevte GeoCentrum M\u00f8ns Klint: Br\u00e1na do minulosti"}]},{"@type":"WebSite","@id":"https:\/\/www.insel-moen.de\/cs\/#website","url":"https:\/\/www.insel-moen.de\/cs\/","name":"Insel M\u00f6n","description":"INSEL M\u00d6N - Urlaub in der D\u00e4nischen S\u00fcdsee","publisher":{"@id":"https:\/\/www.insel-moen.de\/cs\/#organization"},"potentialAction":[{"@type":"SearchAction","target":{"@type":"EntryPoint","urlTemplate":"https:\/\/www.insel-moen.de\/cs\/?s={search_term_string}"},"query-input":{"@type":"PropertyValueSpecification","valueRequired":true,"valueName":"search_term_string"}}],"inLanguage":"cs"},{"@type":"Organization","@id":"https:\/\/www.insel-moen.de\/cs\/#organization","name":"www.insel-moen.de","url":"https:\/\/www.insel-moen.de\/cs\/","logo":{"@type":"ImageObject","inLanguage":"cs","@id":"https:\/\/www.insel-moen.de\/cs\/#\/schema\/logo\/image\/","url":"https:\/\/www.insel-moen.de\/wp-content\/uploads\/2023\/08\/cropped-daenemark-logo-neu-klein.png","contentUrl":"https:\/\/www.insel-moen.de\/wp-content\/uploads\/2023\/08\/cropped-daenemark-logo-neu-klein.png","width":100,"height":101,"caption":"www.insel-moen.de"},"image":{"@id":"https:\/\/www.insel-moen.de\/cs\/#\/schema\/logo\/image\/"}}]}},"_links":{"self":[{"href":"https:\/\/www.insel-moen.de\/cs\/wp-json\/wp\/v2\/pages\/8010","targetHints":{"allow":["GET"]}}],"collection":[{"href":"https:\/\/www.insel-moen.de\/cs\/wp-json\/wp\/v2\/pages"}],"about":[{"href":"https:\/\/www.insel-moen.de\/cs\/wp-json\/wp\/v2\/types\/page"}],"author":[{"embeddable":true,"href":"https:\/\/www.insel-moen.de\/cs\/wp-json\/wp\/v2\/users\/3"}],"replies":[{"embeddable":true,"href":"https:\/\/www.insel-moen.de\/cs\/wp-json\/wp\/v2\/comments?post=8010"}],"version-history":[{"count":4,"href":"https:\/\/www.insel-moen.de\/cs\/wp-json\/wp\/v2\/pages\/8010\/revisions"}],"predecessor-version":[{"id":8401,"href":"https:\/\/www.insel-moen.de\/cs\/wp-json\/wp\/v2\/pages\/8010\/revisions\/8401"}],"up":[{"embeddable":true,"href":"https:\/\/www.insel-moen.de\/cs\/wp-json\/wp\/v2\/pages\/8400"}],"wp:featuredmedia":[{"embeddable":true,"href":"https:\/\/www.insel-moen.de\/cs\/wp-json\/wp\/v2\/media\/8027"}],"wp:attachment":[{"href":"https:\/\/www.insel-moen.de\/cs\/wp-json\/wp\/v2\/media?parent=8010"}],"curies":[{"name":"wp","href":"https:\/\/api.w.org\/{rel}","templated":true}]}}