{"id":7908,"date":"2024-05-16T08:16:22","date_gmt":"2024-05-16T08:16:22","guid":{"rendered":"https:\/\/www.insel-moen.de\/nygammelsoe-bed-breakfast\/"},"modified":"2024-05-16T08:16:33","modified_gmt":"2024-05-16T08:16:33","slug":"nygammelsoe-bed-breakfast","status":"publish","type":"page","link":"https:\/\/www.insel-moen.de\/cs\/nygammelsoe-bed-breakfast\/","title":{"rendered":"NyGammels\u00f8 Bed &amp; Breakfast"},"content":{"rendered":"\n<p>NyGammels\u00f8 Bed &amp; Breakfast se nach\u00e1z\u00ed v b\u00fdval\u00e9m pe\u010dovatelsk\u00e9m dom\u011b v rozlehl\u00e9 zahrad\u011b p\u0159ipom\u00ednaj\u00edc\u00ed park se spoustou m\u00edst k posezen\u00ed. K dispozici je dostatek prostoru pro aktivity a odpo\u010dinek, nap\u0159\u00edklad d\u011btsk\u00e9 h\u0159i\u0161t\u011b, n\u011bkolik chr\u00e1n\u011bn\u00fdch z\u00e1kout\u00ed a dostatek prostoru pro aktivity a odpo\u010dinek a\u017e pro p\u011bt osob.<\/p>\n\n<figure class=\"wp-block-image size-large\"><a href=\"https:\/\/www.insel-moen.de\/wp-content\/uploads\/2023\/04\/nygammelsoe-bed-and-breaktfast-1024x768.jpg\"><img loading=\"lazy\" decoding=\"async\" width=\"1024\" height=\"768\" src=\"https:\/\/www.insel-moen.de\/wp-content\/uploads\/2023\/04\/nygammelsoe-bed-and-breaktfast-1024x768.jpg\" alt=\"\" class=\"wp-image-1099\" srcset=\"https:\/\/www.insel-moen.de\/wp-content\/uploads\/2023\/04\/nygammelsoe-bed-and-breaktfast-1024x768.jpg 1024w, https:\/\/www.insel-moen.de\/wp-content\/uploads\/2023\/04\/nygammelsoe-bed-and-breaktfast-300x225.jpg 300w, https:\/\/www.insel-moen.de\/wp-content\/uploads\/2023\/04\/nygammelsoe-bed-and-breaktfast-768x576.jpg 768w, https:\/\/www.insel-moen.de\/wp-content\/uploads\/2023\/04\/nygammelsoe-bed-and-breaktfast-810x608.jpg 810w, https:\/\/www.insel-moen.de\/wp-content\/uploads\/2023\/04\/nygammelsoe-bed-and-breaktfast.jpg 1200w\" sizes=\"auto, (max-width: 1024px) 100vw, 1024px\" \/><\/a><\/figure>\n<p>Zahradou za farmou vede turistick\u00e1 stezka Cam\u00f8noen a Ny Gammels\u00f8 je jednou z dev\u00edti ofici\u00e1ln\u00edch &#8220;p\u0159est\u00e1vek Cam\u00f8noen&#8221; na trase, tak\u017ee se zde m\u016f\u017eete kdykoli ob\u010derstvit, i kdy\u017e zde nebudete nocovat. V t\u011bsn\u00e9 bl\u00edzkosti se nach\u00e1z\u00ed tak\u00e9 cyklostezka Berl\u00edn-Koda\u0148, kter\u00e1 je ide\u00e1ln\u00ed zast\u00e1vkou pro v\u0161echny, kdo cht\u011bj\u00ed objevovat tuto oblast ze sedla kola.<\/p>\n\n<p>V hotelu NyGammels\u00f8 se m\u016f\u017eete t\u011b\u0161it mimo jin\u00e9 na sn\u00eddani formou bufetu s dom\u00e1c\u00edm chlebem a marmel\u00e1dami. M\u016f\u017eete si tak\u00e9 koupit ob\u011bdov\u00e9 bal\u00ed\u010dky s sebou nebo hotov\u00e1 j\u00eddla, kter\u00e1 si m\u016f\u017eete sami oh\u0159\u00e1t ve spole\u010dn\u00e9 kuchyni.<\/p>\n\n<p>Penzion NyGammels\u00f8 je dr\u017eitelem certifik\u00e1tu &#8220;Dark Sky&#8221;, co\u017e znamen\u00e1, \u017ee m\u00e1te jedine\u010dnou p\u0159\u00edle\u017eitost pozorovat hv\u011bzdnou oblohu nad M\u00f8nem. Na zahrad\u011b je dokonce mal\u00e1 hv\u011bzd\u00e1rna, kde si m\u016f\u017eete rozlo\u017eit leh\u00e1tko a p\u016fj\u010dit si dalekohled, abyste si mohli opravdu vychutnat pohled na hv\u011bzdnou oblohu M\u00f8nu.<\/p>\n\n<div class=\"wp-block-buttons is-layout-flex wp-block-buttons-is-layout-flex\">\n<div class=\"wp-block-button\"><a class=\"wp-block-button__link\" href=\"\" target=\"_blank\" rel=\"noreferrer noopener\">Ov\u011b\u0159it dostupnost<\/a><\/div>\n<\/div>\n","protected":false},"excerpt":{"rendered":"<p>NyGammels\u00f8 Bed &amp; Breakfast se nach\u00e1z\u00ed v b\u00fdval\u00e9m pe\u010dovatelsk\u00e9m dom\u011b v rozlehl\u00e9 zahrad\u011b p\u0159ipom\u00ednaj\u00edc\u00ed park se spoustou m\u00edst k posezen\u00ed. K dispozici je dostatek prostoru pro aktivity a odpo\u010dinek, nap\u0159\u00edklad d\u011btsk\u00e9 h\u0159i\u0161t\u011b, n\u011bkolik chr\u00e1n\u011bn\u00fdch z\u00e1kout\u00ed a dostatek prostoru pro aktivity a odpo\u010dinek a\u017e pro p\u011bt osob. Zahradou za farmou vede turistick\u00e1 stezka Cam\u00f8noen a Ny [&hellip;]<\/p>\n","protected":false},"author":3,"featured_media":0,"parent":0,"menu_order":0,"comment_status":"closed","ping_status":"closed","template":"templates\/template-full-width.php","meta":{"footnotes":""},"class_list":["post-7908","page","type-page","status-publish","hentry"],"yoast_head":"<!-- This site is optimized with the Yoast SEO plugin v24.5 - https:\/\/yoast.com\/wordpress\/plugins\/seo\/ -->\n<title>NyGammels\u00f8 Bed &amp; Breakfast - Insel M\u00f6n<\/title>\n<meta name=\"robots\" content=\"index, follow, max-snippet:-1, max-image-preview:large, max-video-preview:-1\" \/>\n<link rel=\"canonical\" href=\"https:\/\/www.insel-moen.de\/cs\/nygammelsoe-bed-breakfast\/\" \/>\n<meta property=\"og:locale\" content=\"cs_CZ\" \/>\n<meta property=\"og:type\" content=\"article\" \/>\n<meta property=\"og:title\" content=\"NyGammels\u00f8 Bed &amp; Breakfast - Insel M\u00f6n\" \/>\n<meta property=\"og:description\" content=\"NyGammels\u00f8 Bed &amp; Breakfast se nach\u00e1z\u00ed v b\u00fdval\u00e9m pe\u010dovatelsk\u00e9m dom\u011b v rozlehl\u00e9 zahrad\u011b p\u0159ipom\u00ednaj\u00edc\u00ed park se spoustou m\u00edst k posezen\u00ed. K dispozici je dostatek prostoru pro aktivity a odpo\u010dinek, nap\u0159\u00edklad d\u011btsk\u00e9 h\u0159i\u0161t\u011b, n\u011bkolik chr\u00e1n\u011bn\u00fdch z\u00e1kout\u00ed a dostatek prostoru pro aktivity a odpo\u010dinek a\u017e pro p\u011bt osob. Zahradou za farmou vede turistick\u00e1 stezka Cam\u00f8noen a Ny [&hellip;]\" \/>\n<meta property=\"og:url\" content=\"https:\/\/www.insel-moen.de\/cs\/nygammelsoe-bed-breakfast\/\" \/>\n<meta property=\"og:site_name\" content=\"Insel M\u00f6n\" \/>\n<meta property=\"article:modified_time\" content=\"2024-05-16T08:16:33+00:00\" \/>\n<meta property=\"og:image\" content=\"https:\/\/www.insel-moen.de\/wp-content\/uploads\/2023\/04\/nygammelsoe-bed-and-breaktfast-1024x768.jpg\" \/>\n<meta name=\"twitter:card\" content=\"summary_large_image\" \/>\n<meta name=\"twitter:label1\" content=\"Odhadovan\u00e1 doba \u010dten\u00ed\" \/>\n\t<meta name=\"twitter:data1\" content=\"1 minuta\" \/>\n<script type=\"application\/ld+json\" class=\"yoast-schema-graph\">{\"@context\":\"https:\/\/schema.org\",\"@graph\":[{\"@type\":\"WebPage\",\"@id\":\"https:\/\/www.insel-moen.de\/cs\/nygammelsoe-bed-breakfast\/\",\"url\":\"https:\/\/www.insel-moen.de\/cs\/nygammelsoe-bed-breakfast\/\",\"name\":\"NyGammels\u00f8 Bed &amp; Breakfast - Insel M\u00f6n\",\"isPartOf\":{\"@id\":\"https:\/\/www.insel-moen.de\/cs\/#website\"},\"primaryImageOfPage\":{\"@id\":\"https:\/\/www.insel-moen.de\/cs\/nygammelsoe-bed-breakfast\/#primaryimage\"},\"image\":{\"@id\":\"https:\/\/www.insel-moen.de\/cs\/nygammelsoe-bed-breakfast\/#primaryimage\"},\"thumbnailUrl\":\"https:\/\/www.insel-moen.de\/wp-content\/uploads\/2023\/04\/nygammelsoe-bed-and-breaktfast-1024x768.jpg\",\"datePublished\":\"2024-05-16T08:16:22+00:00\",\"dateModified\":\"2024-05-16T08:16:33+00:00\",\"breadcrumb\":{\"@id\":\"https:\/\/www.insel-moen.de\/cs\/nygammelsoe-bed-breakfast\/#breadcrumb\"},\"inLanguage\":\"cs\",\"potentialAction\":[{\"@type\":\"ReadAction\",\"target\":[\"https:\/\/www.insel-moen.de\/cs\/nygammelsoe-bed-breakfast\/\"]}]},{\"@type\":\"ImageObject\",\"inLanguage\":\"cs\",\"@id\":\"https:\/\/www.insel-moen.de\/cs\/nygammelsoe-bed-breakfast\/#primaryimage\",\"url\":\"https:\/\/www.insel-moen.de\/wp-content\/uploads\/2023\/04\/nygammelsoe-bed-and-breaktfast-1024x768.jpg\",\"contentUrl\":\"https:\/\/www.insel-moen.de\/wp-content\/uploads\/2023\/04\/nygammelsoe-bed-and-breaktfast-1024x768.jpg\"},{\"@type\":\"BreadcrumbList\",\"@id\":\"https:\/\/www.insel-moen.de\/cs\/nygammelsoe-bed-breakfast\/#breadcrumb\",\"itemListElement\":[{\"@type\":\"ListItem\",\"position\":1,\"name\":\"Startseite\",\"item\":\"https:\/\/www.insel-moen.de\/cs\/vitejte-na-ostrove-moen\/\"},{\"@type\":\"ListItem\",\"position\":2,\"name\":\"NyGammels\u00f8 Bed &amp; Breakfast\"}]},{\"@type\":\"WebSite\",\"@id\":\"https:\/\/www.insel-moen.de\/cs\/#website\",\"url\":\"https:\/\/www.insel-moen.de\/cs\/\",\"name\":\"Insel M\u00f6n\",\"description\":\"INSEL M\u00d6N - Urlaub in der D\u00e4nischen S\u00fcdsee\",\"publisher\":{\"@id\":\"https:\/\/www.insel-moen.de\/cs\/#organization\"},\"potentialAction\":[{\"@type\":\"SearchAction\",\"target\":{\"@type\":\"EntryPoint\",\"urlTemplate\":\"https:\/\/www.insel-moen.de\/cs\/?s={search_term_string}\"},\"query-input\":{\"@type\":\"PropertyValueSpecification\",\"valueRequired\":true,\"valueName\":\"search_term_string\"}}],\"inLanguage\":\"cs\"},{\"@type\":\"Organization\",\"@id\":\"https:\/\/www.insel-moen.de\/cs\/#organization\",\"name\":\"www.insel-moen.de\",\"url\":\"https:\/\/www.insel-moen.de\/cs\/\",\"logo\":{\"@type\":\"ImageObject\",\"inLanguage\":\"cs\",\"@id\":\"https:\/\/www.insel-moen.de\/cs\/#\/schema\/logo\/image\/\",\"url\":\"https:\/\/www.insel-moen.de\/wp-content\/uploads\/2023\/08\/cropped-daenemark-logo-neu-klein.png\",\"contentUrl\":\"https:\/\/www.insel-moen.de\/wp-content\/uploads\/2023\/08\/cropped-daenemark-logo-neu-klein.png\",\"width\":100,\"height\":101,\"caption\":\"www.insel-moen.de\"},\"image\":{\"@id\":\"https:\/\/www.insel-moen.de\/cs\/#\/schema\/logo\/image\/\"}}]}<\/script>\n<!-- \/ Yoast SEO plugin. -->","yoast_head_json":{"title":"NyGammels\u00f8 Bed &amp; Breakfast - Insel M\u00f6n","robots":{"index":"index","follow":"follow","max-snippet":"max-snippet:-1","max-image-preview":"max-image-preview:large","max-video-preview":"max-video-preview:-1"},"canonical":"https:\/\/www.insel-moen.de\/cs\/nygammelsoe-bed-breakfast\/","og_locale":"cs_CZ","og_type":"article","og_title":"NyGammels\u00f8 Bed &amp; Breakfast - Insel M\u00f6n","og_description":"NyGammels\u00f8 Bed &amp; Breakfast se nach\u00e1z\u00ed v b\u00fdval\u00e9m pe\u010dovatelsk\u00e9m dom\u011b v rozlehl\u00e9 zahrad\u011b p\u0159ipom\u00ednaj\u00edc\u00ed park se spoustou m\u00edst k posezen\u00ed. K dispozici je dostatek prostoru pro aktivity a odpo\u010dinek, nap\u0159\u00edklad d\u011btsk\u00e9 h\u0159i\u0161t\u011b, n\u011bkolik chr\u00e1n\u011bn\u00fdch z\u00e1kout\u00ed a dostatek prostoru pro aktivity a odpo\u010dinek a\u017e pro p\u011bt osob. Zahradou za farmou vede turistick\u00e1 stezka Cam\u00f8noen a Ny [&hellip;]","og_url":"https:\/\/www.insel-moen.de\/cs\/nygammelsoe-bed-breakfast\/","og_site_name":"Insel M\u00f6n","article_modified_time":"2024-05-16T08:16:33+00:00","og_image":[{"url":"https:\/\/www.insel-moen.de\/wp-content\/uploads\/2023\/04\/nygammelsoe-bed-and-breaktfast-1024x768.jpg","type":"","width":"","height":""}],"twitter_card":"summary_large_image","twitter_misc":{"Odhadovan\u00e1 doba \u010dten\u00ed":"1 minuta"},"schema":{"@context":"https:\/\/schema.org","@graph":[{"@type":"WebPage","@id":"https:\/\/www.insel-moen.de\/cs\/nygammelsoe-bed-breakfast\/","url":"https:\/\/www.insel-moen.de\/cs\/nygammelsoe-bed-breakfast\/","name":"NyGammels\u00f8 Bed &amp; Breakfast - Insel M\u00f6n","isPartOf":{"@id":"https:\/\/www.insel-moen.de\/cs\/#website"},"primaryImageOfPage":{"@id":"https:\/\/www.insel-moen.de\/cs\/nygammelsoe-bed-breakfast\/#primaryimage"},"image":{"@id":"https:\/\/www.insel-moen.de\/cs\/nygammelsoe-bed-breakfast\/#primaryimage"},"thumbnailUrl":"https:\/\/www.insel-moen.de\/wp-content\/uploads\/2023\/04\/nygammelsoe-bed-and-breaktfast-1024x768.jpg","datePublished":"2024-05-16T08:16:22+00:00","dateModified":"2024-05-16T08:16:33+00:00","breadcrumb":{"@id":"https:\/\/www.insel-moen.de\/cs\/nygammelsoe-bed-breakfast\/#breadcrumb"},"inLanguage":"cs","potentialAction":[{"@type":"ReadAction","target":["https:\/\/www.insel-moen.de\/cs\/nygammelsoe-bed-breakfast\/"]}]},{"@type":"ImageObject","inLanguage":"cs","@id":"https:\/\/www.insel-moen.de\/cs\/nygammelsoe-bed-breakfast\/#primaryimage","url":"https:\/\/www.insel-moen.de\/wp-content\/uploads\/2023\/04\/nygammelsoe-bed-and-breaktfast-1024x768.jpg","contentUrl":"https:\/\/www.insel-moen.de\/wp-content\/uploads\/2023\/04\/nygammelsoe-bed-and-breaktfast-1024x768.jpg"},{"@type":"BreadcrumbList","@id":"https:\/\/www.insel-moen.de\/cs\/nygammelsoe-bed-breakfast\/#breadcrumb","itemListElement":[{"@type":"ListItem","position":1,"name":"Startseite","item":"https:\/\/www.insel-moen.de\/cs\/vitejte-na-ostrove-moen\/"},{"@type":"ListItem","position":2,"name":"NyGammels\u00f8 Bed &amp; Breakfast"}]},{"@type":"WebSite","@id":"https:\/\/www.insel-moen.de\/cs\/#website","url":"https:\/\/www.insel-moen.de\/cs\/","name":"Insel M\u00f6n","description":"INSEL M\u00d6N - Urlaub in der D\u00e4nischen S\u00fcdsee","publisher":{"@id":"https:\/\/www.insel-moen.de\/cs\/#organization"},"potentialAction":[{"@type":"SearchAction","target":{"@type":"EntryPoint","urlTemplate":"https:\/\/www.insel-moen.de\/cs\/?s={search_term_string}"},"query-input":{"@type":"PropertyValueSpecification","valueRequired":true,"valueName":"search_term_string"}}],"inLanguage":"cs"},{"@type":"Organization","@id":"https:\/\/www.insel-moen.de\/cs\/#organization","name":"www.insel-moen.de","url":"https:\/\/www.insel-moen.de\/cs\/","logo":{"@type":"ImageObject","inLanguage":"cs","@id":"https:\/\/www.insel-moen.de\/cs\/#\/schema\/logo\/image\/","url":"https:\/\/www.insel-moen.de\/wp-content\/uploads\/2023\/08\/cropped-daenemark-logo-neu-klein.png","contentUrl":"https:\/\/www.insel-moen.de\/wp-content\/uploads\/2023\/08\/cropped-daenemark-logo-neu-klein.png","width":100,"height":101,"caption":"www.insel-moen.de"},"image":{"@id":"https:\/\/www.insel-moen.de\/cs\/#\/schema\/logo\/image\/"}}]}},"_links":{"self":[{"href":"https:\/\/www.insel-moen.de\/cs\/wp-json\/wp\/v2\/pages\/7908","targetHints":{"allow":["GET"]}}],"collection":[{"href":"https:\/\/www.insel-moen.de\/cs\/wp-json\/wp\/v2\/pages"}],"about":[{"href":"https:\/\/www.insel-moen.de\/cs\/wp-json\/wp\/v2\/types\/page"}],"author":[{"embeddable":true,"href":"https:\/\/www.insel-moen.de\/cs\/wp-json\/wp\/v2\/users\/3"}],"replies":[{"embeddable":true,"href":"https:\/\/www.insel-moen.de\/cs\/wp-json\/wp\/v2\/comments?post=7908"}],"version-history":[{"count":3,"href":"https:\/\/www.insel-moen.de\/cs\/wp-json\/wp\/v2\/pages\/7908\/revisions"}],"predecessor-version":[{"id":8006,"href":"https:\/\/www.insel-moen.de\/cs\/wp-json\/wp\/v2\/pages\/7908\/revisions\/8006"}],"wp:attachment":[{"href":"https:\/\/www.insel-moen.de\/cs\/wp-json\/wp\/v2\/media?parent=7908"}],"curies":[{"name":"wp","href":"https:\/\/api.w.org\/{rel}","templated":true}]}}